{"id":16208,"date":"2022-10-17T14:01:47","date_gmt":"2022-10-17T12:01:47","guid":{"rendered":"https:\/\/mondevanille.com\/datenschutzrichtlinie-2\/"},"modified":"2023-10-19T14:45:00","modified_gmt":"2023-10-19T12:45:00","slug":"datenschutzrichtlinie","status":"publish","type":"page","link":"https:\/\/mondevanille.com\/de\/datenschutzrichtlinie\/","title":{"rendered":"Datenschutzrichtlinie"},"content":{"rendered":"\t\t<div data-elementor-type=\"wp-page\" data-elementor-id=\"16208\" class=\"elementor elementor-16208 elementor-16102\" data-elementor-post-type=\"page\">\n\t\t\t\t<div class=\"elementor-element elementor-element-3c06490 e-flex e-con-boxed e-con e-parent\" data-id=\"3c06490\" data-element_type=\"container\" data-e-type=\"container\">\n\t\t\t\t\t<div class=\"e-con-inner\">\n\t\t\t\t<div class=\"elementor-element elementor-element-3ec2686 elementor-widget elementor-widget-text-editor\" data-id=\"3ec2686\" data-element_type=\"widget\" data-e-type=\"widget\" data-widget_type=\"text-editor.default\">\n\t\t\t\t<div class=\"elementor-widget-container\">\n\t\t\t\t\t\t\t\t\t<p>1. F\u00fcr die Datenverarbeitung verantwortliche Stelle<\/p>\n<p style=\"padding-left: 40px;\">Die Welt der Vanille<\/p>\n<p style=\"padding-left: 40px;\">Herr AUBRUN Bruno ist Pr\u00e4sident des Unternehmens Le Monde de la Vanille.<\/p>\n<p style=\"padding-left: 40px;\">Der Hauptsitz dieses Unternehmens befindet sich derzeit in Le Clos des Perdrix 76700 GAINNEVILLE.<\/p>\n<p style=\"padding-left: 40px;\">SIRET: 44784534800021<\/p>\n<p><b>Art der personenbezogenen Daten und Zweck der Erhebung<\/b><\/p>\n<p>Die Informationen, die wir \u00fcber diese Website und nach Ihrer Zustimmung sammeln, sind :<\/p>\n<p>2.1. Pers\u00f6nliche Daten, die \u00fcber das Kontaktformular auf unserer Website gesammelt werden:<\/p>\n<p style=\"padding-left: 40px;\">Diese Daten werden ausschlie\u00dflich f\u00fcr die Bearbeitung Ihrer Anfrage verwendet. Die betroffenen Daten sind: Name, Vorname, E-Mail-Adresse, Betreff, Nachricht und andere Daten, die Sie optional angegeben haben.<\/p>\n<p style=\"padding-left: 40px;\">Es ist zu beachten, dass die Nichtbereitstellung dieser Daten die Bearbeitung der Kontaktaufnahme ganz oder teilweise verhindern kann.<\/p>\n<p>2.2. Technische Daten mit pers\u00f6nlichem Charakter<\/p>\n<p style=\"padding-left: 40px;\">Diese Daten sind Sitzungsdaten: Name der aufgerufenen Website, Datum und Uhrzeit des Aufrufs, Menge der \u00fcbertragenen Daten, Browsertyp zus\u00e4tzlich zur Version. Diese Daten dienen statistischen Zwecken, um das Nutzungsverhalten auf unserer Website zu analysieren und deren Betrieb zu optimieren. Auf dieser Website wird Google Analytics als Analysetool verwendet (siehe &#8222;Verwendung von Google Analytics&#8220;).<\/p>\n<p><b>Dauer der Speicherung der gesammelten Daten<\/b><\/p>\n<p>3.1. Pers\u00f6nliche Daten, die \u00fcber das Kontaktformular auf unserer Website gesammelt werden:<\/p>\n<p style=\"padding-left: 40px;\">Die im Rahmen einer Kontaktaufnahme erhobenen personenbezogenen Daten werden f\u00fcr einen Zeitraum von h\u00f6chstens 365 Tagen aufbewahrt, es sei denn, Sie fordern dies an, und nach Ablauf dieser Frist werden sie vernichtet.<\/p>\n<p>3.2. Technische Daten mit pers\u00f6nlichem Charakter<\/p>\n<p style=\"padding-left: 40px;\">Technische personenbezogene Daten werden h\u00f6chstens 365 Tage lang aufbewahrt, es sei denn, Sie haben dies beantragt, und nach Ablauf dieser Frist werden sie vernichtet.<\/p>\n<p><b>Empf\u00e4nger von personenbezogenen Daten<\/b><\/p>\n<p>Die gesammelten pers\u00f6nlichen Daten k\u00f6nnen weitergegeben werden:<\/p>\n<p>4.1. Pers\u00f6nliche Daten, die \u00fcber das Kontaktformular auf unserer Website gesammelt werden:<\/p>\n<p style=\"padding-left: 40px;\">An die Verwaltungsdienste<\/p>\n<p style=\"padding-left: 40px;\">Le Monde de la Vanille, um Sie zu kontaktieren und auf Ihre \u00fcber das Kontaktformular gesendeten Anfragen zu antworten.<\/p>\n<p>4.2. Pers\u00f6nliche Daten, die \u00fcber das Kontaktformular in der Fu\u00dfzeile Ihrer Website gesammelt werden:<\/p>\n<p style=\"padding-left: 40px;\">An die Verwaltungsdienste<\/p>\n<p style=\"padding-left: 40px;\">Le Monde de la Vanille, um Sie zu kontaktieren und auf Ihre \u00fcber das Kontaktformular gesendeten Anfragen zu antworten.<\/p>\n<p>4.3. F\u00fcr technische Daten mit pers\u00f6nlichem Charakter<\/p>\n<p style=\"padding-left: 40px;\">An den Webservice Le Monde de la Vanille, der mit der Verwaltung dieser Website betraut ist, und gegebenenfalls an einen f\u00fcr ihre Nutzung berechtigten Dienstleister. Dieser Anbieter wird die Daten in \u00dcbereinstimmung mit den Bestimmungen der geltenden Vorschriften \u00fcber personenbezogene Daten nutzen.<\/p>\n<p><b>Verwendung von Google Analytics<\/b><\/p>\n<p style=\"padding-left: 40px;\"><span style=\"font-size: 0.875rem; background-color: var(--site-bg-color); color: var(--site-text-color); font-family: var(--site-main-font);\">Google Analytics wird auf<\/span>der Website von Le Monde de la Vanille <span style=\"font-size: 0.875rem; background-color: var(--site-bg-color); color: var(--site-text-color); font-family: var(--site-main-font);\">verwendet<\/span>. Google Analytics ist ein Webanalysedienst, der von Google bereitgestellt wird, um Ihre Nutzung unserer Websites und Dienste besser zu verstehen. Google Analytics sammelt Informationen, z. B. dar\u00fcber, wie oft Nutzer Websites besuchen, welche Seiten sie aufrufen und welche anderen Websites sie vor ihrem Besuch aufgerufen haben. Google verwendet die gesammelten Daten, um die Nutzung der Websites zu verfolgen und zu analysieren, um Berichte \u00fcber die Aktivit\u00e4ten auf den Websites zu erstellen und um die gesammelten Daten mit anderen Google-Diensten zu teilen.<\/p>\n<p style=\"padding-left: 40px;\">Google kann die gesammelten Daten auch verwenden, um den Inhalt in seinen eigenen Werbenetzwerken anzupassen und zu personalisieren.<\/p>\n<p style=\"padding-left: 40px;\">Um die Privatsph\u00e4re zu sch\u00fctzen, ist Google Analytics auf dieser Website so eingestellt, dass nur anonymisierte IP-Adressen (Adressen, bei denen das letzte Oktett vor der Speicherung entfernt wurde) gespeichert werden.<\/p>\n<p style=\"padding-left: 40px;\">Die F\u00e4higkeit von Google, die \u00fcber Google Analytics gesammelten Informationen \u00fcber Ihre Besuche von Websites zu verwenden und weiterzugeben, wird durch die Nutzungsbedingungen f\u00fcr Google Analytics und die Datenschutzrichtlinie von Google eingeschr\u00e4nkt. Google bietet einen Mechanismus an, mit dem man seine Zustimmung im Internet zur\u00fcckziehen kann, verf\u00fcgbar. <a href=\"https:\/\/support.google.com\/analytics\/answer\/9976101?hl=fr\"><br \/>\n  <u>hier<\/u><br \/>\n<\/a>.<\/p>\n<p><b>Verwendung von Cookies<\/b><\/p>\n<p>6.1. Allgemeines<\/p>\n<p style=\"padding-left: 40px;\">Um den Besuchern unserer Website eine gute Benutzererfahrung zu bieten und die Nutzung bestimmter Funktionen zu erm\u00f6glichen, verwenden wir auf einigen Seiten Cookies. Ein Cookie ist eine Datei, die es erm\u00f6glicht, Informationen \u00fcber die Navigation Ihres Computers auf der Website zu speichern (z. B. Anzahl der Besuche, Anzahl der aufgerufenen Seiten &#8230;) und erm\u00f6glicht es insbesondere, Ihre Besuche auf der Website zu erleichtern.<\/p>\n<p style=\"padding-left: 40px;\">Sie k\u00f6nnen jederzeit die auf Ihrem Computer installierten &#8222;Cookies&#8220; l\u00f6schen, sich der Speicherung neuer &#8222;Cookies&#8220; widersetzen und eine Benachrichtigung erhalten, bevor ein neues Cookie installiert wird, indem Sie Ihr Browser-Tool entsprechend konfigurieren.<\/p>\n<p>6.2. Wie konfigurieren Sie Ihren Browser?<\/p>\n<p>Sie haben die M\u00f6glichkeit, Cookies zu deaktivieren, indem Sie die Einstellungen Ihres Browsers aufrufen. Hier sind einige Links zu den g\u00e4ngigsten Browsern, die Ihnen dabei helfen sollen:<\/p>\n<p style=\"padding-left: 40px;\"><u><a href=\"https:\/\/support.google.com\/accounts\/answer\/61416?hl=fr&amp;co=GENIE.Platform%3DAndroid\">Google Chrome<br \/><\/a><a href=\"https:\/\/support.mozilla.org\/fr\/kb\/bloquer-cookies-firefox-focus-android\">Mozilla Firefox<br \/><\/a><a href=\"https:\/\/www.apple.com\/legal\/privacy\/fr-ww\/cookies\/#:~:text=Utilisation%20des%20cookies%20par%20Apple&amp;text=Si%20vous%20souhaitez%20d%C3%A9sactiver%20les,puis%20dans%20la%20section%20Cookies.\">Safari<br \/><\/a><a href=\"https:\/\/www.ionos.fr\/digitalguide\/sites-internet\/creation-de-sites-internet\/supprimer-les-cookies\/\">Opera<\/a><br \/><a href=\"https:\/\/support.microsoft.com\/fr-fr\/microsoft-edge\/supprimer-les-cookies-dans-microsoft-edge-63947406-40ac-c3b8-57b9-2a946a29ae09#:~:text=Dans%20Edge%2C%20s%C3%A9lectionnez%20Param%C3%A8tres%20et%20autres%20%3E%20Param%C3%A8tres%20%3E%20cookies%20et,vous%20souhaitez%20supprimer%20les%20cookies.\">Edge<\/a><\/u><\/p>\n<p>Es ist zu beachten, dass die Nichtzulassung von Cookies die korrekte Funktion der Website https:\/\/www.mondevanille.com\/ ganz oder teilweise verhindern kann.<\/p>\n<p>6.3. Arten der verwendeten Cookies<\/p>\n<p style=\"padding-left: 40px;\">Es werden verschiedene Arten von Cookies verwendet:<\/p>\n<p style=\"padding-left: 40px;\">Cookies, die dazu dienen, Ihren Besuch global zu verwalten: Sitzung, Zugriff auf die Website, angeforderter Dienst und Speicherung Ihrer Wahl bez\u00fcglich Cookies<br \/>Von Dritten angebotene Cookies, die den Zugang zu bestimmten Funktionen erm\u00f6glichen (Kartografie, soziale Netzwerke&#8230;.)<br \/>Cookies f\u00fcr statistische Zwecke.<\/p>\n<p>6.4. Liste der verwendeten Cookies und die Dauer ihrer Speicherung:<\/p>\n<p style=\"padding-left: 40px;\">Konkret verwenden wir die unten aufgelisteten Cookies.<\/p>\n<p style=\"padding-left: 40px;\">Wenn keine L\u00f6schung durch den Nutzer erfolgt, wird das Cookie gespeichert, solange es verwendet wird (siehe Beschreibung in der Tabelle unten). Danach wird es je nach Art des erzeugten Cookies innerhalb eines Zeitraums von 30 bis 365 Tagen automatisch gel\u00f6scht.<\/p>\n<p>Zugriffsrechte auf Ihre personenbezogenen Daten<\/p>\n<p>Gem\u00e4\u00df dem Gesetz \u00fcber Informatik und Freiheit vom 6. Januar 1978 und der EU-Verordnung 2016\/679 vom 27. April 2016 und unter der Voraussetzung, dass Sie Ihre Identit\u00e4t nachweisen k\u00f6nnen und die Bedingungen f\u00fcr diese Rechte erf\u00fcllt sind, k\u00f6nnen Sie Ihre Rechte aus\u00fcben:<\/p>\n<ul>\n<li style=\"list-style-type: none;\">\n<ul>\n<li>Zugang ;<\/li>\n<li>Berichtigung ;<\/li>\n<li>L\u00f6schen ;<\/li>\n<li>begrenzen ;<\/li>\n<li>Portabilit\u00e4t ;<\/li>\n<li>L\u00f6schung Ihrer pers\u00f6nlichen Daten ;<\/li>\n<li>Ihre Einwilligung jederzeit zu widerrufen, ohne die Rechtm\u00e4\u00dfigkeit der Verarbeitung auf der Grundlage der Einwilligung zu beeintr\u00e4chtigen, die vor dem Widerruf der Einwilligung erfolgt ist.<\/li>\n<\/ul>\n<\/li>\n<\/ul>\n<p>Alle Ihre Rechte k\u00f6nnen Sie bei unserer Datenschutzbeauftragten unter folgender Adresse geltend machen: <a href=\"mailto:donneespersonnelles@mondevanille.com\">donneespersonnelles@mondevanille.com<\/a><\/p>\n<p>Sie haben auch das Recht, eine Beschwerde bei der CNIL einzureichen.<\/p>\n<p><b>Sicherheit<\/b><\/p>\n<p style=\"padding-left: 40px;\">Ihre pers\u00f6nlichen Daten werden auf Servern gespeichert, die sicher sind, und wir tun unser M\u00f6glichstes, um sie zu sch\u00fctzen. Aber auch wenn die Website von Le Monde de la Vanille das https-Protokoll verwendet, das die Verschl\u00fcsselung der ausgetauschten Daten erm\u00f6glicht, bleibt das Internet ein offenes System. Le Monde de la Vanille kann daher die Sicherheit der Informationen, die Sie uns \u00fcber das Internet \u00fcbermitteln, nicht garantieren und \u00fcbernimmt keine Haftung im Falle einer unrechtm\u00e4\u00dfigen oder betr\u00fcgerischen Nutzung durch unbefugte Dritte.<\/p>\n\t\t\t\t\t\t\t\t<\/div>\n\t\t\t\t<\/div>\n\t\t\t\t\t<\/div>\n\t\t\t\t<\/div>\n\t\t\t\t<\/div>\n\t\t","protected":false},"excerpt":{"rendered":"<p>1. F\u00fcr die Datenverarbeitung verantwortliche Stelle Die Welt der Vanille Herr AUBRUN Bruno ist Pr\u00e4sident des Unternehmens Le Monde de la Vanille. Der Hauptsitz dieses Unternehmens befindet sich derzeit in Le Clos des Perdrix 76700 GAINNEVILLE. SIRET: 44784534800021 Art der personenbezogenen Daten und Zweck der Erhebung Die Informationen, die wir \u00fcber diese Website und nach Ihrer Zustimmung sammeln, sind :\u2026<\/p>\n","protected":false},"author":2,"featured_media":0,"parent":0,"menu_order":0,"comment_status":"closed","ping_status":"closed","template":"","meta":{"footnotes":""},"class_list":["post-16208","page","type-page","status-publish","hentry"],"aioseo_notices":[],"_links":{"self":[{"href":"https:\/\/mondevanille.com\/de\/wp-json\/wp\/v2\/pages\/16208","targetHints":{"allow":["GET"]}}],"collection":[{"href":"https:\/\/mondevanille.com\/de\/wp-json\/wp\/v2\/pages"}],"about":[{"href":"https:\/\/mondevanille.com\/de\/wp-json\/wp\/v2\/types\/page"}],"author":[{"embeddable":true,"href":"https:\/\/mondevanille.com\/de\/wp-json\/wp\/v2\/users\/2"}],"replies":[{"embeddable":true,"href":"https:\/\/mondevanille.com\/de\/wp-json\/wp\/v2\/comments?post=16208"}],"version-history":[{"count":0,"href":"https:\/\/mondevanille.com\/de\/wp-json\/wp\/v2\/pages\/16208\/revisions"}],"wp:attachment":[{"href":"https:\/\/mondevanille.com\/de\/wp-json\/wp\/v2\/media?parent=16208"}],"curies":[{"name":"wp","href":"https:\/\/api.w.org\/{rel}","templated":true}]}}