{"id":55628,"date":"2021-02-04T09:49:27","date_gmt":"2021-02-04T08:49:27","guid":{"rendered":"https:\/\/mondevanille.com\/kit-predefinito-2\/"},"modified":"2024-04-24T16:43:31","modified_gmt":"2024-04-24T14:43:31","slug":"kit-predefinito-2","status":"publish","type":"page","link":"https:\/\/mondevanille.com\/de\/kit-predefinito-2\/","title":{"rendered":"Cookie-Richtlinie (EU)"},"content":{"rendered":"\t\t<div data-elementor-type=\"wp-page\" data-elementor-id=\"55628\" class=\"elementor elementor-55628 elementor-55627\" data-elementor-post-type=\"page\">\n\t\t\t\t<div class=\"elementor-element elementor-element-0e0c54f e-flex e-con-boxed e-con e-parent\" data-id=\"0e0c54f\" data-element_type=\"container\" data-e-type=\"container\">\n\t\t\t\t\t<div class=\"e-con-inner\">\n\t\t\t\t<div class=\"elementor-element elementor-element-e04ce9c elementor-widget elementor-widget-text-editor\" data-id=\"e04ce9c\" data-element_type=\"widget\" data-e-type=\"widget\" data-widget_type=\"text-editor.default\">\n\t\t\t\t<div class=\"elementor-widget-container\">\n\t\t\t\t\t\t\t\t\t<p>Gem\u00e4\u00df den Bestimmungen von Artikel 6-III und 19 des Gesetzes Nr. 2004-575 vom 21. Juni 2004 \u00fcber das Vertrauen in die digitale Wirtschaft, genannt L.C.E.N., wird den Nutzern und Besuchern, nachstehend die &#8222;Website&#8220; genannt, Folgendes zur Kenntnis gegeben<strong>Benutzer&#8220;.<\/strong>auf der Website https:\/\/www.mondevanille.com , im Folgenden &#8222;die&#8220; genannt.<strong>Website<\/strong>&#8222;, die vorliegenden rechtlichen Hinweise.<br \/>Die Verbindung und das Surfen auf der Website durch den Nutzer bedeutet die vollst\u00e4ndige und vorbehaltlose Annahme der vorliegenden rechtlichen Hinweise.<br \/>Diese sind auf der Website unter der Rubrik &#8220; <strong>Rechtliche Hinweise<\/strong> &#8220; zug\u00e4nglich.<\/p>\n<h2>ARTIKEL 1 - DER HERAUSGEBER<\/h2>\n<p>Die Website wird von AROM&#8217;ESSENCE SASU mit einem Kapital von 107700,00 Euro herausgegeben, eingetragen im Handels- und Gesellschaftsregister von Gainneville unter der Nummer 447845348, mit Sitz in ZA LE Clos des Perdrix, Cote des Chataigniers,<br \/>Telefonnummer 0235245220,<br \/>E-Mail-Adresse: contact@mondevanille.com.<br \/>Umsatzsteuer-Identifikationsnummer: FR17447845348<br \/>Der Leiter der Ver\u00f6ffentlichung ist Bruno AUBRUN.<br \/>nachstehend der<strong>&#8222;Herausgeber<\/strong>&#8220; genannt.<\/p>\n<h2>ARTIKEL 2 - DER GASTGEBER<\/h2>\n<p>Der Host der Website ist die Firma HOSTINGER mit Sitz in 143 Rue Emile Julien, 34070 Montpellier, Frankreich, <strong>0892977093 <\/strong>, gdpr@hostinger.com.<strong><br \/><\/strong><\/p>\n<h1>  ARTIKEL 3 - ZUGANG ZUR WEBSITE<\/h1>\n<p>Die Website ist an jedem Ort, 7 Tage pro Woche, 24 Stunden pro Tag zug\u00e4nglich, au\u00dfer im Falle h\u00f6herer Gewalt, geplanter oder ungeplanter Unterbrechungen und m\u00f6glicherweise aufgrund von Wartungsarbeiten.<br \/>Im Falle einer \u00c4nderung, Unterbrechung oder Aussetzung der Website kann der Herausgeber nicht haftbar gemacht werden.<\/p>\n<h2>ARTIKEL 4 - ERHEBUNG VON DATEN<\/h2>\n<p>Die Website sichert dem Nutzer die Sammlung und Verarbeitung pers\u00f6nlicher Informationen unter Wahrung des Datenschutzes gem\u00e4\u00df dem Gesetz Nr. 78-17 vom 6. Januar 1978 \u00fcber Informatik, Dateien und Freiheiten zu.<br \/>Gem\u00e4\u00df dem franz\u00f6sischen Datenschutzgesetz vom 6. Januar 1978 hat der Nutzer das Recht, auf seine pers\u00f6nlichen Daten zuzugreifen, sie zu berichtigen, zu l\u00f6schen und ihnen zu widersprechen. Der Nutzer \u00fcbt dieses Recht aus:<\/p>\n<ul>\n<li>per E-Mail an die E-Mail-Adresse rgpd@mondevanille.com<\/li>\n<li>per Post an ZA Le Clos des Perdrix - C\u00f4te des Ch\u00e2taigniers 76700 Gainneville - FRANCE ;<\/li>\n<\/ul>\n<p>Jede Nutzung, Vervielf\u00e4ltigung, Verbreitung, Vermarktung, \u00c4nderung der gesamten Website oder eines Teils davon ohne Genehmigung des Herausgebers ist verboten und kann zu rechtlichen Ma\u00dfnahmen und Verfolgungen f\u00fchren, wie sie insbesondere im Gesetzbuch \u00fcber geistiges Eigentum und im Zivilgesetzbuch vorgesehen sind.<br \/>Weitere Informationen finden Sie in den AGB der Website <a href=\"https:\/\/mondevanille.com\/de\/\">https:\/\/www.mondevanille.com<\/a>, die Sie unter der \u00dcberschrift &#8222;<span style=\"color: #000000;\"><br \/>\n  <strong><br \/>\n    <a style=\"color: #000000;\" title=\"Gesch\u00e4ftsbedingungen\" href=\"https:\/\/mondevanille.com\/de\/cgv\/\">AGB<\/a><br \/>\n  <\/strong><br \/>\n<\/span>&#8222;<\/p>\n\t\t\t\t\t\t\t\t<\/div>\n\t\t\t\t<\/div>\n\t\t\t\t\t<\/div>\n\t\t\t\t<\/div>\n\t\t\t\t<\/div>\n\t\t","protected":false},"excerpt":{"rendered":"<p>Gem\u00e4\u00df den Bestimmungen von Artikel 6-III und 19 des Gesetzes Nr. 2004-575 vom 21. Juni 2004 \u00fcber das Vertrauen in die digitale Wirtschaft, genannt L.C.E.N., wird den Nutzern und Besuchern, nachstehend die &#8222;Website&#8220; genannt, Folgendes zur Kenntnis gegebenBenutzer&#8220;.auf der Website https:\/\/www.mondevanille.com , im Folgenden &#8222;die&#8220; genannt.Website&#8222;, die vorliegenden rechtlichen Hinweise.Die Verbindung und das Surfen auf der Website durch den Nutzer\u2026<\/p>\n","protected":false},"author":0,"featured_media":0,"parent":0,"menu_order":0,"comment_status":"closed","ping_status":"closed","template":"","meta":{"footnotes":""},"class_list":["post-55628","page","type-page","status-publish","hentry"],"aioseo_notices":[],"_links":{"self":[{"href":"https:\/\/mondevanille.com\/de\/wp-json\/wp\/v2\/pages\/55628","targetHints":{"allow":["GET"]}}],"collection":[{"href":"https:\/\/mondevanille.com\/de\/wp-json\/wp\/v2\/pages"}],"about":[{"href":"https:\/\/mondevanille.com\/de\/wp-json\/wp\/v2\/types\/page"}],"replies":[{"embeddable":true,"href":"https:\/\/mondevanille.com\/de\/wp-json\/wp\/v2\/comments?post=55628"}],"version-history":[{"count":0,"href":"https:\/\/mondevanille.com\/de\/wp-json\/wp\/v2\/pages\/55628\/revisions"}],"wp:attachment":[{"href":"https:\/\/mondevanille.com\/de\/wp-json\/wp\/v2\/media?parent=55628"}],"curies":[{"name":"wp","href":"https:\/\/api.w.org\/{rel}","templated":true}]}}