{"id":6746,"date":"2022-04-27T12:28:28","date_gmt":"2022-04-27T10:28:28","guid":{"rendered":"http:\/\/mondevanille.com\/impressum\/"},"modified":"2025-10-27T16:39:46","modified_gmt":"2025-10-27T15:39:46","slug":"mentions-legales","status":"publish","type":"page","link":"https:\/\/mondevanille.com\/de\/mentions-legales\/","title":{"rendered":"Impressum"},"content":{"rendered":"\t\t<div data-elementor-type=\"wp-page\" data-elementor-id=\"6746\" class=\"elementor elementor-6746 elementor-4774\" data-elementor-post-type=\"page\">\n\t\t\t\t\t\t<div class=\"elementor-section elementor-top-section elementor-element elementor-element-7ff7400 elementor-section-boxed elementor-section-height-default elementor-section-height-default\" data-id=\"7ff7400\" data-element_type=\"section\" data-e-type=\"section\">\n\t\t\t\t\t\t<div class=\"elementor-container elementor-column-gap-default\">\n\t\t\t\t\t<div class=\"elementor-column elementor-col-100 elementor-top-column elementor-element elementor-element-e56f842\" data-id=\"e56f842\" data-element_type=\"column\" data-e-type=\"column\">\n\t\t\t<div class=\"elementor-widget-wrap elementor-element-populated\">\n\t\t\t\t\t\t<div class=\"elementor-element elementor-element-c0cb5ab elementor-widget elementor-widget-text-editor\" data-id=\"c0cb5ab\" data-element_type=\"widget\" data-e-type=\"widget\" data-widget_type=\"text-editor.default\">\n\t\t\t\t<div class=\"elementor-widget-container\">\n\t\t\t\t\t\t\t\t\t<p>Die Seite <span style=\"text-decoration: underline;\"><a href=\"https:\/\/www.mondevanille.com\">www.mondevanille.com<\/a><\/span> wird herausgegeben von :<\/p><p>AROM&#8217;ESSENCE SARL<br>ZA le Clos des Perdrix - C\u00f4te des Ch\u00e2taigniers<br>76700 GAINNEVILLE<\/p><p>Le Monde de la Vanille&#8216; ist ein eingetragenes Warenzeichen, das beim INPI unter der Nr. 3300705 registriert ist.<\/p><p>Gem\u00e4\u00df den Bestimmungen des Gesetzes Nr. 2004-575 vom 21. Juni 2004 \u00fcber das Vertrauen in die digitale Wirtschaft werden die Nutzer und Besucher der Website https:\/\/www.mondevanille.com , im Folgenden &#8222;Nutzer&#8220; genannt, auf die vorliegenden rechtlichen Hinweise hingewiesen.<br>Die Verbindung und das Surfen auf der Website durch den Nutzer bedeutet die vollst\u00e4ndige und vorbehaltlose Annahme der vorliegenden rechtlichen Hinweise.<\/p><p>Diese sind auf der Website unter der Rubrik &#8222;Rechtliche Hinweise&#8220; zug\u00e4nglich.<\/p><h3>HERAUSGABE DER WEBSITE<\/h3><p>Die Website wird von der Firma AROM&#8217;ESSENCE, LE MONDE DE LA VANILLE mit einem Kapital von 107700 Euro, eingetragen im Handels- und Gesellschaftsregister von Le Havre B unter der Nummer 447845348 mit Sitz in ZA LE Clos des Perdrix, Cote des Ch\u00e2taigniers 76700 Gainneville, herausgegeben,<\/p><p>&gt; <strong>Telefonnummer<\/strong>: 0235245220<\/p><p>&gt; <strong>E-Mail-Adresse<\/strong>: contact@mondevanille.com.<\/p><p>&gt; <strong>Umsatzsteuer-Identifikationsnummer<\/strong>: FR17447845348<\/p><p>&gt; <strong>Verantwortlich f\u00fcr die Ver\u00f6ffentlichung<\/strong>: Bruno AUBRUN<\/p><p>nachstehend der<strong>&#8222;Herausgeber<\/strong>&#8220; genannt.<\/p><p><span style=\"color: var(--site-heading-color); font-family: var(--site-secondary-font); font-size: 2.1rem; background-color: var(--site-bg-color);\">HEBERGEUR<\/span><\/p><p><span style=\"font-size: inherit; background-color: var(--site-bg-color); color: var(--site-text-color); font-family: var(--site-main-font);\">Der Host der Website ist die Firma EASYHOSTER mit Sitz in Unit B, 3\/F, Kai Wan House, 146 Tung Choi Street, Mongkok, Kowloon 999077 Hong Kong.<\/span><\/p><h3><span style=\"color: var(--site-heading-color); font-family: var(--site-secondary-font); font-size: 2.1rem; background-color: var(--site-bg-color);\">ZUGANG ZUR WEBSITE<\/span><\/h3><p>Die Website ist f\u00fcr den Nutzer normalerweise jederzeit zug\u00e4nglich. Der Herausgeber kann die Website jedoch jederzeit aussetzen, einschr\u00e4nken oder unterbrechen, um insbesondere Aktualisierungen oder \u00c4nderungen an ihrem Inhalt vorzunehmen. Der Herausgeber kann in keinem Fall f\u00fcr die m\u00f6glichen Auswirkungen dieser Nichtverf\u00fcgbarkeit auf die Aktivit\u00e4ten des Nutzers haftbar gemacht werden.  <\/p><h3>DATENERHEBUNG<\/h3><p>Die Website sichert dem Nutzer eine Sammlung und Verarbeitung personenbezogener Daten unter Wahrung der Privatsph\u00e4re gem\u00e4\u00df dem Gesetz Nr. 78-17 vom 6. Januar 1978 \u00fcber Informatik, Dateien und Freiheiten und unter Einhaltung der geltenden Vorschriften \u00fcber die Verarbeitung personenbezogener Daten gem\u00e4\u00df der Verordnung (EU) 2016\/679 des Europ\u00e4ischen Parlaments und des Rates vom 27. April 2016 (nachfolgend zusammen die<strong>&#8222;geltenden Vorschriften \u00fcber den Schutz personenbezogener Daten<\/strong>&#8222;) zu.<\/p><p>Gem\u00e4\u00df den geltenden Vorschriften zum Schutz personenbezogener Daten hat der Nutzer das Recht, auf seine personenbezogenen Daten zuzugreifen, sie zu berichtigen, zu l\u00f6schen und ihnen zu widersprechen. Der Nutzer kann dieses Recht aus\u00fcben, indem er <\/p><ul><li>per E-Mail an die E-Mail-Adresse rgpd@mondevanille.com<\/li><li>\u00fcber das Kontaktformular ;<\/li><li>aus ihrem pers\u00f6nlichen Bereich ;<\/li><\/ul><p>Jede Nutzung, Vervielf\u00e4ltigung, Verbreitung, Vermarktung, \u00c4nderung der gesamten Website oder eines Teils davon ohne ausdr\u00fcckliche Genehmigung des Herausgebers ist untersagt und kann zu rechtlichen Ma\u00dfnahmen und Verfolgungen f\u00fchren, wie sie in den geltenden Vorschriften vorgesehen sind.<\/p><p>Weitere Informationen finden Sie in den AGB von https:\/\/www.mondevanille.com, die Sie unter der Rubrik &#8222;AGB&#8220; finden.<\/p><p>Weitere Informationen zum Schutz personenbezogener Daten finden Sie in der Datenschutzerkl\u00e4rung von https:\/\/www.mondevanille.com, die Sie unter &#8222;Pers\u00f6nliche Daten&#8220; aufrufen k\u00f6nnen.<\/p><p>Weitere Informationen \u00fcber Cookies finden Sie in der Cookie-Richtlinie von https:\/\/www.mondevanille.com, die Sie unter &#8222;Cookies&#8220; finden.<\/p><h3 style=\"font-family: Raleway, sans-serif; line-height: 1.1; color: #333333; margin-top: 20px; margin-bottom: 10px; font-size: 26px;\">Kontakt<\/h3><p style=\"margin-bottom: 10px; color: #333333; font-family: Rokkitt, serif; font-size: 14px;\">E-Mail: <a style=\"color: #502811;\" href=\"mailto:contact@mondevanille.com\">contact@mondevanille.com<br><\/a><\/p><h2 style=\"font-family: Raleway, sans-serif; line-height: 1.1; color: #333333; margin-top: 20px; margin-bottom: 10px; font-size: 26px;\"><span style=\"font-size: 12pt;\">Gastgeber und <span style=\"color: inherit; font-family: inherit;\">Registrar<\/span><\/span><\/h2><p style=\"margin-bottom: 10px; color: #333333; font-family: Rokkitt, serif; font-size: 14px;\">Der gesamte Inhalt der Website (Texte, T\u00f6ne, Bilder, Fotografien, Schemata, Logos, Marken usw.) ist durch das Recht auf geistiges Eigentum gesch\u00fctzt.<br>Vorbehaltlich der gesetzlichen Ausnahmen, die im Code de la Propri\u00e9t\u00e9 Intellectuelle vorgesehen sind, unterliegt jede Vervielf\u00e4ltigung und\/oder Kommunikation des gesamten oder eines Teils des Inhalts der Website der vorherigen und ausdr\u00fccklichen Genehmigung von SASU AROM&#8217;ESSENCE.<\/p><p style=\"margin-bottom: 10px; color: #333333; font-family: Rokkitt, serif; font-size: 14px;\">Diese Website benutzt Google Analytics, einen Webanalysedienst der Google Inc. (&#8222;Google&#8220;). Google Analytics verwendet Cookies, Textdateien, die auf Ihrem Computer abgelegt werden, um die Website bei der Analyse der Nutzung der Website durch Benutzer zu unterst\u00fctzen. Die von den Cookies erzeugten Daten \u00fcber Ihre Nutzung der Website (einschlie\u00dflich Ihrer IP-Adresse) werden von Google an Server in den USA \u00fcbertragen und dort gespeichert. Google wird diese Informationen verwenden, um Ihre Nutzung der Website auszuwerten, Berichte \u00fcber die Website-Aktivit\u00e4t f\u00fcr seinen Herausgeber zusammenzustellen und andere Dienstleistungen im Zusammenhang mit der Website-Aktivit\u00e4t und der Nutzung der Website bereitzustellen. Google wird diese Daten gegebenenfalls an Dritte \u00fcbertragen, sofern dies gesetzlich vorgeschrieben oder soweit Dritte diese Daten im Auftrag von Google verarbeiten, insbesondere dem Herausgeber dieser Website. Google wird Ihre IP-Adresse nicht mit anderen Daten von Google zusammenf\u00fchren. Sie k\u00f6nnen die Verwendung von Cookies deaktivieren, indem Sie die entsprechenden Einstellungen in Ihrem Browser vornehmen. Eine solche Deaktivierung k\u00f6nnte jedoch die Nutzung bestimmter Funktionen dieser Website verhindern. Durch die Nutzung dieser Website stimmen Sie der Verarbeitung Ihrer personenbezogenen Daten durch Google unter den oben beschriebenen Bedingungen und Zwecken ausdr\u00fccklich zu.<\/p>\t\t\t\t\t\t\t\t<\/div>\n\t\t\t\t<\/div>\n\t\t\t\t\t<\/div>\n\t\t<\/div>\n\t\t\t\t\t<\/div>\n\t\t<\/div>\n\t\t\t\t<\/div>\n\t\t","protected":false},"excerpt":{"rendered":"<p>Die Seite www.mondevanille.com wird herausgegeben von : AROM&#8217;ESSENCE SARLZA le Clos des Perdrix - C\u00f4te des Ch\u00e2taigniers76700 GAINNEVILLE Le Monde de la Vanille&#8216; ist ein eingetragenes Warenzeichen, das beim INPI unter der Nr. 3300705 registriert ist. Gem\u00e4\u00df den Bestimmungen des Gesetzes Nr. 2004-575 vom 21. Juni 2004 \u00fcber das Vertrauen in die digitale Wirtschaft werden die Nutzer und Besucher der\u2026<\/p>\n","protected":false},"author":3,"featured_media":0,"parent":0,"menu_order":0,"comment_status":"closed","ping_status":"closed","template":"","meta":{"footnotes":""},"class_list":["post-6746","page","type-page","status-publish","hentry"],"aioseo_notices":[],"_links":{"self":[{"href":"https:\/\/mondevanille.com\/de\/wp-json\/wp\/v2\/pages\/6746","targetHints":{"allow":["GET"]}}],"collection":[{"href":"https:\/\/mondevanille.com\/de\/wp-json\/wp\/v2\/pages"}],"about":[{"href":"https:\/\/mondevanille.com\/de\/wp-json\/wp\/v2\/types\/page"}],"author":[{"embeddable":true,"href":"https:\/\/mondevanille.com\/de\/wp-json\/wp\/v2\/users\/3"}],"replies":[{"embeddable":true,"href":"https:\/\/mondevanille.com\/de\/wp-json\/wp\/v2\/comments?post=6746"}],"version-history":[{"count":0,"href":"https:\/\/mondevanille.com\/de\/wp-json\/wp\/v2\/pages\/6746\/revisions"}],"wp:attachment":[{"href":"https:\/\/mondevanille.com\/de\/wp-json\/wp\/v2\/media?parent=6746"}],"curies":[{"name":"wp","href":"https:\/\/api.w.org\/{rel}","templated":true}]}}