{"id":12183,"date":"2022-06-02T12:03:44","date_gmt":"2022-06-02T10:03:44","guid":{"rendered":"http:\/\/mondevanille.com\/produit\/vanille-aus-neukaledonien\/"},"modified":"2026-01-08T10:27:59","modified_gmt":"2026-01-08T09:27:59","slug":"vanille-de-nouvelle-caledonia","status":"publish","type":"product","link":"https:\/\/mondevanille.com\/de\/produkt\/vanille-de-nouvelle-caledonia\/","title":{"rendered":"Vanille aus Neukaledonien"},"content":{"rendered":"<p>Vanille Neukaledonien<\/p>\n<p>Sehr sch\u00f6ne Vanille mit \u00f6liger und fleischiger Textur, Noten von Orangenbl\u00fcten, fruchtig nach Pflaumen, erinnert an Tahiti-Vanille, eine seltene und untypische Vanille, f\u00fcr Kenner.<\/p>\n<p><em><strong>Technische Datenbl\u00e4tter, Bio-Zertifikate und Analyseberichte finden Sie unter dem Reiter \u201eQUALIT\u00c4TSVERSPRECHEN\u201c auf unserer Website.<\/strong><\/em><\/p>\n","protected":false},"excerpt":{"rendered":"<p>Vanille Neukaledonien Sehr sch\u00f6ne Vanille mit einer \u00f6ligen und fettigen Farbe, Noten von Orangenbl\u00fcten, fruchtige Pflaumen, die an Tahiti-Vanille erinnern, eine seltene und untypische Vanille f\u00fcr Kenner.<\/p>\n","protected":false},"featured_media":48297,"template":"","meta":[],"product_brand":[],"product_cat":[513,477,269,266],"product_tag":[],"class_list":{"0":"post-12183","1":"product","2":"type-product","3":"status-publish","4":"has-post-thumbnail","6":"product_cat-franzoesische-vanille","7":"product_cat-neukaledonien","8":"product_cat-unser-vertrauliches","9":"product_cat-ursprunge","11":"first","12":"instock","13":"taxable","14":"shipping-taxable","15":"purchasable","16":"product-type-variable","17":"wvs-archive-product-wrapper"},"aioseo_notices":[],"_links":{"self":[{"href":"https:\/\/mondevanille.com\/de\/wp-json\/wp\/v2\/product\/12183","targetHints":{"allow":["GET"]}}],"collection":[{"href":"https:\/\/mondevanille.com\/de\/wp-json\/wp\/v2\/product"}],"about":[{"href":"https:\/\/mondevanille.com\/de\/wp-json\/wp\/v2\/types\/product"}],"wp:featuredmedia":[{"embeddable":true,"href":"https:\/\/mondevanille.com\/de\/wp-json\/wp\/v2\/media\/48297"}],"wp:attachment":[{"href":"https:\/\/mondevanille.com\/de\/wp-json\/wp\/v2\/media?parent=12183"}],"wp:term":[{"taxonomy":"product_brand","embeddable":true,"href":"https:\/\/mondevanille.com\/de\/wp-json\/wp\/v2\/product_brand?post=12183"},{"taxonomy":"product_cat","embeddable":true,"href":"https:\/\/mondevanille.com\/de\/wp-json\/wp\/v2\/product_cat?post=12183"},{"taxonomy":"product_tag","embeddable":true,"href":"https:\/\/mondevanille.com\/de\/wp-json\/wp\/v2\/product_tag?post=12183"}],"curies":[{"name":"wp","href":"https:\/\/api.w.org\/{rel}","templated":true}]}}