{"id":12654,"date":"2022-07-05T13:43:19","date_gmt":"2022-07-05T11:43:19","guid":{"rendered":"http:\/\/mondevanille.com\/produit\/pulver-und-korn-erschoepft\/"},"modified":"2026-01-30T17:10:38","modified_gmt":"2026-01-30T16:10:38","slug":"pulver-und-koerner-episoden","status":"publish","type":"product","link":"https:\/\/mondevanille.com\/de\/produkt\/pulver-und-koerner-episoden\/","title":{"rendered":"Ersch\u00f6pfte Pulver und K\u00f6rner"},"content":{"rendered":"<p><strong>Als visuelle Markierung f\u00fcr Makronen, Eis, Marmelade&#8230; zu verwenden.<\/strong><\/p>\n<p>enth\u00e4lt keinen Treber \/\/ KEINE AROMATISCHE KRAFT<br \/>\n=&gt; zur Verwendung als visuelle Markierung.<\/p>\n<p><em><strong>\u00dcber uns:<\/strong><\/em><br \/>\nZusammensetzung 100 % schwarze Bohnen aus Bourbon-Vanilleschoten<br \/>\nHerkunft der verwendeten Schoten: Madagaskar.<br \/>\nVerpackung Vakuumbeutel (1 &amp; 5 kg) - hermetischer Sack 25 kg.<br \/>\nAls visuelle Markierung f\u00fcr Makronen, Eis, Konfit\u00fcre zu verwenden &#8230;..<\/p>\n<p>Die ausgelaugten Vanillek\u00f6rner haben kein Aroma, sie stammen aus dem Extraktionsprozess, (Vorgang, bei dem die getrocknete Vanille zu Pulver zermahlen, die K\u00f6rner getrennt und debakterisiert werden).<\/p>\n<p><em><strong>Technische Datenbl\u00e4tter, Bio-Zertifikate und Analysebulletins finden Sie auf unserer Website unter der Registerkarte &#8222;ENGAGEMENT QUALIT\u00c4T&#8220;.<\/strong><\/em><\/p>\n","protected":false},"excerpt":{"rendered":"<p><strong>Zur Verwendung als visuelle Markierung f\u00fcr Makronen, Eis, Konfit\u00fcre<\/strong>.<strong>.<\/strong>.<\/p>\n<p>enth\u00e4lt keinen Treber \/\/ KEINE AROMATISCHE KRAFT<br \/>\n=&gt; zur Verwendung als visuelle Markierung.<\/p>\n","protected":false},"featured_media":12684,"template":"","meta":[],"product_brand":[],"product_cat":[507,433],"product_tag":[],"class_list":{"0":"post-12654","1":"product","2":"type-product","3":"status-publish","4":"has-post-thumbnail","6":"product_cat-pulver","7":"product_cat-verarbeitete-produkte","9":"first","10":"instock","11":"taxable","12":"shipping-taxable","13":"purchasable","14":"product-type-variable","15":"wvs-archive-product-wrapper"},"aioseo_notices":[],"_links":{"self":[{"href":"https:\/\/mondevanille.com\/de\/wp-json\/wp\/v2\/product\/12654","targetHints":{"allow":["GET"]}}],"collection":[{"href":"https:\/\/mondevanille.com\/de\/wp-json\/wp\/v2\/product"}],"about":[{"href":"https:\/\/mondevanille.com\/de\/wp-json\/wp\/v2\/types\/product"}],"wp:featuredmedia":[{"embeddable":true,"href":"https:\/\/mondevanille.com\/de\/wp-json\/wp\/v2\/media\/12684"}],"wp:attachment":[{"href":"https:\/\/mondevanille.com\/de\/wp-json\/wp\/v2\/media?parent=12654"}],"wp:term":[{"taxonomy":"product_brand","embeddable":true,"href":"https:\/\/mondevanille.com\/de\/wp-json\/wp\/v2\/product_brand?post=12654"},{"taxonomy":"product_cat","embeddable":true,"href":"https:\/\/mondevanille.com\/de\/wp-json\/wp\/v2\/product_cat?post=12654"},{"taxonomy":"product_tag","embeddable":true,"href":"https:\/\/mondevanille.com\/de\/wp-json\/wp\/v2\/product_tag?post=12654"}],"curies":[{"name":"wp","href":"https:\/\/api.w.org\/{rel}","templated":true}]}}