{"id":13226,"date":"2022-07-05T15:20:59","date_gmt":"2022-07-05T13:20:59","guid":{"rendered":"http:\/\/mondevanille.com\/?post_type=product&#038;p=13226"},"modified":"2026-03-09T15:18:53","modified_gmt":"2026-03-09T14:18:53","slug":"vanille-aus-madagaskar","status":"publish","type":"product","link":"https:\/\/mondevanille.com\/de\/produkt\/vanille-aus-madagaskar\/","title":{"rendered":"Bourbon-Vanille aus Madagaskar"},"content":{"rendered":"<p><span style=\"font-size: 10.5pt; font-family: 'Segoe UI',sans-serif; color: black;\">Die <strong>Bourbon-Vanille aus <a href=\"https:\/\/fr.wikipedia.org\/wiki\/Madagascar\" target=\"_blank\" rel=\"noopener\">Madagaskar<\/a><\/strong> ist weltweit bekannt f\u00fcr ihre hohe Qualit\u00e4t, ihren berauschenden und zarten Duft mit subtilen Kakaonoten.  <\/span><\/p>\n<p style=\"margin: 0cm; text-align: justify; background: white;\"><span style=\"font-size: 10.5pt; font-family: 'Segoe UI',sans-serif; color: black;\">Die Schoten werden von der Befruchtung bis zur Verpackung von den lokalen Bauern, die eine lange Tradition in der Qualit\u00e4tsproduktion haben, sorgf\u00e4ltig kontrolliert und \u00fcberwacht.<\/span><\/p>\n<p style=\"margin: 0cm; text-align: justify; background: white;\"><span style=\"font-size: 10.5pt; font-family: 'Segoe UI',sans-serif; color: black;\">Unser Unternehmen ist bestrebt, Ihnen die besten Vanilleschoten aus <strong>Madagaskar<\/strong> anzubieten, die sorgf\u00e4ltig ausgew\u00e4hlt, von Hand gepfl\u00fcckt, in der Sonne gereift und dann in Truhen gelagert werden, damit sich das Vanillin, das wichtigste Aromamolek\u00fcl, optimal entwickeln kann. <\/span><span style=\"color: black; font-family: 'Segoe UI', sans-serif; font-size: 10.5pt;\">Wir arbeiten eng mit lokalen Bauern und bekannten Exporteuren in <strong>Madagaskar<\/strong> zusammen, um sicherzustellen, dass unsere Produkte auf umweltfreundliche, faire und ethische Weise angebaut werden.<\/span><\/p>\n<p style=\"margin: 0cm; text-align: justify; background: white;\"><span style=\"font-size: 10.5pt; font-family: 'Segoe UI',sans-serif; color: black;\">Verwenden Sie unsere <strong>Madagaskar-Vanille<\/strong>, um Ihre Lieblingsdesserts, Kuchen, Eiscreme, Cr\u00e8me br\u00fbl\u00e9e, Makronen und Marmelade zu aromatisieren oder um Ihren Hei\u00dfgetr\u00e4nken einen Hauch von exotischem Geschmack zu verleihen.  <\/span><\/p>\n<p style=\"margin: 0cm; text-align: justify; background: white;\"><span style=\"font-size: 10.5pt; font-family: 'Segoe UI',sans-serif; color: black;\">In verschiedenen Varianten erh\u00e4ltlich, umfasst unser Sortiment auch 100 % nat\u00fcrliches Vanillepulver, Vanilleextrakt, ebenfalls ohne Zusatzstoffe, und Vanillezucker. All dies sind Produkte, die Sie auf unserer Website in dem f\u00fcr Ihren Bedarf geeigneten Format finden k\u00f6nnen.<\/span><\/p>\n<p style=\"margin: 0cm; text-align: justify; background: white;\"><span style=\"font-size: 10.5pt; font-family: 'Segoe UI',sans-serif; color: black;\">Bestellen Sie jetzt online, um die Eigenschaften unserer Vanille aus <strong>Madagaskar<\/strong> kennenzulernen.<\/span><\/p>\n<p><em><strong>Technische Datenbl\u00e4tter, Bio-Zertifikate und<a title=\"Produktanalysen\" href=\"https:\/\/mondevanille.com\/de\/produktanalysen\/\"> Analysebulletins<\/a> finden Sie auf der Registerkarte &#8222;QUALIT\u00c4TSENGAGEMENT&#8220; auf unserer Website.<\/strong><\/em><\/p>\n<p><img decoding=\"async\" class=\"wp-image-63302 aligncenter\" src=\"https:\/\/mondevanille.com\/wp-content\/uploads\/2022\/07\/Madagascar-paysage.webp\" alt=\"Vanille Madagaskar\" width=\"97\" height=\"137\" srcset=\"https:\/\/mondevanille.com\/wp-content\/uploads\/2022\/07\/Madagascar-paysage.webp 300w, https:\/\/mondevanille.com\/wp-content\/uploads\/2022\/07\/Madagascar-paysage-64x90.webp 64w\" sizes=\"(max-width: 97px) 100vw, 97px\" \/><\/p>\n","protected":false},"excerpt":{"rendered":"<p>Die Vanille der Wahl. <span style=\"font-size: 10.5pt; font-family: 'Segoe UI',sans-serif; color: black;\">Die <strong>Bourbon<\/strong> Vanille <strong>aus <a href=\"https:\/\/fr.wikipedia.org\/wiki\/Madagascar\" target=\"_blank\" rel=\"noopener\">Madagaskar<\/a><\/strong> ist weltweit f\u00fcr ihre hohe Qualit\u00e4t und ihren berauschenden und zarten Duft mit subtilen Kakaonoten bekannt. <\/span> <\/p>\n<p><em><strong>Anwendung<\/strong> <\/em>: Alle Arten von Desserts, warmen Gerichten, Mazeration.<br \/>\nEin typischer Vanilleduft, zarte und subtile Kakaonoten.<\/p>\n<p>Afnor 5565-1-konform. Mikrobiologische und organoleptische Analyse auf Anfrage.<\/p>\n<p><img decoding=\"async\" class=\" wp-image-50716\" src=\"https:\/\/mondevanille.com\/wp-content\/uploads\/2022\/12\/Offre-Speciale-e1696493874358.webp\" alt=\"\" width=\"69\" height=\"32\">  F\u00fcr dieses Produkt gibt es ein Sonderangebot <strong><a href=\"https:\/\/mondevanille.com\/de\/produkt\/schoten-von-madagaskar-professionell\/?attribute_pa_quantite=1kg&#038;attribute_pa_taille=14-15\"><span style=\"color: #ff0000;\">&gt;&gt;hier&lt;&lt;<\/span><\/a><\/strong>.<\/p>\n<p><a title=\"Vanilleschote Madagaskar PROFESSIONAL\" href=\"https:\/\/mondevanille.com\/de\/produkt\/schoten-von-madagaskar-professionell\/\"><span style=\"color: #ff0000;\"><strong>&gt;&gt;Unsere professionellen Angebote finden Sie hier&lt;&lt;<\/strong><\/span><\/a><\/p>\n","protected":false},"featured_media":16456,"template":"","meta":[],"product_brand":[],"product_cat":[297,266],"product_tag":[],"class_list":{"0":"post-13226","1":"product","2":"type-product","3":"status-publish","4":"has-post-thumbnail","6":"product_cat-madagaskar","7":"product_cat-ursprunge","9":"first","10":"instock","11":"sale","12":"featured","13":"taxable","14":"shipping-taxable","15":"purchasable","16":"product-type-variable","17":"wvs-archive-product-wrapper"},"aioseo_notices":[],"_links":{"self":[{"href":"https:\/\/mondevanille.com\/de\/wp-json\/wp\/v2\/product\/13226","targetHints":{"allow":["GET"]}}],"collection":[{"href":"https:\/\/mondevanille.com\/de\/wp-json\/wp\/v2\/product"}],"about":[{"href":"https:\/\/mondevanille.com\/de\/wp-json\/wp\/v2\/types\/product"}],"wp:featuredmedia":[{"embeddable":true,"href":"https:\/\/mondevanille.com\/de\/wp-json\/wp\/v2\/media\/16456"}],"wp:attachment":[{"href":"https:\/\/mondevanille.com\/de\/wp-json\/wp\/v2\/media?parent=13226"}],"wp:term":[{"taxonomy":"product_brand","embeddable":true,"href":"https:\/\/mondevanille.com\/de\/wp-json\/wp\/v2\/product_brand?post=13226"},{"taxonomy":"product_cat","embeddable":true,"href":"https:\/\/mondevanille.com\/de\/wp-json\/wp\/v2\/product_cat?post=13226"},{"taxonomy":"product_tag","embeddable":true,"href":"https:\/\/mondevanille.com\/de\/wp-json\/wp\/v2\/product_tag?post=13226"}],"curies":[{"name":"wp","href":"https:\/\/api.w.org\/{rel}","templated":true}]}}