{"id":14949,"date":"2022-08-23T16:21:20","date_gmt":"2022-08-23T14:21:20","guid":{"rendered":"https:\/\/mondevanille.com\/product\/madagaskar-bourbon-pochette-10-gousses-18-cm-verschliessbarer-beutel-port-offert\/"},"modified":"2026-03-10T12:31:37","modified_gmt":"2026-03-10T11:31:37","slug":"promo-vanille-madagaskar-bourbon","status":"publish","type":"product","link":"https:\/\/mondevanille.com\/de\/produkt\/promo-vanille-madagaskar-bourbon\/","title":{"rendered":"BOURBON-VANILLE VON MADAGASKAR <br> 10 GOUSSES 18cm <br> KOSTENLOSE LIEFERUNG"},"content":{"rendered":"<p>Unser Bestseller: <a href=\"https:\/\/fr.wikipedia.org\/wiki\/Vanille\">Vanille<\/a> Madagaskar BOURBON Pochette 10 gousses 18 cm - Wiederverschlie\u00dfbarer Beutel<\/p>\n<p>Die 2. Tasche um 40 % reduziert<\/p>\n<p><a href=\"https:\/\/mondevanille.com\/de\/produkt\/promo-vanille-madagaskar-bourbon\/?attribute_quantite-pochette=5+pochettes+%2B+1+offerte\"><span style=\"color: #ff0000;\"><strong>5 Taschen gekauft = 19,80 \u20ac Rabatt + eine 6. Tasche geschenkt (wird automatisch hinzugef\u00fcgt).<\/strong><\/span><\/a><\/p>\n<p><a href=\"https:\/\/mondevanille.com\/de\/produkt\/promo-vanille-madagaskar-bourbon\/?attribute_quantite-pochette=10+pochettes+%2B2\"><span style=\"color: #ff0000;\"><strong>10 Taschen gekauft = 49,50 \u20ac Rabatt + 2 Taschen geschenkt (automatisch hinzugef\u00fcgt).<\/strong><\/span><\/a><\/p>\n<p><a href=\"https:\/\/mondevanille.com\/de\/produkt\/promo-vanille-madagaskar-bourbon\/?attribute_quantite-pochette=20+pochettes+%2B+5\"><span style=\"color: #ff0000;\"><strong>20 Taschen gekauft = 99 \u20ac Rabatt + 5 Taschen geschenkt (automatisch hinzugef\u00fcgt).<\/strong><\/span><\/a><\/p>\n<p>Erh\u00e4ltlich in einem wiederverschlie\u00dfbaren Beutel f\u00fcr eine bessere Haltbarkeit des Produkts.<\/p>\n<h6><strong>Bourbon-Vanille aus Madagaskar,<\/strong> weltweit bekannt f\u00fcr ihre hohe Qualit\u00e4t, ihren berauschenden und zarten Duft mit subtilen Kakaonoten.<\/h6>\n<p>Die Schoten werden von der Befruchtung bis zur Verpackung von den \u00f6rtlichen Bauern, die eine lange Tradition in der Qualit\u00e4tsproduktion haben, sorgf\u00e4ltig kontrolliert und betreut.<\/p>\n<p>Unser Unternehmen verpflichtet sich, Ihnen die besten Vanilleschoten aus <strong>Madagaskar<\/strong> anzubieten. Sorgf\u00e4ltig ausgew\u00e4hlt, handgepfl\u00fcckt und sonnengereift. Anschlie\u00dfend in Kisten gelagert, um die optimale Entwicklung des Vanillins, des wichtigsten Aromamolek\u00fcls, zu erm\u00f6glichen. Wir arbeiten eng mit lokalen Bauern und Exporteuren aus <strong>Madagaskar<\/strong> zusammen, um sicherzustellen, dass unsere Produkte \u00f6kologisch, fair und ethisch angebaut werden.   <\/p>\n<p>Verwenden Sie unser Produkt, um Ihre Lieblingsdesserts, Kuchen, Eis, Cr\u00e8me br\u00fbl\u00e9e, Makronen und Marmelade zu aromatisieren oder um Ihren Hei\u00dfgetr\u00e4nken einen Hauch von exotischem Geschmack zu verleihen.<\/p>\n<p>Unser Sortiment umfasst auch 100 % nat\u00fcrliches Vanillepulver, Vanilleextrakte, die ebenfalls ohne Zusatzstoffe hergestellt werden, und Vanillezucker. Diese Produkte finden Sie auf unserer Website in der richtigen Gr\u00f6\u00dfe f\u00fcr Ihren Bedarf. <\/p>\n<p>Bestellen Sie jetzt online, um die Eigenschaften unserer Vanille aus <strong>Madagaskar<\/strong> kennenzulernen. Hier finden Sie unsere <a href=\"https:\/\/mondevanille.com\/de\/category\/kochrezept\/\">Kochrezepte<\/a>.<\/p>\n<p><em><strong>Technische Datenbl\u00e4tter, Bio-Zertifikate und Analysebulletins finden Sie auf unserer Website unter der Rubrik &#8222;QUALIT\u00c4TSENGAGEMENT&#8220;.<\/strong><\/em><\/p>\n<p><img decoding=\"async\" class=\"size-full wp-image-59785 aligncenter\" src=\"https:\/\/mondevanille.com\/wp-content\/uploads\/2021\/02\/LMDV-LOGO.webp\" alt=\"Vanille\" width=\"150\" height=\"108\" srcset=\"https:\/\/mondevanille.com\/wp-content\/uploads\/2021\/02\/LMDV-LOGO.webp 150w, https:\/\/mondevanille.com\/wp-content\/uploads\/2021\/02\/LMDV-LOGO-64x46.webp 64w\" sizes=\"(max-width: 150px) 100vw, 150px\" \/><\/p>\n","protected":false},"excerpt":{"rendered":"<p>-40% auf das 2. Produkt Kumulierbares Angebot. Kostenlose Lieferung nur in Frankreich.<\/p>\n<p><span style=\"color: #800000;\"><a style=\"color: #800000;\" href=\"https:\/\/mondevanille.com\/de\/produkt\/promo-vanille-madagaskar-bourbon\/?attribute_quantite-pochette=5+pochettes+%2B+1+offerte\"><strong>5 Taschen gekauft = 19,80 \u20ac Rabatt + eine 6. Tasche geschenkt (wird automatisch hinzugef\u00fcgt).<\/strong><\/a><\/span><\/p>\n<p>Verpackung in Vakuumbeuteln zu 10 Bourbon-Schoten aus Madagaskar 18 cm.<br \/>\nErh\u00e4ltlich im wiederverschlie\u00dfbaren Beutel f\u00fcr eine bessere Haltbarkeit des Produkts.<br \/>\nSchwarze Gourmet-Qualit\u00e4t, nicht geteilt. Afnor 5565-1-konform<\/p>\n","protected":false},"featured_media":60579,"template":"","meta":[],"product_brand":[],"product_cat":[546,332,553,297,361,266],"product_tag":[],"class_list":{"0":"post-14949","1":"product","2":"type-product","3":"status-publish","4":"has-post-thumbnail","6":"product_cat-im-angebot-de","7":"product_cat-konditionierung","8":"product_cat-kostenlose-lieferung","9":"product_cat-madagaskar","10":"product_cat-tasche","11":"product_cat-ursprunge","13":"first","14":"instock","15":"sale","16":"taxable","17":"shipping-taxable","18":"purchasable","19":"product-type-variable","20":"wvs-archive-product-wrapper"},"aioseo_notices":[],"_links":{"self":[{"href":"https:\/\/mondevanille.com\/de\/wp-json\/wp\/v2\/product\/14949","targetHints":{"allow":["GET"]}}],"collection":[{"href":"https:\/\/mondevanille.com\/de\/wp-json\/wp\/v2\/product"}],"about":[{"href":"https:\/\/mondevanille.com\/de\/wp-json\/wp\/v2\/types\/product"}],"wp:featuredmedia":[{"embeddable":true,"href":"https:\/\/mondevanille.com\/de\/wp-json\/wp\/v2\/media\/60579"}],"wp:attachment":[{"href":"https:\/\/mondevanille.com\/de\/wp-json\/wp\/v2\/media?parent=14949"}],"wp:term":[{"taxonomy":"product_brand","embeddable":true,"href":"https:\/\/mondevanille.com\/de\/wp-json\/wp\/v2\/product_brand?post=14949"},{"taxonomy":"product_cat","embeddable":true,"href":"https:\/\/mondevanille.com\/de\/wp-json\/wp\/v2\/product_cat?post=14949"},{"taxonomy":"product_tag","embeddable":true,"href":"https:\/\/mondevanille.com\/de\/wp-json\/wp\/v2\/product_tag?post=14949"}],"curies":[{"name":"wp","href":"https:\/\/api.w.org\/{rel}","templated":true}]}}