{"id":15094,"date":"2022-08-24T15:12:09","date_gmt":"2022-08-24T13:12:09","guid":{"rendered":"https:\/\/mondevanille.com\/product\/beutel-10-schoten-12-13-cm-special-rhum-arrange\/"},"modified":"2026-01-05T16:17:15","modified_gmt":"2026-01-05T15:17:15","slug":"vanille-rum-schote","status":"publish","type":"product","link":"https:\/\/mondevanille.com\/de\/produkt\/vanille-rum-schote\/","title":{"rendered":"Vanille BOURBON aus Madagaskar <br>10 Schoten <br>Special Rhum Arrang\u00e9"},"content":{"rendered":"<p>BEUTEL MIT 10 H\u00dcLSEN 15 - 16 CM SPECIAL RHUM ARRANGE<\/p>\n<p>Bourbon-Vanille aus Madagaskar, gereifte und aromatische Schoten der G\u00fcteklasse B mit leichter roter Marmorierung. Ideal f\u00fcr die Mazeration von Rum, Sangria, Punsch (1-2 Schoten pro Liter Zubereitung)<br \/>\nDie GRADE B-Qualit\u00e4ten sind trockener als die Gourmet-Qualit\u00e4ten. F\u00fcr Ihre Backmischungen bevorzugen Sie unser Gourmet-Sortiment.<\/p>\n<p><span class=\"titre-a-propos\">In Bezug auf:<\/span><\/p>\n<ul>\n<li>Verpackung Vakuumbeutel mit 10 Schoten<\/li>\n<li>Gereifte Ernte schwarze, ungespaltene Qualit\u00e4tsschoten<\/li>\n<li>Erh\u00e4ltlich in konventionell 15 - 16 cm oder aus biologischem Anbau 12 - 13 cm<\/li>\n<li>Grad B: d\u00fcnnere und weniger fleischige Schoten als die Gourmetqualit\u00e4ten Grad A<\/li>\n<\/ul>\n<p>&nbsp;<\/p>\n<p><a title=\"Angebot Arrangierter Rum\" href=\"https:\/\/mondevanille.com\/de\/produkt\/vanille-rum-schote\/?attribute_type=OFFRE+2%3D3\"><img decoding=\"async\" src=\"https:\/\/mondevanille.com\/wp-content\/uploads\/2022\/12\/Offre-Speciale-e1696493874358.webp\" alt=\"\" width=\"65\" height=\"27\"> <strong>F\u00fcr 2 gekaufte H\u00fcllen, die 3. gratis<span style=\"color: #ff0000;\"> &gt;hier&lt;<\/span><\/strong><\/a><\/p>\n","protected":false},"excerpt":{"rendered":"<p>Madagaskar Bourbon Vanille, veredelte und aromatische Schoten der G\u00fcteklasse B mit leichter roter Marmorierung.<br \/>\nIdealerweise zu verwenden als Mazeration f\u00fcr Rum, Sangria, Punsch<br \/>\n(1 bis 2 Schoten pro Liter Zubereitung vorsehen)<br \/>\nDie Qualit\u00e4ten GRADE B sind trockener als die Gourmet-Qualit\u00e4ten.<br \/>\nF\u00fcr Ihre Konditorzubereitungen bevorzugen Sie unser Gourmet-Sortiment.<\/p>\n<p>Ein Rezept finden Sie unter <a title=\"Arrangierter Rum mit Vanille\" href=\"https:\/\/mondevanille.com\/de\/rhum-arrange-a-la-vanille\/\" target=\"_blank\" rel=\"noopener\"><strong>&gt;hier&lt;<\/strong><\/a><\/p>\n<p><a title=\"Angebot Arrangierter Rum\" href=\"https:\/\/mondevanille.com\/de\/produkt\/vanille-rum-schote\/?attribute_type=OFFRE+2%3D3\"><img decoding=\"async\" src=\"https:\/\/mondevanille.com\/wp-content\/uploads\/2022\/12\/Offre-Speciale-e1696493874358.webp\" alt=\"\" width=\"65\" height=\"27\"> <strong>F\u00fcr 2 gekaufte Taschen, die dritte gratis<span style=\"color: #ff0000;\"> &gt;hier&lt;<\/span><\/strong><\/a><\/p>\n","protected":false},"featured_media":60737,"template":"","meta":[],"product_brand":[],"product_cat":[546,361,785],"product_tag":[],"class_list":{"0":"post-15094","1":"product","2":"type-product","3":"status-publish","4":"has-post-thumbnail","6":"product_cat-im-angebot-de","7":"product_cat-tasche","8":"product_cat-zu-verschenken","9":"product_shipping_class-kostenlose-lieferung","11":"first","12":"instock","13":"sale","14":"taxable","15":"shipping-taxable","16":"purchasable","17":"product-type-variable","18":"wvs-archive-product-wrapper"},"aioseo_notices":[],"_links":{"self":[{"href":"https:\/\/mondevanille.com\/de\/wp-json\/wp\/v2\/product\/15094","targetHints":{"allow":["GET"]}}],"collection":[{"href":"https:\/\/mondevanille.com\/de\/wp-json\/wp\/v2\/product"}],"about":[{"href":"https:\/\/mondevanille.com\/de\/wp-json\/wp\/v2\/types\/product"}],"wp:featuredmedia":[{"embeddable":true,"href":"https:\/\/mondevanille.com\/de\/wp-json\/wp\/v2\/media\/60737"}],"wp:attachment":[{"href":"https:\/\/mondevanille.com\/de\/wp-json\/wp\/v2\/media?parent=15094"}],"wp:term":[{"taxonomy":"product_brand","embeddable":true,"href":"https:\/\/mondevanille.com\/de\/wp-json\/wp\/v2\/product_brand?post=15094"},{"taxonomy":"product_cat","embeddable":true,"href":"https:\/\/mondevanille.com\/de\/wp-json\/wp\/v2\/product_cat?post=15094"},{"taxonomy":"product_tag","embeddable":true,"href":"https:\/\/mondevanille.com\/de\/wp-json\/wp\/v2\/product_tag?post=15094"}],"curies":[{"name":"wp","href":"https:\/\/api.w.org\/{rel}","templated":true}]}}