{"id":42670,"date":"2022-11-04T13:22:05","date_gmt":"2022-11-04T12:22:05","guid":{"rendered":"https:\/\/mondevanille.com\/produit\/vanille-pulver\/"},"modified":"2025-11-30T16:17:01","modified_gmt":"2025-11-30T15:17:01","slug":"vanille-pulver","status":"publish","type":"product","link":"https:\/\/mondevanille.com\/de\/produkt\/vanille-pulver\/","title":{"rendered":"Vanille <br> in Pulverform"},"content":{"rendered":"<p>Vanillepulver aus Madagaskar oder Neuguinea, gemahlen\/debakterisiert. Unser Pulver besteht zu 100% aus <a href=\"https:\/\/fr.wikipedia.org\/wiki\/Vanille\" target=\"_blank\" rel=\"noopener\">Vanilleschoten<\/a>.<\/p>\n<p style=\"margin: 0cm; text-align: justify; background: white;\"><span style=\"font-size: 10.5pt; font-family: 'Segoe UI',sans-serif; color: black;\">Die <strong>Bourbon-Vanille aus Madagaskar<\/strong> ist weltweit bekannt f\u00fcr ihre hohe Qualit\u00e4t, ihren berauschenden &amp; zarten Duft mit subtilen Kakaonoten.  <\/span><\/p>\n<p style=\"margin: 0cm; text-align: justify; background: white;\"><span style=\"font-size: 10.5pt; font-family: 'Segoe UI',sans-serif; color: black;\">Die Schoten werden von der Befruchtung bis zur Verpackung von den lokalen Bauern, die eine lange Tradition in der Herstellung von Qualit\u00e4tsvanille haben, sorgf\u00e4ltig kontrolliert und \u00fcberwacht.<\/span><\/p>\n<p style=\"margin: 0cm; text-align: justify; background: white;\"><span style=\"font-size: 10.5pt; font-family: 'Segoe UI',sans-serif; color: black;\">Unser Unternehmen ist bestrebt, Ihnen die besten Vanilleschoten aus <strong>Madagaskar<\/strong> anzubieten, die sorgf\u00e4ltig ausgew\u00e4hlt, von Hand gepfl\u00fcckt, in der Sonne gereift und dann in Truhen gelagert werden, damit sich das Vanillin, das wichtigste Aromamolek\u00fcl, optimal entwickeln kann. <\/span><span style=\"color: black; font-family: 'Segoe UI', sans-serif; font-size: 10.5pt;\">Wir arbeiten eng mit lokalen Bauern und renommierten Exporteuren in <strong>Madagaskar<\/strong> zusammen, um sicherzustellen, dass unsere Produkte auf umweltfreundliche, faire und ethische Weise angebaut werden.<\/span><\/p>\n<p style=\"margin: 0cm; text-align: justify; background: white;\"><span style=\"font-size: 10.5pt; font-family: 'Segoe UI',sans-serif; color: black;\">Verwenden Sie unser Vanillepulver aus <strong>Madagaskar<\/strong>, um Ihre Lieblingsdesserts, Kuchen, Eiscreme, Cr\u00e8me br\u00fbl\u00e9e, Makronen und Marmelade zu aromatisieren oder um Ihren Hei\u00dfgetr\u00e4nken einen Hauch von exotischem Geschmack zu verleihen.  <\/span><\/p>\n<p style=\"margin: 0cm; text-align: justify; background: white;\"><span style=\"font-size: 10.5pt; font-family: 'Segoe UI',sans-serif; color: black;\">Neben Vanilleschoten umfasst unser Sortiment auch 100 % nat\u00fcrliches Vanillepulver, Vanilleextrakte ohne Zusatzstoffe und Vanillezucker. All dies sind Produkte, die Sie auf unserer Website in dem f\u00fcr Ihren Bedarf geeigneten Format finden k\u00f6nnen.<\/span><\/p>\n<p style=\"margin: 0cm; text-align: justify; background: white;\"><span style=\"font-size: 10.5pt; font-family: 'Segoe UI',sans-serif; color: black;\">Bestellen Sie jetzt online, um die Eigenschaften unserer Vanille aus <strong>Madagaskar<\/strong> kennenzulernen.<\/span><\/p>\n<p>Auch erh\u00e4ltlich in  <a title=\"Bio - VanillepulverZertifiziert FR-BIO-10\" href=\"https:\/\/mondevanille.com\/de\/produkt\/bio-vanille-pulver\/\"><strong>BIO  <\/strong><img decoding=\"async\" src=\"https:\/\/mondevanille.com\/wp-content\/uploads\/2021\/02\/LogoABAurolong-100.webp\" alt=\"BIO Vanille-Logopulver\" width=\"100\" height=\"43\"><\/a><\/p>\n<p><em><strong>Technische Datenbl\u00e4tter, Bio-Zertifikate und Analysebulletins finden Sie auf unserer Website unter der Registerkarte &#8222;ENGAGEMENT QUALIT\u00c4T&#8220;. <\/strong><\/em><\/p>\n","protected":false},"excerpt":{"rendered":"<p>Vanillepulver, gemahlen \/ entbakterisiert, zu 100% aus <a href=\"https:\/\/fr.wikipedia.org\/wiki\/Vanille\" target=\"_blank\" rel=\"noopener\">Vanilleschoten<\/a>.<\/p>\n<p><strong>Verpackung<\/strong>: Vakuumbeutel \/ Glas \/ Tube.<br \/>\n Dosierung<strong>:<\/strong> Nach Rezept \/ 1 Essl\u00f6ffel = 1 Vanilleschote.<\/p>\n<p>Auch erh\u00e4ltlich in <a title=\"Bio - VanillepulverZertifiziert FR-BIO-10\" href=\"https:\/\/mondevanille.com\/de\/produkt\/bio-vanille-pulver\/\"><strong>BIO<\/strong><\/a><\/p>\n","protected":false},"featured_media":60837,"template":"","meta":[],"product_brand":[],"product_cat":[667,507,433],"product_tag":[],"class_list":{"0":"post-42670","1":"product","2":"type-product","3":"status-publish","4":"has-post-thumbnail","6":"product_cat-profis","7":"product_cat-pulver","8":"product_cat-verarbeitete-produkte","10":"first","11":"instock","12":"sale","13":"taxable","14":"shipping-taxable","15":"purchasable","16":"product-type-variable","17":"wvs-archive-product-wrapper"},"aioseo_notices":[],"_links":{"self":[{"href":"https:\/\/mondevanille.com\/de\/wp-json\/wp\/v2\/product\/42670","targetHints":{"allow":["GET"]}}],"collection":[{"href":"https:\/\/mondevanille.com\/de\/wp-json\/wp\/v2\/product"}],"about":[{"href":"https:\/\/mondevanille.com\/de\/wp-json\/wp\/v2\/types\/product"}],"wp:featuredmedia":[{"embeddable":true,"href":"https:\/\/mondevanille.com\/de\/wp-json\/wp\/v2\/media\/60837"}],"wp:attachment":[{"href":"https:\/\/mondevanille.com\/de\/wp-json\/wp\/v2\/media?parent=42670"}],"wp:term":[{"taxonomy":"product_brand","embeddable":true,"href":"https:\/\/mondevanille.com\/de\/wp-json\/wp\/v2\/product_brand?post=42670"},{"taxonomy":"product_cat","embeddable":true,"href":"https:\/\/mondevanille.com\/de\/wp-json\/wp\/v2\/product_cat?post=42670"},{"taxonomy":"product_tag","embeddable":true,"href":"https:\/\/mondevanille.com\/de\/wp-json\/wp\/v2\/product_tag?post=42670"}],"curies":[{"name":"wp","href":"https:\/\/api.w.org\/{rel}","templated":true}]}}