{"id":46284,"date":"2022-12-23T10:51:07","date_gmt":"2022-12-23T09:51:07","guid":{"rendered":"https:\/\/mondevanille.com\/?post_type=product&#038;p=46284"},"modified":"2025-12-05T07:43:37","modified_gmt":"2025-12-05T06:43:37","slug":"gousse-de-nouvelle-guinee-professionell","status":"publish","type":"product","link":"https:\/\/mondevanille.com\/de\/produkt\/gousse-de-nouvelle-guinee-professionell\/","title":{"rendered":"Vanilleschote <br>Papua-Neuguinea<br>PROFESSIONAL"},"content":{"rendered":"<p>In Papua-Neuguinea werden unterschiedslos die Sorten Tahitensis und Planifolia angebaut. Vanilla Tahitensis, die in Neuguinea produziert wird, unterscheidet sich sehr von ihrer Schwester aus Tahiti. Sie ist pfeffriger und w\u00fcrziger, einige Chargen sind in der Nase anisartig mit einem Geschmack von ger\u00f6steten N\u00fcssen in der K\u00fcche. Die Auspr\u00e4gung von nat\u00fcrlichem Vanillin ist weiterhin h\u00e4ufig auf den Schoten zu finden und zeigt sich in Form von wei\u00dfen Punkten. Vielseitige Vanille sie entfaltet sich vollends als Begleiter von warmen Gerichten, wei\u00dfem Fleisch, Fisch, So\u00dfen.<\/p>\n<p><em><strong>Technische Datenbl\u00e4tter, Bio-Zertifikate und Analysebulletins finden Sie auf unserer Website unter der Registerkarte &#8222;ENGAGEMENT QUALIT\u00c4T&#8220;.<\/strong><\/em><\/p>\n","protected":false},"excerpt":{"rendered":"<p>Vanille ist vielseitig und eignet sich hervorragend als Beilage zu warmen Gerichten, wei\u00dfem Fleisch, Fisch, So\u00dfen, aber auch zum Aromatisieren von Desserts aller Art.<br \/>\nWirtschaftliche Verpackung in Vakuumbeuteln von 0,250 kg bis 25 kg.<br \/>\nGarantierte Herkunft. Entspricht der Norm Afnor 5565-1.<br \/>\nUnsere Preise verstehen sich inkl. MwSt. - Portofrei in Frankreich ab einem Bestellwert von 50 Euro.<br \/>\nAuch erh\u00e4ltlich in<span style=\"color: #993300;\"> <a style=\"color: #993300;\" title=\"Bio - Vanille im Kilo\" href=\"https:\/\/mondevanille.com\/de\/?post_type=product&#038;p=12042\">&gt;&gt;BIO&lt;&lt;<\/a><\/span> <\/p>\n","protected":false},"featured_media":47853,"template":"","meta":[],"product_brand":[],"product_cat":[667],"product_tag":[],"class_list":{"0":"post-46284","1":"product","2":"type-product","3":"status-publish","4":"has-post-thumbnail","6":"product_cat-profis","8":"first","9":"instock","10":"sale","11":"taxable","12":"shipping-taxable","13":"purchasable","14":"product-type-variable","15":"wvs-archive-product-wrapper"},"aioseo_notices":[],"_links":{"self":[{"href":"https:\/\/mondevanille.com\/de\/wp-json\/wp\/v2\/product\/46284","targetHints":{"allow":["GET"]}}],"collection":[{"href":"https:\/\/mondevanille.com\/de\/wp-json\/wp\/v2\/product"}],"about":[{"href":"https:\/\/mondevanille.com\/de\/wp-json\/wp\/v2\/types\/product"}],"wp:featuredmedia":[{"embeddable":true,"href":"https:\/\/mondevanille.com\/de\/wp-json\/wp\/v2\/media\/47853"}],"wp:attachment":[{"href":"https:\/\/mondevanille.com\/de\/wp-json\/wp\/v2\/media?parent=46284"}],"wp:term":[{"taxonomy":"product_brand","embeddable":true,"href":"https:\/\/mondevanille.com\/de\/wp-json\/wp\/v2\/product_brand?post=46284"},{"taxonomy":"product_cat","embeddable":true,"href":"https:\/\/mondevanille.com\/de\/wp-json\/wp\/v2\/product_cat?post=46284"},{"taxonomy":"product_tag","embeddable":true,"href":"https:\/\/mondevanille.com\/de\/wp-json\/wp\/v2\/product_tag?post=46284"}],"curies":[{"name":"wp","href":"https:\/\/api.w.org\/{rel}","templated":true}]}}