{"id":46753,"date":"2022-12-23T14:02:30","date_gmt":"2022-12-23T13:02:30","guid":{"rendered":"https:\/\/mondevanille.com\/?post_type=product&#038;p=46753"},"modified":"2025-10-21T21:27:30","modified_gmt":"2025-10-21T19:27:30","slug":"gousse-de-comores-professionell","status":"publish","type":"product","link":"https:\/\/mondevanille.com\/de\/produkt\/gousse-de-comores-professionell\/","title":{"rendered":"Vanilleschote <br>Komoren <br>PROFESSIONAL"},"content":{"rendered":"<p>Die Vanille der Komoren, die die Bezeichnung Bourbon tr\u00e4gt, bietet uns stark blumige, aromatische Noten und einen unvergleichlichen Vanillingehalt von 2 %. Vielseitige Vanille mit ihrer weniger s\u00fc\u00dfen und raueren Seite als Madagaskar, die sich f\u00fcr alle Arten von Rezepten eignet.<br \/>\nUnsere Preise sind inkl. MwSt. - Portofrei Frankreich ab 50 Euro Kaufpreis.<\/p>\n<p><em><strong>Technische Datenbl\u00e4tter, Bio-Zertifikate und Analysebulletins finden Sie auf unserer Website unter der Registerkarte &#8222;ENGAGEMENT QUALIT\u00c4T&#8220;.<\/strong><\/em><\/p>\n","protected":false},"excerpt":{"rendered":"<p>Die Vanille der Komoren, die die Bezeichnung Bourbon tr\u00e4gt, bietet uns stark blumige, aromatische Noten und einen unvergleichlichen Vanillingehalt von 2 %. Vielseitige Vanille mit ihrer weniger s\u00fc\u00dfen und raueren Seite als Madagaskar, die sich f\u00fcr alle Arten von Rezepten eignet.<\/p>\n<p>Unsere Angebote: Wirtschaftliche Verpackung in Vakuumbeuteln von 0,250 kg bis 25 kg.<br \/>\nGarantierte Herkunft. Entspricht der afnor-Norm 5565-1.<br \/>\nUnsere Preise verstehen sich inkl. MwSt. - Frei Haus Frankreich ab 50 Euro Bestellwert. <\/p>\n","protected":false},"featured_media":46975,"template":"","meta":[],"product_brand":[],"product_cat":[667],"product_tag":[],"class_list":{"0":"post-46753","1":"product","2":"type-product","3":"status-publish","4":"has-post-thumbnail","6":"product_cat-profis","8":"first","9":"outofstock","10":"taxable","11":"shipping-taxable","12":"purchasable","13":"product-type-variable","14":"has-default-attributes","15":"wvs-archive-product-wrapper"},"aioseo_notices":[],"_links":{"self":[{"href":"https:\/\/mondevanille.com\/de\/wp-json\/wp\/v2\/product\/46753","targetHints":{"allow":["GET"]}}],"collection":[{"href":"https:\/\/mondevanille.com\/de\/wp-json\/wp\/v2\/product"}],"about":[{"href":"https:\/\/mondevanille.com\/de\/wp-json\/wp\/v2\/types\/product"}],"wp:featuredmedia":[{"embeddable":true,"href":"https:\/\/mondevanille.com\/de\/wp-json\/wp\/v2\/media\/46975"}],"wp:attachment":[{"href":"https:\/\/mondevanille.com\/de\/wp-json\/wp\/v2\/media?parent=46753"}],"wp:term":[{"taxonomy":"product_brand","embeddable":true,"href":"https:\/\/mondevanille.com\/de\/wp-json\/wp\/v2\/product_brand?post=46753"},{"taxonomy":"product_cat","embeddable":true,"href":"https:\/\/mondevanille.com\/de\/wp-json\/wp\/v2\/product_cat?post=46753"},{"taxonomy":"product_tag","embeddable":true,"href":"https:\/\/mondevanille.com\/de\/wp-json\/wp\/v2\/product_tag?post=46753"}],"curies":[{"name":"wp","href":"https:\/\/api.w.org\/{rel}","templated":true}]}}