{"id":47425,"date":"2022-12-22T16:07:44","date_gmt":"2022-12-22T15:07:44","guid":{"rendered":"https:\/\/mondevanille.com\/produit\/schoten-von-madagaskar-professionell\/"},"modified":"2026-04-22T08:56:02","modified_gmt":"2026-04-22T06:56:02","slug":"schoten-von-madagaskar-professionell","status":"publish","type":"product","link":"https:\/\/mondevanille.com\/de\/produkt\/schoten-von-madagaskar-professionell\/","title":{"rendered":"Vanilleschote <br>Madagaskar <br> PROFESSIONAL"},"content":{"rendered":"<p style=\"margin: 0cm; text-align: justify; background: white;\"><span style=\"font-size: 10.5pt; font-family: 'Segoe UI',sans-serif; color: black;\">Die <a href=\"https:\/\/fr.wikipedia.org\/wiki\/Vanille\" target=\"_blank\" rel=\"noopener\">Vanille<\/a> <strong>Bourbon aus Madagaskar<\/strong> ist weltweit bekannt f\u00fcr ihre erstklassige Qualit\u00e4t, ihren bet\u00f6renden &amp; zarten Duft mit subtilen Kakao-Noten. <\/span><\/p>\n<p style=\"margin: 0cm; text-align: justify; background: white;\"><span style=\"font-size: 10.5pt; font-family: 'Segoe UI',sans-serif; color: black;\">Die Schoten werden von der Befruchtung bis zur Verpackung von den lokalen Bauern, die eine lange Tradition in der Herstellung von Qualit\u00e4tsvanille haben, sorgf\u00e4ltig kontrolliert und \u00fcberwacht.<\/span><\/p>\n<p style=\"margin: 0cm; text-align: justify; background: white;\"><span style=\"font-size: 10.5pt; font-family: 'Segoe UI',sans-serif; color: black;\">Unser Unternehmen ist bestrebt, Ihnen die besten Vanilleschoten aus <strong>Madagaskar<\/strong> anzubieten, sorgf\u00e4ltig ausgew\u00e4hlt, handgepfl\u00fcckt, sonnengereift und anschlie\u00dfend in Kisten gelagert, um die optimale Entwicklung von Vanillin, dem wichtigsten Aromamolek\u00fcl, zu erm\u00f6glichen. <\/span><span style=\"color: black; font-family: 'Segoe UI', sans-serif; font-size: 10.5pt;\">Wir arbeiten eng mit lokalen Bauern &amp; renommierten Exporteuren aus <strong>Madagaskar<\/strong> zusammen, um sicherzustellen, dass unsere Produkte \u00f6kologisch und ethisch angebaut werden.<\/span><\/p>\n<p style=\"margin: 0cm; text-align: justify; background: white;\"><span style=\"font-size: 10.5pt; font-family: 'Segoe UI',sans-serif; color: black;\">Verwenden Sie unsere <strong>Madagaskar-Vanille<\/strong>, um Ihre Lieblingsdesserts, Kuchen, Eiscreme, Cr\u00e8me br\u00fbl\u00e9e, Makronen &amp; Konfit\u00fcre zu aromatisieren oder um Ihren Hei\u00dfgetr\u00e4nken einen Hauch von exotischem Geschmack zu verleihen.  <\/span><\/p>\n<p style=\"margin: 0cm; text-align: justify; background: white;\"><span style=\"font-size: 10.5pt; font-family: 'Segoe UI',sans-serif; color: black;\">Neben Vanilleschoten umfasst unser Sortiment auch 100 % nat\u00fcrliches Vanillepulver, Vanilleextrakte ohne Zusatzstoffe und Vanillezucker in verschiedenen Aufmachungen. In unserem Online-Shop finden Sie eine gro\u00dfe Auswahl an Produkten, die auf Ihre Bed\u00fcrfnisse zugeschnitten sind.<\/span><\/p>\n<p style=\"margin: 0cm; text-align: justify; background: white;\"><span style=\"font-size: 10.5pt; font-family: 'Segoe UI',sans-serif; color: black;\">Bestellen Sie jetzt und entdecken Sie die aromatischen Qualit\u00e4ten unserer Vanille aus <strong>Madagaskar<\/strong>.  <\/span><\/p>\n<p><em><strong>Technische Datenbl\u00e4tter, Bio-Zertifikate und Analysebulletins finden Sie auf unserer Website unter der Registerkarte &#8222;ENGAGEMENT QUALIT\u00c4T&#8220;.<\/strong><\/em><\/p>\n<p>Erh\u00e4ltlich auch in<strong><span style=\"color: #993300;\"> <a style=\"color: #993300;\" title=\"Bio - Schoten - Zertifiziert FR-BIO-10\" href=\"https:\/\/mondevanille.com\/de\/produkt\/biogut\/\">&gt;&gt;BIO&lt;&lt;<\/a> <\/span><\/strong> <img decoding=\"async\" class=\"size-full wp-image-56426\" src=\"https:\/\/mondevanille.com\/wp-content\/uploads\/2021\/02\/LogoABAurolong-100.webp\" alt=\"BIO-Logo\" width=\"100\" height=\"43\" srcset=\"https:\/\/mondevanille.com\/wp-content\/uploads\/2021\/02\/LogoABAurolong-100.webp 100w, https:\/\/mondevanille.com\/wp-content\/uploads\/2021\/02\/LogoABAurolong-100-64x28.webp 64w\" sizes=\"(max-width: 100px) 100vw, 100px\" \/><\/p>\n<p>&nbsp;<\/p>\n","protected":false},"excerpt":{"rendered":"<p>Unsere Angebote: Bourbon-Vanille aus Madagaskar, Gourmet-Qualit\u00e4t gem\u00e4\u00df der Norm Afnor 5565-1.<br \/>\nPreis inkl. MwSt. - Portofrei Frankreich ab 50 Euro Bestellwert.<br \/>\nAuch erh\u00e4ltlich in<span style=\"color: #993300;\"> <a style=\"color: #993300;\" title=\"Vanilleschote Madagaskar PROFESSIONAL\" href=\"https:\/\/mondevanille.com\/de\/produkt\/biogut\/\">&gt;&gt;BIO&lt;&lt;<\/a><\/span><\/p>\n","protected":false},"featured_media":47848,"template":"","meta":[],"product_brand":[],"product_cat":[667],"product_tag":[],"class_list":{"0":"post-47425","1":"product","2":"type-product","3":"status-publish","4":"has-post-thumbnail","6":"product_cat-profis","8":"first","9":"instock","10":"sale","11":"taxable","12":"shipping-taxable","13":"purchasable","14":"product-type-variable","15":"wvs-archive-product-wrapper"},"aioseo_notices":[],"_links":{"self":[{"href":"https:\/\/mondevanille.com\/de\/wp-json\/wp\/v2\/product\/47425","targetHints":{"allow":["GET"]}}],"collection":[{"href":"https:\/\/mondevanille.com\/de\/wp-json\/wp\/v2\/product"}],"about":[{"href":"https:\/\/mondevanille.com\/de\/wp-json\/wp\/v2\/types\/product"}],"wp:featuredmedia":[{"embeddable":true,"href":"https:\/\/mondevanille.com\/de\/wp-json\/wp\/v2\/media\/47848"}],"wp:attachment":[{"href":"https:\/\/mondevanille.com\/de\/wp-json\/wp\/v2\/media?parent=47425"}],"wp:term":[{"taxonomy":"product_brand","embeddable":true,"href":"https:\/\/mondevanille.com\/de\/wp-json\/wp\/v2\/product_brand?post=47425"},{"taxonomy":"product_cat","embeddable":true,"href":"https:\/\/mondevanille.com\/de\/wp-json\/wp\/v2\/product_cat?post=47425"},{"taxonomy":"product_tag","embeddable":true,"href":"https:\/\/mondevanille.com\/de\/wp-json\/wp\/v2\/product_tag?post=47425"}],"curies":[{"name":"wp","href":"https:\/\/api.w.org\/{rel}","templated":true}]}}