{"id":47476,"date":"2022-12-30T10:12:00","date_gmt":"2022-12-30T09:12:00","guid":{"rendered":"https:\/\/mondevanille.com\/?post_type=product&#038;p=47476"},"modified":"2026-04-17T17:37:52","modified_gmt":"2026-04-17T15:37:52","slug":"metall-box-2","status":"publish","type":"product","link":"https:\/\/mondevanille.com\/de\/produkt\/metall-box-2\/","title":{"rendered":"Metall-Box"},"content":{"rendered":"<p><a href=\"https:\/\/fr.wikipedia.org\/wiki\/Vanille\">Vanilleschote<\/a> Wird f\u00fcr eine bessere Haltbarkeit in einer Metalldose geliefert.<\/p>\n<p>Schwarze, ungespaltene Qualit\u00e4t, Vanilleschoten, die f\u00fcr eine optimale Entwicklung der Aromen verfeinert wurden. Unser Sortiment umfasst Vanille aus Madagaskar, Papua-Neuguinea, Mexiko, den Komoren und Tahiti. <\/p>\n<p>Verpackung Vakuumbeutel und eine Metalldose.<\/p>\n<p>Wir bieten Ihnen auch unser Sortiment Bocal :<\/p>\n<p><a title=\"Glas Vanille-Schote-Pulver-Zucker\" href=\"https:\/\/mondevanille.com\/de\/produkt\/krug\/\" target=\"_blank\" rel=\"noopener\"><img decoding=\"async\" class=\" wp-image-60936\" src=\"https:\/\/mondevanille.com\/wp-content\/uploads\/2022\/02\/Bocal-presentation-2025-2.webp\" alt=\"Glas Vanille Schoten Puderzucker\" width=\"144\" height=\"192\"><\/a><\/p>\n<p><em><strong>Technische Datenbl\u00e4tter, Bio-Zertifikate und Analysebulletins finden Sie auf unserer Website unter der Registerkarte &#8222;ENGAGEMENT QUALIT\u00c4T&#8220;.<\/strong><\/em><\/p>\n<p>Franz\u00f6sisches Familienunternehmen, seit zwei Generationen ist Vanille unser Beruf und unsere Leidenschaft.<\/p>\n<p>Unser Unternehmen LE MONDE DE LA VANILLE wurde speziell f\u00fcr den Einzelhandel mit Vanille aller Herkunft und hoher Qualit\u00e4t gegr\u00fcndet und vertreibt seine Produkte haupts\u00e4chlich in Frankreich, aber auch \u00fcber sein Vertriebsnetz in mehr als 30 L\u00e4ndern (Italien, England, Belgien, Deutschland, Spanien, Schweiz, D\u00e4nemark, Schweden, S\u00fcdkorea, Taiwan, Finnland, \u00d6sterreich,&#8230;).<\/p>\n<p>Unsere Vanille aus aller Welt stammt aus Madagaskar, Mexiko, Tahiti, Papua Neuguinea, Indien&#8230;<\/p>\n","protected":false},"excerpt":{"rendered":"<p>Wird mit einer Metallbox zur besseren Aufbewahrung geliefert.<\/p>\n<p>Schwarze, ungespaltene Qualit\u00e4t. Raffinierte Vanille f\u00fcr optimale Aromenentfaltung<\/p>\n<p>Verpackung: Metalldose + Vakuumbeutel<\/p>\n","protected":false},"featured_media":42921,"template":"","meta":[],"product_brand":[],"product_cat":[363,332,272,667,785],"product_tag":[],"class_list":{"0":"post-47476","1":"product","2":"type-product","3":"status-publish","4":"has-post-thumbnail","6":"product_cat-boxen","7":"product_cat-konditionierung","8":"product_cat-metall-box","9":"product_cat-profis","10":"product_cat-zu-verschenken","12":"first","13":"instock","14":"sale","15":"taxable","16":"shipping-taxable","17":"purchasable","18":"product-type-variable","19":"wvs-archive-product-wrapper"},"aioseo_notices":[],"_links":{"self":[{"href":"https:\/\/mondevanille.com\/de\/wp-json\/wp\/v2\/product\/47476","targetHints":{"allow":["GET"]}}],"collection":[{"href":"https:\/\/mondevanille.com\/de\/wp-json\/wp\/v2\/product"}],"about":[{"href":"https:\/\/mondevanille.com\/de\/wp-json\/wp\/v2\/types\/product"}],"wp:featuredmedia":[{"embeddable":true,"href":"https:\/\/mondevanille.com\/de\/wp-json\/wp\/v2\/media\/42921"}],"wp:attachment":[{"href":"https:\/\/mondevanille.com\/de\/wp-json\/wp\/v2\/media?parent=47476"}],"wp:term":[{"taxonomy":"product_brand","embeddable":true,"href":"https:\/\/mondevanille.com\/de\/wp-json\/wp\/v2\/product_brand?post=47476"},{"taxonomy":"product_cat","embeddable":true,"href":"https:\/\/mondevanille.com\/de\/wp-json\/wp\/v2\/product_cat?post=47476"},{"taxonomy":"product_tag","embeddable":true,"href":"https:\/\/mondevanille.com\/de\/wp-json\/wp\/v2\/product_tag?post=47476"}],"curies":[{"name":"wp","href":"https:\/\/api.w.org\/{rel}","templated":true}]}}