{"id":48340,"date":"2023-01-11T16:57:11","date_gmt":"2023-01-11T15:57:11","guid":{"rendered":"https:\/\/mondevanille.com\/?post_type=product&#038;p=48340"},"modified":"2026-02-05T18:46:38","modified_gmt":"2026-02-05T17:46:38","slug":"vanille-schote-tahitiprofessionell","status":"publish","type":"product","link":"https:\/\/mondevanille.com\/de\/produkt\/vanille-schote-tahitiprofessionell\/","title":{"rendered":"Vanilleschote <br>de Tahiti<br>PROFESSIONNEL"},"content":{"rendered":"<p><a href=\"https:\/\/fr.wikipedia.org\/wiki\/Tahiti\" target=\"_blank\" rel=\"noopener\">Tahiti-Vanille<\/a><em>&#8218;Vanilla Tahitensis<\/em>&#8218; ist ein au\u00dfergew\u00f6hnliches Produkt.<\/p>\n<hr>\n<p>Fette und \u00f6lige Schoten, runzlige, gl\u00e4nzende Farbe, berauschender, s\u00fc\u00dfer Duft, Noten von Pflaumen mit einem leichten Karamellhintergrund, je nach Partie. Sehr gute Best\u00e4ndigkeit der Schoten im Laufe der Zeit mit einem durchschnittlichen Gewicht, das viel h\u00f6her ist als bei den &#8222;Planifolia&#8220; -Sorten. Eher f\u00fcr Desserts geeignet. Garantierte Herkunft. Afnor 5565-1-konform.<\/p>\n<p>Unsere Angebote: Wirtschaftliche Verpackung in Vakuumbeuteln von 0,250 kg bis 25 kg.<\/p>\n<p>Garantierte Herkunft. Afnor 5565-1-konform.<\/p>\n<p>Unsere Preise verstehen sich inkl. MwSt. - Portofrei Deutschland ab einem Bestellwert von 150 Euro.<\/p>\n<p><em><strong><a title=\"Technische Merkbl\u00e4tter\" href=\"https:\/\/mondevanille.com\/de\/technische-datenblaetter\/\" target=\"_blank\" rel=\"noopener\">Technische Datenbl\u00e4tter<\/a>, Bio-Zertifikate und Analysebulletins finden Sie auf der Registerkarte &#8222;QUALIT\u00c4TSENGAGEMENT&#8220; auf unserer Website.<\/strong><\/em><\/p>\n<p><img decoding=\"async\" class=\"wp-image-63239 aligncenter\" src=\"https:\/\/mondevanille.com\/wp-content\/uploads\/2022\/02\/tahiti-2.webp\" alt=\"Tahiti-Vanille\" width=\"128\" height=\"126\" srcset=\"https:\/\/mondevanille.com\/wp-content\/uploads\/2022\/02\/tahiti-2.webp 471w, https:\/\/mondevanille.com\/wp-content\/uploads\/2022\/02\/tahiti-2-50x50.webp 50w, https:\/\/mondevanille.com\/wp-content\/uploads\/2022\/02\/tahiti-2-64x63.webp 64w\" sizes=\"(max-width: 128px) 100vw, 128px\" \/><\/p>\n","protected":false},"excerpt":{"rendered":"<p>Tahiti-Vanille<em>&#8218;Vanilla Tahitensis<\/em>&#8218; ist ein au\u00dfergew\u00f6hnliches Produkt.<\/p>\n<hr>\n<p>Fette und \u00f6lige Schoten, runzlige, gl\u00e4nzende Farbe, berauschender, s\u00fc\u00dfer Duft, Noten von Pflaumen mit einem leichten Karamellhintergrund, je nach Partie. Sehr gute Best\u00e4ndigkeit der Schoten im Laufe der Zeit mit einem durchschnittlichen Gewicht, das viel h\u00f6her ist als bei den &#8222;Planifolia&#8220; -Sorten. Eher f\u00fcr Desserts geeignet. Garantierte Herkunft. Afnor 5565-1-konform.<\/p>\n<p><a title=\"Tahiti-Vanille\" href=\"https:\/\/mondevanille.com\/de\/produkt\/tahiti-vanille\/\"><span style=\"color: #ff0000;\"><strong>&gt;&gt;Weitere Angebote finden Sie hier.&lt;&lt;<\/strong><\/span><\/a><\/p>\n","protected":false},"featured_media":47867,"template":"","meta":[],"product_brand":[],"product_cat":[513,667,298],"product_tag":[],"class_list":{"0":"post-48340","1":"product","2":"type-product","3":"status-publish","4":"has-post-thumbnail","6":"product_cat-franzoesische-vanille","7":"product_cat-profis","8":"product_cat-tahiti-de","10":"first","11":"instock","12":"sale","13":"taxable","14":"shipping-taxable","15":"purchasable","16":"product-type-variable","17":"wvs-archive-product-wrapper"},"aioseo_notices":[],"_links":{"self":[{"href":"https:\/\/mondevanille.com\/de\/wp-json\/wp\/v2\/product\/48340","targetHints":{"allow":["GET"]}}],"collection":[{"href":"https:\/\/mondevanille.com\/de\/wp-json\/wp\/v2\/product"}],"about":[{"href":"https:\/\/mondevanille.com\/de\/wp-json\/wp\/v2\/types\/product"}],"wp:featuredmedia":[{"embeddable":true,"href":"https:\/\/mondevanille.com\/de\/wp-json\/wp\/v2\/media\/47867"}],"wp:attachment":[{"href":"https:\/\/mondevanille.com\/de\/wp-json\/wp\/v2\/media?parent=48340"}],"wp:term":[{"taxonomy":"product_brand","embeddable":true,"href":"https:\/\/mondevanille.com\/de\/wp-json\/wp\/v2\/product_brand?post=48340"},{"taxonomy":"product_cat","embeddable":true,"href":"https:\/\/mondevanille.com\/de\/wp-json\/wp\/v2\/product_cat?post=48340"},{"taxonomy":"product_tag","embeddable":true,"href":"https:\/\/mondevanille.com\/de\/wp-json\/wp\/v2\/product_tag?post=48340"}],"curies":[{"name":"wp","href":"https:\/\/api.w.org\/{rel}","templated":true}]}}