{"id":50308,"date":"2023-04-11T16:40:03","date_gmt":"2023-04-11T14:40:03","guid":{"rendered":"https:\/\/mondevanille.com\/produit\/vanille-des-comores-mayotte\/"},"modified":"2025-07-18T15:47:54","modified_gmt":"2025-07-18T13:47:54","slug":"vanille-des-comores-mayotte","status":"publish","type":"product","link":"https:\/\/mondevanille.com\/de\/produkt\/vanille-des-comores-mayotte\/","title":{"rendered":"Vanille von den Komoren - <br>MAYOTTE<br>"},"content":{"rendered":"<p>Mayotte ist eine Inselgruppe im Indischen Ozean, die zwischen Madagaskar und der K\u00fcste von Mosambik liegt. Es ist ein franz\u00f6sisches Departement und eine franz\u00f6sische Region, auch wenn die traditionelle Kultur Mayottes eher mit der der benachbarten Komoren-Inseln vergleichbar ist.<\/p>\n<p>Die Farbe und das Aroma bleiben klassisch f\u00fcr Bourbon-Vanille aus dem Indischen Ozean, sind aber weniger schokoladig als die madagassische Produktion.<br \/>\nWarme, karamellisierte Kopfnoten und ein leicht blumiger Hintergrund machen es m\u00f6glich, diese sehr sch\u00f6ne Vanille sowohl mit einem Dessert (Englische Creme) als auch mit einem Hauptgericht (wei\u00dfes Fleisch, Fisch) zu kombinieren.<\/p>\n<p>Garantierte Herkunft. Afnor 5565-1-konform.<\/p>\n<p>Unsere Preise verstehen sich inkl. MwSt. - Portofrei Frankreich ab einem Bestellwert von 50 Euro.<\/p>\n","protected":false},"excerpt":{"rendered":"<p>Die Farbe und das Aroma bleiben klassisch f\u00fcr Bourbon-Vanille aus dem Indischen Ozean, sind aber weniger <em>schokoladig<\/em> als die madagassische Produktion.<br \/>\nWarme, karamellisierte Kopfnoten und ein leicht blumiger Hintergrund machen es m\u00f6glich, diese sehr sch\u00f6ne Vanille sowohl mit einem Dessert (Englische Creme) als auch mit einem Hauptgericht (wei\u00dfes Fleisch, Fisch) zu kombinieren.<\/p>\n","protected":false},"featured_media":50398,"template":"","meta":[],"product_brand":[],"product_cat":[513,821],"product_tag":[],"class_list":{"0":"post-50308","1":"product","2":"type-product","3":"status-publish","4":"has-post-thumbnail","6":"product_cat-franzoesische-vanille","7":"product_cat-mayotte-de","9":"first","10":"outofstock","11":"taxable","12":"shipping-taxable","13":"purchasable","14":"product-type-variable","15":"wvs-archive-product-wrapper"},"aioseo_notices":[],"_links":{"self":[{"href":"https:\/\/mondevanille.com\/de\/wp-json\/wp\/v2\/product\/50308","targetHints":{"allow":["GET"]}}],"collection":[{"href":"https:\/\/mondevanille.com\/de\/wp-json\/wp\/v2\/product"}],"about":[{"href":"https:\/\/mondevanille.com\/de\/wp-json\/wp\/v2\/types\/product"}],"wp:featuredmedia":[{"embeddable":true,"href":"https:\/\/mondevanille.com\/de\/wp-json\/wp\/v2\/media\/50398"}],"wp:attachment":[{"href":"https:\/\/mondevanille.com\/de\/wp-json\/wp\/v2\/media?parent=50308"}],"wp:term":[{"taxonomy":"product_brand","embeddable":true,"href":"https:\/\/mondevanille.com\/de\/wp-json\/wp\/v2\/product_brand?post=50308"},{"taxonomy":"product_cat","embeddable":true,"href":"https:\/\/mondevanille.com\/de\/wp-json\/wp\/v2\/product_cat?post=50308"},{"taxonomy":"product_tag","embeddable":true,"href":"https:\/\/mondevanille.com\/de\/wp-json\/wp\/v2\/product_tag?post=50308"}],"curies":[{"name":"wp","href":"https:\/\/api.w.org\/{rel}","templated":true}]}}