{"id":50693,"date":"2023-04-25T12:18:49","date_gmt":"2023-04-25T10:18:49","guid":{"rendered":"https:\/\/mondevanille.com\/produit\/vanilleschote-aus-uganda\/"},"modified":"2025-07-18T15:30:52","modified_gmt":"2025-07-18T13:30:52","slug":"vanilleschote-aus-uganda","status":"publish","type":"product","link":"https:\/\/mondevanille.com\/de\/produkt\/vanilleschote-aus-uganda\/","title":{"rendered":"Vanilleschote <br>aus OUGANDA<br>"},"content":{"rendered":"<p>Die Vanilleschoten sind w\u00fcrzig, holzig mit Noten von Lakritz und erinnern an die Vanille von den Komoren. Der Geschmack ist warm und s\u00fc\u00df und typisch f\u00fcr Vanilla Planifolia. Die angebotene Partie weist einen Vanillingehalt von 2,1% auf (Feuchtigkeit 37,5%).<\/p>\n<p>Lesen Sie mehr dar\u00fcber in unserem Artikel <span style=\"color: #993300;\"><a style=\"color: #993300;\" title=\"Welche Vanille soll ich w\u00e4hlen?\" href=\"https:\/\/mondevanille.com\/de\/welche-vanille-auswaehlen\/\"><strong>&gt;hier&lt;<\/strong><\/a><\/span><\/p>\n","protected":false},"excerpt":{"rendered":"<p>Die Vanilleschoten sind w\u00fcrzig, holzig mit Noten von Lakritz und erinnern an die Vanille von den Komoren. Der Geschmack ist warm und s\u00fc\u00df und typisch f\u00fcr Vanilla Planifolia.<\/p>\n","protected":false},"featured_media":59866,"template":"","meta":[],"product_brand":[],"product_cat":[667,817,269],"product_tag":[],"class_list":{"0":"post-50693","1":"product","2":"type-product","3":"status-publish","4":"has-post-thumbnail","6":"product_cat-profis","7":"product_cat-uganda-de","8":"product_cat-unser-vertrauliches","10":"first","11":"outofstock","12":"taxable","13":"shipping-taxable","14":"purchasable","15":"product-type-variable","16":"wvs-archive-product-wrapper"},"aioseo_notices":[],"_links":{"self":[{"href":"https:\/\/mondevanille.com\/de\/wp-json\/wp\/v2\/product\/50693","targetHints":{"allow":["GET"]}}],"collection":[{"href":"https:\/\/mondevanille.com\/de\/wp-json\/wp\/v2\/product"}],"about":[{"href":"https:\/\/mondevanille.com\/de\/wp-json\/wp\/v2\/types\/product"}],"wp:featuredmedia":[{"embeddable":true,"href":"https:\/\/mondevanille.com\/de\/wp-json\/wp\/v2\/media\/59866"}],"wp:attachment":[{"href":"https:\/\/mondevanille.com\/de\/wp-json\/wp\/v2\/media?parent=50693"}],"wp:term":[{"taxonomy":"product_brand","embeddable":true,"href":"https:\/\/mondevanille.com\/de\/wp-json\/wp\/v2\/product_brand?post=50693"},{"taxonomy":"product_cat","embeddable":true,"href":"https:\/\/mondevanille.com\/de\/wp-json\/wp\/v2\/product_cat?post=50693"},{"taxonomy":"product_tag","embeddable":true,"href":"https:\/\/mondevanille.com\/de\/wp-json\/wp\/v2\/product_tag?post=50693"}],"curies":[{"name":"wp","href":"https:\/\/api.w.org\/{rel}","templated":true}]}}