{"id":53812,"date":"2023-12-08T17:04:48","date_gmt":"2023-12-08T16:04:48","guid":{"rendered":"https:\/\/mondevanille.com\/produit\/pate-de-vanille-bourbon-concentrae\/"},"modified":"2025-10-09T16:08:08","modified_gmt":"2025-10-09T14:08:08","slug":"pate-de-vanille-bourbon-concentrae","status":"publish","type":"product","link":"https:\/\/mondevanille.com\/de\/produkt\/pate-de-vanille-bourbon-concentrae\/","title":{"rendered":"Konzentrierte Bourbon-Vanille-Paste"},"content":{"rendered":"<p>Bourbon-Vanillepaste aus Madagaskar.<\/p>\n<p>Als &#8222;Vanillekaviar&#8220; oder &#8222;Vanilleherz&#8220; bezeichnet, handelt es sich um schwarze Vanillek\u00f6rner, die in einer Schote auf einem s\u00fc\u00dfen Tr\u00e4ger enthalten sind.<\/p>\n<p>Vanillin-Gehalt: 16 g \/ kg +\/-10%.<\/p>\n<p>Dosierung: Nach Rezept.<\/p>\n<p><strong>Zusammensetzung<\/strong>:<\/p>\n<ul>\n<li>Ersch\u00f6pftes und Unersch\u00f6pftes Vanillekorn<\/li>\n<li>Konzentrierter Bourbon-Vanille-Extrakt<\/li>\n<li>Glyzerin<\/li>\n<\/ul>\n<p><a title=\"Technisches Datenblatt - Vanillepaste\" href=\"https:\/\/mondevanille.com\/wp-content\/uploads\/2023\/12\/FT_pate-de-vanille-2023_.pdf\" target=\"_blank\" rel=\"noopener\"><img decoding=\"async\" class=\"alignnone wp-image-52756\" src=\"https:\/\/mondevanille.com\/wp-content\/uploads\/2021\/02\/file.png\" alt=\"\" width=\"91\" height=\"91\" srcset=\"https:\/\/mondevanille.com\/wp-content\/uploads\/2021\/02\/file.png 256w, https:\/\/mondevanille.com\/wp-content\/uploads\/2021\/02\/file-150x150.png 150w, https:\/\/mondevanille.com\/wp-content\/uploads\/2021\/02\/file-100x100.png 100w, https:\/\/mondevanille.com\/wp-content\/uploads\/2021\/02\/file-50x50.png 50w, https:\/\/mondevanille.com\/wp-content\/uploads\/2021\/02\/file-64x64.png 64w\" sizes=\"(max-width: 91px) 100vw, 91px\" \/><br \/>\nTechnisches Datenblatt<\/a><\/p>\n<p>&nbsp;<\/p>\n","protected":false},"excerpt":{"rendered":"<p><em>Auch als &#8222;Vanillekaviar&#8220; oder &#8222;Vanilleherz&#8220; bezeichnet, <\/em>handelt es sich um schwarze Vanillek\u00f6rner, die in einer Schote auf einem s\u00fc\u00dfen Tr\u00e4ger enthalten sind.<br \/>\n<em>Vanillin-Gehalt<\/em>: 16 g \/ kg +\/-10%.<br \/>\n<em>Dosierung <\/em>: Nach Rezept.<\/p>\n<hr>\n<p><strong>Zusammensetzung<\/strong>:<\/p>\n<ul>\n<li>Ersch\u00f6pftes und Unersch\u00f6pftes Vanillekorn<\/li>\n<li>Nat\u00fcrliches Bourbon-Vanille-Extrakt-Konzentrat<\/li>\n<li>Glyzerin<\/li>\n<\/ul>\n","protected":false},"featured_media":58592,"template":"","meta":[],"product_brand":[],"product_cat":[667,507,357],"product_tag":[],"class_list":{"0":"post-53812","1":"product","2":"type-product","3":"status-publish","4":"has-post-thumbnail","6":"product_cat-profis","7":"product_cat-pulver","8":"product_cat-vanilleextrakt","10":"first","11":"instock","12":"taxable","13":"shipping-taxable","14":"purchasable","15":"product-type-variable","16":"wvs-archive-product-wrapper"},"aioseo_notices":[],"_links":{"self":[{"href":"https:\/\/mondevanille.com\/de\/wp-json\/wp\/v2\/product\/53812","targetHints":{"allow":["GET"]}}],"collection":[{"href":"https:\/\/mondevanille.com\/de\/wp-json\/wp\/v2\/product"}],"about":[{"href":"https:\/\/mondevanille.com\/de\/wp-json\/wp\/v2\/types\/product"}],"wp:featuredmedia":[{"embeddable":true,"href":"https:\/\/mondevanille.com\/de\/wp-json\/wp\/v2\/media\/58592"}],"wp:attachment":[{"href":"https:\/\/mondevanille.com\/de\/wp-json\/wp\/v2\/media?parent=53812"}],"wp:term":[{"taxonomy":"product_brand","embeddable":true,"href":"https:\/\/mondevanille.com\/de\/wp-json\/wp\/v2\/product_brand?post=53812"},{"taxonomy":"product_cat","embeddable":true,"href":"https:\/\/mondevanille.com\/de\/wp-json\/wp\/v2\/product_cat?post=53812"},{"taxonomy":"product_tag","embeddable":true,"href":"https:\/\/mondevanille.com\/de\/wp-json\/wp\/v2\/product_tag?post=53812"}],"curies":[{"name":"wp","href":"https:\/\/api.w.org\/{rel}","templated":true}]}}