{"id":55354,"date":"2024-03-26T16:15:40","date_gmt":"2024-03-26T15:15:40","guid":{"rendered":"https:\/\/mondevanille.com\/produit\/special-reveller-tube-vide-gousses\/"},"modified":"2024-04-05T10:21:04","modified_gmt":"2024-04-05T08:21:04","slug":"special-reveller-tube-vide-gousses","status":"publish","type":"product","link":"https:\/\/mondevanille.com\/de\/produkt\/special-reveller-tube-vide-gousses\/","title":{"rendered":"H\u00c4NDLER-SPECIAL <br>LEERROHR <br>+ SCHOTEN"},"content":{"rendered":"<p><strong><u>Unser exklusives Vanilleschoten-Angebot f\u00fcr Wiederverk\u00e4ufer, Verkaufsst\u00e4nde und M\u00e4rkte<\/u><\/strong><\/p>\n<p>1 kg Madagaskar Bourbon <a href=\"https:\/\/fr.wikipedia.org\/wiki\/Vanille\">Vanille<\/a> 16\/17 cm + 252 Glasr\u00f6hrchen mit Aluminiumkapsel, die 1 bis 3 Schoten enthalten k\u00f6nnen (0,60 cts pro R\u00f6hrchen ohne MwSt.). Die Tuben werden ohne Markierung geliefert und verpackt.<\/p>\n<p>Lieferung nur in Metropolitan-Frankreich.<\/p>\n<p>&nbsp;<\/p>\n","protected":false},"excerpt":{"rendered":"<p><strong><u>Unser exklusives Angebot speziell f\u00fcr Wiederverk\u00e4ufer, F\u00e4cher und M\u00e4rkte<\/u><\/strong><\/p>\n<p><strong><span style=\"color: #ff0000;\"><em>F\u00fcgt automatisch 1Kg Madagaskar Bourbon Vanilleschote zu deinem Warenkorb hinzu.<\/em><\/span><\/strong><br \/>\n1 kg Madagaskar Bourbon Vanille Schoten 16\/17 cm + 252 Glasr\u00f6hrchen mit Aluminiumkapsel, die 1 bis 3 Schoten enthalten k\u00f6nnen (0.60 cts pro R\u00f6hrchen HT). Die Tuben werden ohne Markierung geliefert und verpackt.<\/p>\n<p>181,44 \u20ac f\u00fcr die Tuben + 149,90 \u20ac inkl. MwSt. f\u00fcr 1 kg Madagaskar-Bourbon-Vanilleschote, ergibt insgesamt 331,34 \u20ac inkl. MwSt.<\/p>\n<p><em>Einzelheiten des Angebots<\/em>:<\/p>\n<ul>\n<li>252 Glasr\u00f6hren (h: 18 cm)<\/li>\n<li>Eine Packung mit 252 Aluminiumkapseln<\/li>\n<li>1 Kg Madagaskar Bourbon Vanille 16\/17 cm. Etwa 250 Schoten +\/- 10%<\/li>\n<\/ul>\n<p>Lieferung nur in Metropolitan-Frankreich. Jede Anfrage f\u00fcr eine Lieferung in ein anderes Land als das franz\u00f6sische Mutterland wird systematisch storniert.<\/p>\n","protected":false},"featured_media":63586,"template":"","meta":[],"product_brand":[],"product_cat":[363,546,667,333,812],"product_tag":[],"class_list":{"0":"post-55354","1":"product","2":"type-product","3":"status-publish","4":"has-post-thumbnail","6":"product_cat-boxen","7":"product_cat-im-angebot-de","8":"product_cat-profis","9":"product_cat-rohr","10":"product_cat-zubehor","11":"product_shipping_class-nur-frankreich","13":"first","14":"instock","15":"taxable","16":"shipping-taxable","17":"purchasable","18":"product-type-simple"},"aioseo_notices":[],"_links":{"self":[{"href":"https:\/\/mondevanille.com\/de\/wp-json\/wp\/v2\/product\/55354","targetHints":{"allow":["GET"]}}],"collection":[{"href":"https:\/\/mondevanille.com\/de\/wp-json\/wp\/v2\/product"}],"about":[{"href":"https:\/\/mondevanille.com\/de\/wp-json\/wp\/v2\/types\/product"}],"wp:featuredmedia":[{"embeddable":true,"href":"https:\/\/mondevanille.com\/de\/wp-json\/wp\/v2\/media\/63586"}],"wp:attachment":[{"href":"https:\/\/mondevanille.com\/de\/wp-json\/wp\/v2\/media?parent=55354"}],"wp:term":[{"taxonomy":"product_brand","embeddable":true,"href":"https:\/\/mondevanille.com\/de\/wp-json\/wp\/v2\/product_brand?post=55354"},{"taxonomy":"product_cat","embeddable":true,"href":"https:\/\/mondevanille.com\/de\/wp-json\/wp\/v2\/product_cat?post=55354"},{"taxonomy":"product_tag","embeddable":true,"href":"https:\/\/mondevanille.com\/de\/wp-json\/wp\/v2\/product_tag?post=55354"}],"curies":[{"name":"wp","href":"https:\/\/api.w.org\/{rel}","templated":true}]}}