{"id":61904,"date":"2025-05-28T16:21:36","date_gmt":"2025-05-28T14:21:36","guid":{"rendered":"https:\/\/mondevanille.com\/?post_type=product&#038;p=61904"},"modified":"2026-01-28T11:42:45","modified_gmt":"2026-01-28T10:42:45","slug":"sucre-vanille","status":"publish","type":"product","link":"https:\/\/mondevanille.com\/de\/produkt\/sucre-vanille\/","title":{"rendered":"Wei\u00dfer Zucker Vanille"},"content":{"rendered":"<div id=\"description-produit\">\n<div class=\"container\">\n<p><a href=\"https:\/\/fr.wikipedia.org\/wiki\/Sucre_vanill%C3%A9\" target=\"_blank\" rel=\"nofollow noopener\">Vanillezucker<\/a> Le Monde de la Vanille.<\/p>\n<p>Der wei\u00dfe Vanillezucker von Le Monde de la Vanille ist eine k\u00f6stliche Mischung aus Zucker und gemahlenen Vanilleschoten. Und nichts anderes! Keine k\u00fcnstlichen Aromen oder St\u00e4rke.  <\/p>\n<p><strong><em>Zusammensetzung<\/em> <\/strong>: wei\u00dfer Zucker (90 %), gemahlene Bourbon Madagaskar Vanilleschoten (10 %)<\/p>\n<p>Produkt verarbeitet und verpackt in Frankreich.<\/p>\n<\/div>\n<\/div>\n<div id=\"avis-clients-produit\">\n<div class=\"container\">\n<section id=\"netreviews_reviews_tab\" class=\" \">\n<div id=\"netreviews_rating_section\" data-group-name=\"\" data-url-ajax=\"\/modules\/\" data-idshop=\"1\" data-productid=\"110\" data-current-page=\"1\" data-current-option=\"horodate_DESC\" data-sortbynote=\"0\" data-max-page=\"1\">\n<div class=\"netreviews_rating_header\"><em><strong>Technische Datenbl\u00e4tter, Bio-Zertifikate und Analysebulletins finden Sie auf der Registerkarte<a title=\"Technische Merkbl\u00e4tter\" href=\"https:\/\/mondevanille.com\/de\/technische-datenblaetter\/\">&#8222;QUALIT\u00c4TSENGAGEMENT<\/a>&#8220; auf unserer Website.<\/strong><\/em><\/div>\n<div><img decoding=\"async\" class=\"alignnone wp-image-59785\" src=\"https:\/\/mondevanille.com\/wp-content\/uploads\/2021\/02\/LMDV-LOGO.webp\" alt=\"Vanillezucker\" width=\"94\" height=\"68\" srcset=\"https:\/\/mondevanille.com\/wp-content\/uploads\/2021\/02\/LMDV-LOGO.webp 150w, https:\/\/mondevanille.com\/wp-content\/uploads\/2021\/02\/LMDV-LOGO-64x46.webp 64w\" sizes=\"(max-width: 94px) 100vw, 94px\" \/><\/div>\n<\/div>\n<\/section>\n<\/div>\n<\/div>\n","protected":false},"excerpt":{"rendered":"<div id=\"description-produit\">\n<div class=\"container\">\n<div id=\"description-produit\">\n<div class=\"container\">\n<p>Vanillezucker Le Monde de la Vanille.<\/p>\n<p>Der wei\u00dfe Vanillezucker von Le Monde de la Vanille ist eine k\u00f6stliche Mischung aus Zucker und gemahlenen Vanilleschoten.<\/p>\n<p>Und sonst nichts! Keine k\u00fcnstlichen Aromen oder St\u00e4rke. <\/p>\n<p><strong><em>Zusammensetzung<\/em> <\/strong>: wei\u00dfer Zucker (90 %), gemahlene Bourbon Madagaskar Vanilleschoten (10 %)<\/p>\n<p>Produkt verarbeitet und verpackt in Frankreich.<\/p>\n<p>Existiert auch in der Version <b><a href=\"https:\/\/mondevanille.com\/de\/produkt\/zucker-vanille-madagaskar\/\"><span style=\"color: #ff0000;\"> &gt;Brauner Zucker&lt;<\/span>. <\/a><\/b> <\/p>\n<\/div>\n<\/div>\n<\/div>\n<\/div>\n","protected":false},"featured_media":62456,"template":"","meta":[],"product_brand":[],"product_cat":[374],"product_tag":[],"class_list":{"0":"post-61904","1":"product","2":"type-product","3":"status-publish","4":"has-post-thumbnail","6":"product_cat-vanillezucker","8":"first","9":"instock","10":"taxable","11":"shipping-taxable","12":"purchasable","13":"product-type-variable","14":"has-default-attributes","15":"wvs-archive-product-wrapper"},"aioseo_notices":[],"_links":{"self":[{"href":"https:\/\/mondevanille.com\/de\/wp-json\/wp\/v2\/product\/61904","targetHints":{"allow":["GET"]}}],"collection":[{"href":"https:\/\/mondevanille.com\/de\/wp-json\/wp\/v2\/product"}],"about":[{"href":"https:\/\/mondevanille.com\/de\/wp-json\/wp\/v2\/types\/product"}],"wp:featuredmedia":[{"embeddable":true,"href":"https:\/\/mondevanille.com\/de\/wp-json\/wp\/v2\/media\/62456"}],"wp:attachment":[{"href":"https:\/\/mondevanille.com\/de\/wp-json\/wp\/v2\/media?parent=61904"}],"wp:term":[{"taxonomy":"product_brand","embeddable":true,"href":"https:\/\/mondevanille.com\/de\/wp-json\/wp\/v2\/product_brand?post=61904"},{"taxonomy":"product_cat","embeddable":true,"href":"https:\/\/mondevanille.com\/de\/wp-json\/wp\/v2\/product_cat?post=61904"},{"taxonomy":"product_tag","embeddable":true,"href":"https:\/\/mondevanille.com\/de\/wp-json\/wp\/v2\/product_tag?post=61904"}],"curies":[{"name":"wp","href":"https:\/\/api.w.org\/{rel}","templated":true}]}}