{"id":62995,"date":"2025-09-19T12:19:22","date_gmt":"2025-09-19T10:19:22","guid":{"rendered":"https:\/\/mondevanille.com\/produit\/grains-noirs-caviar-de-vanille\/"},"modified":"2026-03-11T15:52:44","modified_gmt":"2026-03-11T14:52:44","slug":"grains-noirs-caviar-de-vanille","status":"publish","type":"product","link":"https:\/\/mondevanille.com\/de\/produkt\/grains-noirs-caviar-de-vanille\/","title":{"rendered":"Grains Noirs <br> &#8222;Caviar de Vanille&#8220;."},"content":{"rendered":"<p><strong>100 % SCHWARZE VANILLEK\u00d6RNER &#8222;Vanillekaviar&#8220;.<\/strong><\/p>\n<p>Entdecken Sie unser Angebot aus 100 % schwarzen Vanillek\u00f6rnern, die sorgf\u00e4ltig geerntet und von Hand sortiert werden und ausschlie\u00dflich aus den Schoten von <span style=\"color: #ff0000;\"><strong><a style=\"color: #ff0000;\" href=\"https:\/\/mondevanille.com\/de\/flaveurs-des-principales-origines-de-vanille\/\" target=\"_blank\" rel=\"noopener\">Vanilla Planifolia<\/a><\/strong><\/span> Diese wurden aufgrund ihrer organoleptischen Eigenschaften ausgew\u00e4hlt. Die handgespaltenen Schoten sind nicht ausgelaugt, was eine au\u00dfergew\u00f6hnliche aromatische Kraft garantiert. <\/p>\n<p>Mit ihren reichen und nuancierten Noten von Kakao und Gew\u00fcrzen erinnern diese authentischen schwarzen Vanillek\u00f6rner an die Produktionen des Indischen Ozeans, insbesondere an <strong><a title=\"Bourbon-Vanille aus Madagaskar\" href=\"https:\/\/mondevanille.com\/de\/produkt\/vanille-aus-madagaskar\/\">Vanille aus Madagaskar<\/a><\/strong>.<\/p>\n<p>Das 100% nat\u00fcrliche Vanillekorn ist ideal f\u00fcr Konditoren, K\u00fcchenchefs und Liebhaber der Gastronomie und optimiert die Vorbereitungszeit f\u00fcr Ihr Rezept. Dieses gebrauchsfertige Produkt konzentriert die ganze aromatische Kraft der Vanille und nichts anderes, es verleiht all Ihren Kreationen eine au\u00dfergew\u00f6hnliche Note: Cremes, Eis, Geb\u00e4ck, So\u00dfen, Cocktails oder auch Kr\u00e4utertees. Seine weiche und praktische Textur erm\u00f6glicht eine einfache Dosierung. Dank der hohen Konzentration an nat\u00fcrlichem Vanillin (38 g\/kg) und dem niedrigen Feuchtigkeitsgehalt (-10 %) reichen einige Gramm aus, um Ihre Zubereitung zu aromatisieren. Sie m\u00fcssen die Schote weder aufschneiden noch auskratzen.    <\/p>\n<blockquote>\n<p style=\"text-align: left;\"><strong>Warum sollten Sie unseren Vanillekaviar w\u00e4hlen?<\/strong><\/p>\n<\/blockquote>\n<ul>\n<li style=\"text-align: left;\">Intensives und authentisches Aroma, reich an nat\u00fcrlichem Vanillin.<\/li>\n<li style=\"text-align: left;\">Zeitersparnis in der K\u00fcche: Das Produkt ist bereits gebrauchsfertig.<\/li>\n<li style=\"text-align: left;\">Raffiniertes und edles Produkt, das nur schwarze K\u00f6rner enth\u00e4lt, ideal f\u00fcr die Aufwertung Ihrer Desserts und gastronomischen Rezepte.<\/li>\n<li style=\"text-align: left;\">Nachhaltige Vanille, die aus lokalen Plantagen stammt, die die Erzeuger und die Umwelt respektieren.<\/li>\n<\/ul>\n<p><strong>Zusammensetzung<\/strong>: 100 % schwarze, nicht ent\u00f6lte Vanillebohnen aus <a href=\"https:\/\/fr.wikipedia.org\/wiki\/Vanille\">Vanilla Planifolia<\/a> (Herkunft Uganda\/Madagaskar \u2013 <strong><a href=\"https:\/\/mondevanille.com\/wp-content\/uploads\/2021\/02\/2025_09_18_LE_MONDE_DE_LA_VANILLE_2509046Va.pdf\">Analysezertifikat<\/a><\/strong>), ohne Zusatz- oder Konservierungsstoffe.<br \/>\nNach dem \u00d6ffnen vorzugsweise k\u00fchl lagern.<\/p>\n<p style=\"text-align: left;\">NB: Dieses Produkt ist nicht mit dem Angebot zu verwechseln.<span style=\"color: #ff0000;\"> <strong><a style=\"color: #ff0000;\" title=\"Ersch\u00f6pfte Pulver und K\u00f6rner\" href=\"https:\/\/mondevanille.com\/de\/produkt\/pulver-und-koerner-episoden\/\" target=\"_blank\" rel=\"noopener\">Vanillek\u00f6rner ausverkauft<\/a><\/strong> <\/span>Letzteres ist eine visuelle Markierung ohne aromatische Kraft.<\/p>\n<hr>\n<p style=\"text-align: center;\"><a href=\"\/wp-content\/uploads\/2021\/02\/2025_09_18_LE_MONDE_DE_LA_VANILLE_2509046Va.pdf\" target=\"_blank\" rel=\"noopener\"> <img decoding=\"async\" src=\"https:\/\/mondevanille.com\/wp-content\/uploads\/2021\/02\/file.png\" alt=\"Vanillekaviar\" width=\"83\" height=\"83\"> <\/a> <a style=\"font-size: inherit;\" title=\"Analysis Bulletin\" href=\"\/wp-content\/uploads\/2021\/02\/2025_09_18_LE_MONDE_DE_LA_VANILLE_2509046Va.pdf\" target=\"_blank\" rel=\"noopener\">Analyse Bulletin<\/a> <a href=\"\/wp-content\/uploads\/2021\/02\/Analyse-Grain-Noir-Le-Monde-de-la-Vanille.pdf\" target=\"_blank\" rel=\"noopener\"> <img decoding=\"async\" src=\"https:\/\/mondevanille.com\/wp-content\/uploads\/2021\/02\/file.png\" alt=\"Vanillekaviar\" width=\"83\" height=\"83\"> <\/a> <a style=\"font-size: inherit;\" title=\"Mikrobiologie\" href=\"\/wp-content\/uploads\/2021\/02\/Analyse-Grain-Noir-Le-Monde-de-la-Vanille.pdf\" target=\"_blank\" rel=\"noopener\">Mikrobiologie<\/a><\/p>\n","protected":false},"excerpt":{"rendered":"<p><strong>100 % SCHWARZE VANILLEK\u00d6RNER<\/strong><\/p>\n<p>Entdecken Sie unser Angebot &#8222;Vanillekaviar&#8220;, der sorgf\u00e4ltig geerntet und von Hand sortiert wird und ausschlie\u00dflich aus den Schoten von <span style=\"color: #ff0000;\"><strong><a style=\"color: #ff0000;\" href=\"https:\/\/mondevanille.com\/de\/flaveurs-des-principales-origines-de-vanille\/\" target=\"_blank\" rel=\"noopener\">Vanilla Planifolia<\/a><\/strong><\/span> Diese wurden aufgrund ihrer organoleptischen Eigenschaften ausgew\u00e4hlt. Die handgespaltenen Schoten sind nicht aufgebraucht, was eine au\u00dfergew\u00f6hnliche aromatische Kraft garantiert. <\/p>\n<p><strong>Warum sollten Sie unseren Vanillekaviar w\u00e4hlen?<\/strong><\/p>\n<ul>\n<li>Intensives und authentisches Aroma, reich an nat\u00fcrlichem Vanillin.<\/li>\n<li>Zeitersparnis in der K\u00fcche: Das Produkt ist bereits gebrauchsfertig.<\/li>\n<li>Ein raffiniertes und edles Produkt, das ideal ist, um Ihre Desserts und gastronomischen Rezepte aufzuwerten.<\/li>\n<li>Nachhaltige Vanille aus lokalen Plantagen, die die Erzeuger und die Umwelt respektieren.<\/li>\n<\/ul>\n<p><strong>Zusammensetzung<\/strong>: 100 % Schwarze Samen von nicht ersch\u00f6pfter Vanille, keine Zusatz- oder Konservierungsstoffe. Nach dem \u00d6ffnen am besten k\u00fchl aufbewahren. <\/p>\n<p>NB: Dieses Produkt ist nicht mit dem Angebot zu verwechseln.<span style=\"color: #ff0000;\"> <strong><a style=\"color: #ff0000;\" title=\"Ersch\u00f6pfte Pulver und K\u00f6rner\" href=\"https:\/\/mondevanille.com\/de\/produkt\/pulver-und-koerner-episoden\/\" target=\"_blank\" rel=\"noopener\">Vanillek\u00f6rner ausverkauft<\/a><\/strong> <\/span>Letzteres ist eine visuelle Markierung ohne aromatische Kraft.<\/p>\n<p style=\"text-align: center;\"><a href=\"\/wp-content\/uploads\/2021\/02\/2025_09_18_LE_MONDE_DE_LA_VANILLE_2509046Va.pdf\" target=\"_blank\" rel=\"noopener\"> <img decoding=\"async\" class=\"\" src=\"https:\/\/mondevanille.com\/wp-content\/uploads\/2021\/02\/file.png\" alt=\"Vanillekaviar\" width=\"29\" height=\"29\"> <\/a> <a style=\"font-size: inherit;\" title=\"Analysis Bulletin\" href=\"\/wp-content\/uploads\/2021\/02\/2025_09_18_LE_MONDE_DE_LA_VANILLE_2509046Va.pdf\" target=\"_blank\" rel=\"noopener\">Analyse Bulletin<\/a> - <a href=\"\/wp-content\/uploads\/2021\/02\/Analyse-Grain-Noir-Le-Monde-de-la-Vanille.pdf\" target=\"_blank\" rel=\"noopener\"><img decoding=\"async\" class=\"\" src=\"https:\/\/mondevanille.com\/wp-content\/uploads\/2021\/02\/file.png\" alt=\"Vanillekaviar\" width=\"25\" height=\"25\"> <\/a> <a style=\"font-size: inherit;\" title=\"Mikrobiologie\" href=\"\/wp-content\/uploads\/2021\/02\/Analyse-Grain-Noir-Le-Monde-de-la-Vanille.pdf\" target=\"_blank\" rel=\"noopener\">Mikrobiologie<\/a><\/p>\n<p style=\"text-align: center;\"><a href=\"https:\/\/mondevanille.com\/de\/produkt\/grains-noirs-caviar-de-vanille\/?attribute_pa_origines=madagascar&#038;attribute_pa_quantite=1kg\"><img loading=\"lazy\" decoding=\"async\" src=\"https:\/\/mondevanille.com\/wp-content\/uploads\/2022\/12\/Offre-Speciale-600x280.webp\" alt=\"Spezielles Angebot\" width=\"65\" height=\"27\"><span style=\"color: #ff0000;\"><strong>F\u00fcr dieses Produkt gilt ein Angebot von -5 % &gt;&gt;HIER&lt;&lt;<\/strong><\/span><\/a><\/p>\n","protected":false},"featured_media":62917,"template":"","meta":[],"product_brand":[],"product_cat":[546,667,507,357,433],"product_tag":[],"class_list":{"0":"post-62995","1":"product","2":"type-product","3":"status-publish","4":"has-post-thumbnail","6":"product_cat-im-angebot-de","7":"product_cat-profis","8":"product_cat-pulver","9":"product_cat-vanilleextrakt","10":"product_cat-verarbeitete-produkte","12":"first","13":"instock","14":"sale","15":"taxable","16":"shipping-taxable","17":"purchasable","18":"product-type-variable","19":"wvs-archive-product-wrapper"},"aioseo_notices":[],"_links":{"self":[{"href":"https:\/\/mondevanille.com\/de\/wp-json\/wp\/v2\/product\/62995","targetHints":{"allow":["GET"]}}],"collection":[{"href":"https:\/\/mondevanille.com\/de\/wp-json\/wp\/v2\/product"}],"about":[{"href":"https:\/\/mondevanille.com\/de\/wp-json\/wp\/v2\/types\/product"}],"wp:featuredmedia":[{"embeddable":true,"href":"https:\/\/mondevanille.com\/de\/wp-json\/wp\/v2\/media\/62917"}],"wp:attachment":[{"href":"https:\/\/mondevanille.com\/de\/wp-json\/wp\/v2\/media?parent=62995"}],"wp:term":[{"taxonomy":"product_brand","embeddable":true,"href":"https:\/\/mondevanille.com\/de\/wp-json\/wp\/v2\/product_brand?post=62995"},{"taxonomy":"product_cat","embeddable":true,"href":"https:\/\/mondevanille.com\/de\/wp-json\/wp\/v2\/product_cat?post=62995"},{"taxonomy":"product_tag","embeddable":true,"href":"https:\/\/mondevanille.com\/de\/wp-json\/wp\/v2\/product_tag?post=62995"}],"curies":[{"name":"wp","href":"https:\/\/api.w.org\/{rel}","templated":true}]}}