{"id":65788,"date":"2026-04-29T16:27:45","date_gmt":"2026-04-29T14:27:45","guid":{"rendered":"https:\/\/mondevanille.com\/produit\/gousse-de-vanille-qualite-tk-14-16cm\/"},"modified":"2026-04-30T12:07:11","modified_gmt":"2026-04-30T10:07:11","slug":"gousse-de-vanille-qualite-tk-14-16cm","status":"publish","type":"product","link":"https:\/\/mondevanille.com\/de\/produkt\/gousse-de-vanille-qualite-tk-14-16cm\/","title":{"rendered":"Vanilleschote Bourbon Madagaskar <br> Qualit\u00e4t TK 14 - 16cm"},"content":{"rendered":"<p>Vanille TK-Qualit\u00e4t ist ein Mittelding zwischen der Gourmet-Vanille und der roten Vanille Extraktionsqualit\u00e4t, die TK-Vanille kann auf einigen Schoten feine rote Marmorierungen aufweisen.<\/p>\n<p>Weniger feucht und fettig als die Gourmet-Qualit\u00e4t hat die TK-Vanille den Vorteil, mehr Schoten pro Gewicht anzubieten, sie ist daher wirtschaftlicher und bietet eine sehr gute Haltbarkeit.<\/p>\n<p>Diese aromatischen Eigenschaften sind der Gourmet-Vanille \u00e4hnlich.<\/p>\n<p>Unsere Vanilleschoten <a href=\"https:\/\/mondevanille.com\/de\/?post_type=product&#038;p=54150\">Extraktionsqualit\u00e4t <span style=\"color: #ff0000;\"><strong>&gt;HIER<\/strong><\/span><\/a> finden Sie unsere Schoten.  <span style=\"color: #ff0000;\"><strong>&lt;<\/strong><\/span><\/p>\n","protected":false},"excerpt":{"rendered":"<p>TK-Vanille ist eine Qualit\u00e4t zwischen Gourmet-Vanille und roter Vanille in <a href=\"https:\/\/mondevanille.com\/de\/?post_type=product&#038;p=54150\" target=\"_blank\" rel=\"noopener\">Extraktionsqualit\u00e4t<\/a> und kann auf einigen Schoten feine rote Marmorierungen aufweisen.<\/p>\n<p>TK-Vanille ist weniger feucht und fettig als Gourmet-Vanille und hat den Vorteil, dass sie mehr Schoten pro Gewicht anbietet, daher ist sie wirtschaftlicher und bietet eine sehr gute Haltbarkeit.<\/p>\n<p>Diese aromatischen Eigenschaften sind der Gourmet-Vanille \u00e4hnlich.<\/p>\n","protected":false},"featured_media":65800,"template":"","meta":[],"product_brand":[],"product_cat":[297,667],"product_tag":[],"class_list":{"0":"post-65788","1":"product","2":"type-product","3":"status-publish","4":"has-post-thumbnail","6":"product_cat-madagaskar","7":"product_cat-profis","9":"first","10":"instock","11":"sale","12":"taxable","13":"shipping-taxable","14":"purchasable","15":"product-type-variable","16":"wvs-archive-product-wrapper"},"aioseo_notices":[],"_links":{"self":[{"href":"https:\/\/mondevanille.com\/de\/wp-json\/wp\/v2\/product\/65788","targetHints":{"allow":["GET"]}}],"collection":[{"href":"https:\/\/mondevanille.com\/de\/wp-json\/wp\/v2\/product"}],"about":[{"href":"https:\/\/mondevanille.com\/de\/wp-json\/wp\/v2\/types\/product"}],"wp:featuredmedia":[{"embeddable":true,"href":"https:\/\/mondevanille.com\/de\/wp-json\/wp\/v2\/media\/65800"}],"wp:attachment":[{"href":"https:\/\/mondevanille.com\/de\/wp-json\/wp\/v2\/media?parent=65788"}],"wp:term":[{"taxonomy":"product_brand","embeddable":true,"href":"https:\/\/mondevanille.com\/de\/wp-json\/wp\/v2\/product_brand?post=65788"},{"taxonomy":"product_cat","embeddable":true,"href":"https:\/\/mondevanille.com\/de\/wp-json\/wp\/v2\/product_cat?post=65788"},{"taxonomy":"product_tag","embeddable":true,"href":"https:\/\/mondevanille.com\/de\/wp-json\/wp\/v2\/product_tag?post=65788"}],"curies":[{"name":"wp","href":"https:\/\/api.w.org\/{rel}","templated":true}]}}