{"id":6927,"date":"2022-03-25T09:49:02","date_gmt":"2022-03-25T08:49:02","guid":{"rendered":"http:\/\/mondevanille.com\/produit\/mexikanische-vanille\/"},"modified":"2026-01-04T17:34:57","modified_gmt":"2026-01-04T16:34:57","slug":"vanille-aus-mexiko","status":"publish","type":"product","link":"https:\/\/mondevanille.com\/de\/produkt\/vanille-aus-mexiko\/","title":{"rendered":"Mexikanische Vanille"},"content":{"rendered":"<p>Die mexikanische Vanille ist eine feine, schwarze Schote mit einer gl\u00e4nzenden Farbe. Die aromatischen Noten sind warm und subtil, im Hintergrund w\u00fcrzig. Vanille mit den feinsten &amp; vielf\u00e4ltigsten Aromen.<\/p>\n<p><em>Wir empfehlen es zum <\/em> Backen, f\u00fcr Eis und alle Arten von Desserts, aber auch f\u00fcr warme Gerichte (helles Fleisch und Fisch).<\/p>\n<p><em><strong>Technische Datenbl\u00e4tter, Bio-Zertifikate und Analysebulletins finden Sie auf unserer Website unter der Registerkarte &#8222;ENGAGEMENT QUALIT\u00c4T&#8220;.<\/strong><\/em><\/p>\n","protected":false},"excerpt":{"rendered":"<p>F\u00fcr Puristen das Original Vanille. Die Schoten sind d\u00fcnn und mehr oder weniger br\u00e4unlich.<br \/>\nReiche und kr\u00e4ftige Aromen<br \/>\nVerwendung: alle Arten von Desserts, warme Gerichte, Einweichen<br \/>\nEin typischer Vanilleduft mit zarten und subtilen Kakaonoten.<\/p>\n","protected":false},"featured_media":60390,"template":"","meta":[],"product_brand":[],"product_cat":[271,269,266],"product_tag":[],"class_list":{"0":"post-6927","1":"product","2":"type-product","3":"status-publish","4":"has-post-thumbnail","6":"product_cat-mexiko","7":"product_cat-unser-vertrauliches","8":"product_cat-ursprunge","10":"first","11":"instock","12":"featured","13":"taxable","14":"shipping-taxable","15":"purchasable","16":"product-type-variable","17":"wvs-archive-product-wrapper"},"aioseo_notices":[],"_links":{"self":[{"href":"https:\/\/mondevanille.com\/de\/wp-json\/wp\/v2\/product\/6927","targetHints":{"allow":["GET"]}}],"collection":[{"href":"https:\/\/mondevanille.com\/de\/wp-json\/wp\/v2\/product"}],"about":[{"href":"https:\/\/mondevanille.com\/de\/wp-json\/wp\/v2\/types\/product"}],"wp:featuredmedia":[{"embeddable":true,"href":"https:\/\/mondevanille.com\/de\/wp-json\/wp\/v2\/media\/60390"}],"wp:attachment":[{"href":"https:\/\/mondevanille.com\/de\/wp-json\/wp\/v2\/media?parent=6927"}],"wp:term":[{"taxonomy":"product_brand","embeddable":true,"href":"https:\/\/mondevanille.com\/de\/wp-json\/wp\/v2\/product_brand?post=6927"},{"taxonomy":"product_cat","embeddable":true,"href":"https:\/\/mondevanille.com\/de\/wp-json\/wp\/v2\/product_cat?post=6927"},{"taxonomy":"product_tag","embeddable":true,"href":"https:\/\/mondevanille.com\/de\/wp-json\/wp\/v2\/product_tag?post=6927"}],"curies":[{"name":"wp","href":"https:\/\/api.w.org\/{rel}","templated":true}]}}