{"id":7002,"date":"2022-03-30T14:35:40","date_gmt":"2022-03-30T12:35:40","guid":{"rendered":"http:\/\/mondevanille.com\/produit\/vanille-von-sao-tome\/"},"modified":"2026-02-20T15:34:00","modified_gmt":"2026-02-20T14:34:00","slug":"saotome-vanille","status":"publish","type":"product","link":"https:\/\/mondevanille.com\/de\/produkt\/saotome-vanille\/","title":{"rendered":"Vanille aus Sao Tom\u00e9"},"content":{"rendered":"<p>Vanille Sao-Tom\u00e9 &amp; Prinzipien<br \/>\nAls kleiner Inselstaat in Westafrika wurde die Vanilleproduktion erst vor kurzem wieder aufgenommen. Das Ergebnis ist eine feine, sehr aromatische Vanille, die reich an kleinen schwarzen K\u00f6rnern ist.  Das Aroma erinnert mit seinen Noten von Orangenbl\u00fcten an Vanille von den Komoren. Geschmacklich \u00e4hnelt sie einer mexikanischen Vanille mit ihrem Kakaoanteil.<\/p>\n<p><em><strong>Technische Datenbl\u00e4tter, Bio-Zertifikate und Analysebulletins finden Sie auf unserer Website unter der Registerkarte &#8222;ENGAGEMENT QUALIT\u00c4T&#8220;.<\/strong><\/em><\/p>\n","protected":false},"excerpt":{"rendered":"<p>Sao-Tom\u00e9 Vanille &amp; Prinzipien<br \/>\nEine feine, sehr aromatische Vanille, die reich an kleinen schwarzen K\u00f6rnern ist. Das Aroma erinnert mit seinen Noten von Orangenbl\u00fcten an Vanille von den Komoren. Geschmacklich \u00e4hnelt sie einer mexikanischen Vanille mit ihrem Kakaoanteil.<\/p>\n","protected":false},"featured_media":6645,"template":"","meta":[],"product_brand":[],"product_cat":[273,268,269,266],"product_tag":[],"class_list":{"0":"post-7002","1":"product","2":"type-product","3":"status-publish","4":"has-post-thumbnail","6":"product_cat-sao-tome-de","7":"product_cat-schuttgut","8":"product_cat-unser-vertrauliches","9":"product_cat-ursprunge","11":"first","12":"outofstock","13":"taxable","14":"shipping-taxable","15":"purchasable","16":"product-type-variable","17":"has-default-attributes","18":"wvs-archive-product-wrapper"},"aioseo_notices":[],"_links":{"self":[{"href":"https:\/\/mondevanille.com\/de\/wp-json\/wp\/v2\/product\/7002","targetHints":{"allow":["GET"]}}],"collection":[{"href":"https:\/\/mondevanille.com\/de\/wp-json\/wp\/v2\/product"}],"about":[{"href":"https:\/\/mondevanille.com\/de\/wp-json\/wp\/v2\/types\/product"}],"wp:featuredmedia":[{"embeddable":true,"href":"https:\/\/mondevanille.com\/de\/wp-json\/wp\/v2\/media\/6645"}],"wp:attachment":[{"href":"https:\/\/mondevanille.com\/de\/wp-json\/wp\/v2\/media?parent=7002"}],"wp:term":[{"taxonomy":"product_brand","embeddable":true,"href":"https:\/\/mondevanille.com\/de\/wp-json\/wp\/v2\/product_brand?post=7002"},{"taxonomy":"product_cat","embeddable":true,"href":"https:\/\/mondevanille.com\/de\/wp-json\/wp\/v2\/product_cat?post=7002"},{"taxonomy":"product_tag","embeddable":true,"href":"https:\/\/mondevanille.com\/de\/wp-json\/wp\/v2\/product_tag?post=7002"}],"curies":[{"name":"wp","href":"https:\/\/api.w.org\/{rel}","templated":true}]}}