{"id":7531,"date":"2022-02-06T13:47:11","date_gmt":"2022-02-06T12:47:11","guid":{"rendered":"http:\/\/mondevanille.com\/produit\/tahiti-vanille\/"},"modified":"2026-02-18T16:41:15","modified_gmt":"2026-02-18T15:41:15","slug":"tahiti-vanille","status":"publish","type":"product","link":"https:\/\/mondevanille.com\/de\/produkt\/tahiti-vanille\/","title":{"rendered":"Tahiti-Vanille"},"content":{"rendered":"<p>Die Vanilleschoten von Tahiti sind als eine der besten Vanillesorten der Welt bekannt.<strong> <a title=\"Wie steht es um die franz\u00f6sische Vanille?\" href=\"https:\/\/mondevanille.com\/de\/quid-des-vanilles-francaises\/\" target=\"_blank\" rel=\"noopener\">Tahiti-Vanille<\/a> <\/strong>Sie sind fett, fleischig und duften fruchtig nach Pflaumen und Feigen, leicht w\u00fcrzig und anisartig in der Basisnote. Vanilla Tahitensis, die Frucht der fruchtbaren und vulkanischen B\u00f6den Tahitis, die im Herzen des Pazifiks und seiner Hauptinseln Moorea, Tahaa, Bora Bora und Raiatea angebaut wird, wird nach traditionellen Methoden zubereitet, die ihr eine au\u00dfergew\u00f6hnliche Qualit\u00e4t garantieren.<\/p>\n<p>Der bet\u00f6rende Duft der Vanilleschoten aus <a href=\"https:\/\/fr.wikipedia.org\/wiki\/Tahiti\" target=\"_blank\" rel=\"noopener\">Tahiti<\/a> kommt vor allem in Desserts, Eiscreme, Vanillepudding, Schlagsahne, Pfannkuchenteig, Panna Cota und Getr\u00e4nken zum Ausdruck. Es wird auch in Kosmetika und Parf\u00fcms verwendet.<\/p>\n<figure id=\"attachment_8921\" aria-describedby=\"caption-attachment-8921\" style=\"width: 104px\" class=\"wp-caption alignnone\"><img decoding=\"async\" class=\"wp-image-8919\" title=\"Tahiti-Vanille\" src=\"https:\/\/mondevanille.com\/wp-content\/uploads\/2022\/05\/tahiti-2-300x296.png\" alt=\"Tahiti-Vanille\" width=\"104\" height=\"103\" srcset=\"https:\/\/mondevanille.com\/wp-content\/uploads\/2022\/05\/tahiti-2-300x296.png 300w, https:\/\/mondevanille.com\/wp-content\/uploads\/2022\/05\/tahiti-2-150x150.png 150w, https:\/\/mondevanille.com\/wp-content\/uploads\/2022\/05\/tahiti-2-96x96.png 96w, https:\/\/mondevanille.com\/wp-content\/uploads\/2022\/05\/tahiti-2-42x42.png 42w, https:\/\/mondevanille.com\/wp-content\/uploads\/2022\/05\/tahiti-2-100x100.png 100w, https:\/\/mondevanille.com\/wp-content\/uploads\/2022\/05\/tahiti-2.png 471w\" sizes=\"(max-width: 104px) 100vw, 104px\" \/><figcaption id=\"caption-attachment-8921\" class=\"wp-caption-text\">Tahiti-Vanille<\/figcaption><\/figure>\n<p>&nbsp;<\/p>\n<p><em><strong>Technische Datenbl\u00e4tter, Bio-Zertifikate und Analysebulletins finden Sie auf unserer Website unter der Registerkarte &#8222;ENGAGEMENT QUALIT\u00c4T&#8220;.<\/strong><\/em><\/p>\n","protected":false},"excerpt":{"rendered":"<p>Tahiti-Vanille<em>&#8218;Vanilla Tahitensis<\/em>&#8218; ist ein au\u00dfergew\u00f6hnliches Produkt.<\/p>\n<hr>\n<p>Fette und \u00f6lige Schoten, runzlige, gl\u00e4nzende Farbe, berauschender, s\u00fc\u00dfer Duft, Noten von Pflaumen mit einem leichten Karamellhintergrund, je nach Partie. Sehr gute Best\u00e4ndigkeit der Schoten im Laufe der Zeit mit einem durchschnittlichen Gewicht, das viel h\u00f6her ist als bei den &#8222;Planifolia&#8220; -Sorten. Eher f\u00fcr Desserts geeignet.<\/p>\n<p><a title=\"Vanilleschote TahitiPROFESSIONNEL\" href=\"https:\/\/mondevanille.com\/de\/produkt\/vanille-schote-tahitiprofessionell\/\"><span style=\"color: #ff0000;\"><strong>&gt;&gt;Unsere professionellen Angebote finden Sie hier&lt;&lt;<\/strong><\/span><\/a><\/p>\n","protected":false},"featured_media":60385,"template":"","meta":[],"product_brand":[],"product_cat":[513,298,266],"product_tag":[],"class_list":{"0":"post-7531","1":"product","2":"type-product","3":"status-publish","4":"has-post-thumbnail","6":"product_cat-franzoesische-vanille","7":"product_cat-tahiti-de","8":"product_cat-ursprunge","10":"first","11":"instock","12":"sale","13":"featured","14":"taxable","15":"shipping-taxable","16":"purchasable","17":"product-type-variable","18":"wvs-archive-product-wrapper"},"aioseo_notices":[],"_links":{"self":[{"href":"https:\/\/mondevanille.com\/de\/wp-json\/wp\/v2\/product\/7531","targetHints":{"allow":["GET"]}}],"collection":[{"href":"https:\/\/mondevanille.com\/de\/wp-json\/wp\/v2\/product"}],"about":[{"href":"https:\/\/mondevanille.com\/de\/wp-json\/wp\/v2\/types\/product"}],"wp:featuredmedia":[{"embeddable":true,"href":"https:\/\/mondevanille.com\/de\/wp-json\/wp\/v2\/media\/60385"}],"wp:attachment":[{"href":"https:\/\/mondevanille.com\/de\/wp-json\/wp\/v2\/media?parent=7531"}],"wp:term":[{"taxonomy":"product_brand","embeddable":true,"href":"https:\/\/mondevanille.com\/de\/wp-json\/wp\/v2\/product_brand?post=7531"},{"taxonomy":"product_cat","embeddable":true,"href":"https:\/\/mondevanille.com\/de\/wp-json\/wp\/v2\/product_cat?post=7531"},{"taxonomy":"product_tag","embeddable":true,"href":"https:\/\/mondevanille.com\/de\/wp-json\/wp\/v2\/product_tag?post=7531"}],"curies":[{"name":"wp","href":"https:\/\/api.w.org\/{rel}","templated":true}]}}