{"id":7598,"date":"2022-02-06T13:38:20","date_gmt":"2022-02-06T12:38:20","guid":{"rendered":"http:\/\/mondevanille.com\/produit\/vanille-von-den-komoren\/"},"modified":"2026-04-21T16:25:58","modified_gmt":"2026-04-21T14:25:58","slug":"vanille-des-comores","status":"publish","type":"product","link":"https:\/\/mondevanille.com\/de\/produkt\/vanille-des-comores\/","title":{"rendered":"Vanille von den Komoren"},"content":{"rendered":"<p>Die Vanille der Komoren, die die Bezeichnung Bourbon tr\u00e4gt, bietet uns stark blumige, aromatische Noten und einen unvergleichlichen Vanillingehalt von 2 %. Vielseitige Vanille mit ihrer weniger s\u00fc\u00dfen und raueren Seite als Madagaskar, die sich f\u00fcr alle Arten von Rezepten eignet.<br \/>\n<em><strong>Technische Datenbl\u00e4tter, Bio-Zertifikate und Analysebulletins finden Sie auf unserer Website unter der Registerkarte &#8222;ENGAGEMENT QUALIT\u00c4T&#8220;.<\/strong><\/em><\/p>\n<figure><a style=\"color: #ff0000;\" title=\"Technisches Datenblatt\" href=\"https:\/\/mondevanille.com\/wp-content\/uploads\/2022\/02\/FT-Comores-2023-LE-MONDE-DE-LA-VANILLE-AS2312-231276VA.pdf\" target=\"_blank\" rel=\"noopener\"><img decoding=\"async\" class=\"alignnone wp-image-52756\" src=\"https:\/\/mondevanille.com\/wp-content\/uploads\/2021\/02\/file.png\" alt=\"\" width=\"70\" height=\"70\" srcset=\"https:\/\/mondevanille.com\/wp-content\/uploads\/2021\/02\/file.png 256w, https:\/\/mondevanille.com\/wp-content\/uploads\/2021\/02\/file-150x150.png 150w, https:\/\/mondevanille.com\/wp-content\/uploads\/2021\/02\/file-100x100.png 100w, https:\/\/mondevanille.com\/wp-content\/uploads\/2021\/02\/file-50x50.png 50w, https:\/\/mondevanille.com\/wp-content\/uploads\/2021\/02\/file-64x64.png 64w\" sizes=\"(max-width: 70px) 100vw, 70px\" \/><\/a><figcaption>Technisches Datenblatt<\/figcaption><\/figure>\n","protected":false},"excerpt":{"rendered":"<p>Die Komoren liegen nordwestlich von Madagaskar und bieten uns eine atypische Vanille mit einem unvergleichlich hohen Vanillingehalt von 2 % und mehr.<\/p>\n<p>Die aromatischen Noten sind stark blumig und st\u00f6rend. Produktion von etwa 40 Tonnen pro Jahr.<\/p>\n","protected":false},"featured_media":16451,"template":"","meta":[],"product_brand":[],"product_cat":[314,269,266],"product_tag":[],"class_list":{"0":"post-7598","1":"product","2":"type-product","3":"status-publish","4":"has-post-thumbnail","6":"product_cat-komoren","7":"product_cat-unser-vertrauliches","8":"product_cat-ursprunge","10":"first","11":"instock","12":"taxable","13":"shipping-taxable","14":"purchasable","15":"product-type-variable","16":"wvs-archive-product-wrapper"},"aioseo_notices":[],"_links":{"self":[{"href":"https:\/\/mondevanille.com\/de\/wp-json\/wp\/v2\/product\/7598","targetHints":{"allow":["GET"]}}],"collection":[{"href":"https:\/\/mondevanille.com\/de\/wp-json\/wp\/v2\/product"}],"about":[{"href":"https:\/\/mondevanille.com\/de\/wp-json\/wp\/v2\/types\/product"}],"wp:featuredmedia":[{"embeddable":true,"href":"https:\/\/mondevanille.com\/de\/wp-json\/wp\/v2\/media\/16451"}],"wp:attachment":[{"href":"https:\/\/mondevanille.com\/de\/wp-json\/wp\/v2\/media?parent=7598"}],"wp:term":[{"taxonomy":"product_brand","embeddable":true,"href":"https:\/\/mondevanille.com\/de\/wp-json\/wp\/v2\/product_brand?post=7598"},{"taxonomy":"product_cat","embeddable":true,"href":"https:\/\/mondevanille.com\/de\/wp-json\/wp\/v2\/product_cat?post=7598"},{"taxonomy":"product_tag","embeddable":true,"href":"https:\/\/mondevanille.com\/de\/wp-json\/wp\/v2\/product_tag?post=7598"}],"curies":[{"name":"wp","href":"https:\/\/api.w.org\/{rel}","templated":true}]}}