{"id":7652,"date":"2022-02-06T14:05:53","date_gmt":"2022-02-06T13:05:53","guid":{"rendered":"http:\/\/mondevanille.com\/produit\/vanille-aus-neuguinea\/"},"modified":"2026-02-18T16:54:41","modified_gmt":"2026-02-18T15:54:41","slug":"vanille-aus-neuguinea","status":"publish","type":"product","link":"https:\/\/mondevanille.com\/de\/produkt\/vanille-aus-neuguinea\/","title":{"rendered":"Vanille aus Papua-Neuguinea"},"content":{"rendered":"<p>In Papua-Neuguinea werden unterschiedslos die Sorten Tahitensis und Planifolia angebaut. Die in Neuguinea produzierte Vanilla Tahitensis unterscheidet sich sehr von ihrer tahitianischen Schwester und ist pfeffriger und w\u00fcrziger mit einer Note von Tabakbl\u00e4ttern. Die Auspr\u00e4gung von nat\u00fcrlichem Vanillin ist weiterhin h\u00e4ufig auf den Schoten zu finden und zeigt sich in Form von wei\u00dfen Punkten. Vielseitige Vanille sie entfaltet sich vollends als Begleiter von warmen Gerichten, wei\u00dfem Fleisch, Fisch, So\u00dfen.<\/p>\n<p><em><strong>Technische Datenbl\u00e4tter, Bio-Zertifikate und Analysebulletins finden Sie auf unserer Website unter der Registerkarte &#8222;ENGAGEMENT QUALIT\u00c4T&#8220;.<\/strong><\/em><\/p>\n","protected":false},"excerpt":{"rendered":"<p>Vielseitige Vanille, die sich in Begleitung von warmen Gerichten, wei\u00dfem Fleisch, Fisch, Saucen voll entfaltet.<br \/>\nSie stammt von den Pflanzen der &#8222;Vanilla Tahitensis&#8220;, wie auch die Tahiti-Vanille, unterscheidet sich jedoch sehr von dieser.<br \/>\nHolziges, w\u00fcrziges und raues Aroma, das an N\u00fcsse erinnert.<br \/>\nBemerkenswert ist ihre sehr gute Haltbarkeit im Laufe der Zeit.<\/p>\n<p><a title=\"Vanilleschote Papua-NeuguineaPROFESSIONNEL\" href=\"https:\/\/mondevanille.com\/de\/produkt\/gousse-de-nouvelle-guinee-professionell\/\"><span style=\"color: #ff0000;\"><strong>&gt;&gt;Unsere professionellen Angebote finden Sie hier&lt;&lt;<\/strong><\/span><\/a><\/p>\n","protected":false},"featured_media":60406,"template":"","meta":[],"product_brand":[],"product_cat":[326,266],"product_tag":[],"class_list":{"0":"post-7652","1":"product","2":"type-product","3":"status-publish","4":"has-post-thumbnail","6":"product_cat-neu-guinea","7":"product_cat-ursprunge","9":"first","10":"instock","11":"sale","12":"featured","13":"taxable","14":"shipping-taxable","15":"purchasable","16":"product-type-variable","17":"wvs-archive-product-wrapper"},"aioseo_notices":[],"_links":{"self":[{"href":"https:\/\/mondevanille.com\/de\/wp-json\/wp\/v2\/product\/7652","targetHints":{"allow":["GET"]}}],"collection":[{"href":"https:\/\/mondevanille.com\/de\/wp-json\/wp\/v2\/product"}],"about":[{"href":"https:\/\/mondevanille.com\/de\/wp-json\/wp\/v2\/types\/product"}],"wp:featuredmedia":[{"embeddable":true,"href":"https:\/\/mondevanille.com\/de\/wp-json\/wp\/v2\/media\/60406"}],"wp:attachment":[{"href":"https:\/\/mondevanille.com\/de\/wp-json\/wp\/v2\/media?parent=7652"}],"wp:term":[{"taxonomy":"product_brand","embeddable":true,"href":"https:\/\/mondevanille.com\/de\/wp-json\/wp\/v2\/product_brand?post=7652"},{"taxonomy":"product_cat","embeddable":true,"href":"https:\/\/mondevanille.com\/de\/wp-json\/wp\/v2\/product_cat?post=7652"},{"taxonomy":"product_tag","embeddable":true,"href":"https:\/\/mondevanille.com\/de\/wp-json\/wp\/v2\/product_tag?post=7652"}],"curies":[{"name":"wp","href":"https:\/\/api.w.org\/{rel}","templated":true}]}}