{"id":7679,"date":"2022-02-06T14:50:30","date_gmt":"2022-02-06T13:50:30","guid":{"rendered":"http:\/\/mondevanille.com\/produit\/rohr\/"},"modified":"2026-04-08T11:51:53","modified_gmt":"2026-04-08T09:51:53","slug":"rohr","status":"publish","type":"product","link":"https:\/\/mondevanille.com\/de\/produkt\/rohr\/","title":{"rendered":"Rohr"},"content":{"rendered":"<p>Die Glasr\u00f6hre erm\u00f6glicht eine <em>optimale <\/em>Aufbewahrung der Vanilleschoten und f\u00f6rdert die Entwicklung der Aromen und des Frosts<em>(Vanillin<\/em>).<br \/>\nNach dem \u00d6ffnen k\u00f6nnen Sie Ihre Vanilleschoten viele Monate lang vor Luft, Temperaturschwankungen und Feuchtigkeit gesch\u00fctzt aufbewahren.<br \/>\nDie Glasr\u00f6hre wird mit einem Aluminiumverschluss geliefert.<br \/>\nAlle unsere Vanilleschoten werden in unserem Verpackungsatelier in Frankreich ausgew\u00e4hlt und zubereitet.<\/p>\n<p>M\u00f6gliche Herkunft je nach Verf\u00fcgbarkeit: Madagaskar, Papua-Neuguinea, Tahiti, Mexiko, Mayotte, Neukaledonien, Komoren, Uganda, Ile de la r\u00e9union, Sao Tom\u00e9&#8230;<\/p>\n<p>Verf\u00fcgbares Format: Bio, Vanillezucker, Vanillepulver, Extrakt.<\/p>\n<p>Finden Sie unser Angebot <a title=\"Vanille Entdeckungsset\" href=\"https:\/\/mondevanille.com\/de\/produkt\/entdeckungskiste-der-vanille-von-madagaskar\/\"><strong>&#8222;Entdeckungspaket&#8220;<\/strong><\/a> <a title=\"Vanille Entdeckungsset\" href=\"https:\/\/mondevanille.com\/de\/produkt\/entdeckungskiste-der-vanille-von-madagaskar\/\"><span style=\"color: #ff0000;\"><strong>&gt;&gt;HIER&lt;&lt;<\/strong><\/span><\/a><\/p>\n<p><em><br \/>\n  <strong>Technische Datenbl\u00e4tter, Bio-Zertifikate und Analysebulletins finden Sie auf unserer Website unter der Registerkarte &#8222;QUALIT\u00c4TSENGAGEMENT&#8220;.<\/strong><br \/>\n<\/em>.<\/p>\n","protected":false},"excerpt":{"rendered":"<p>Die Glasr\u00f6hre erm\u00f6glicht eine <em>optimale <\/em>Aufbewahrung der Vanilleschoten und f\u00f6rdert die Entwicklung der Aromen und des Frosts<em>(Vanillin<\/em>).<br \/>\nNach dem \u00d6ffnen k\u00f6nnen Sie Ihre Vanilleschoten viele Monate lang vor Luft, Temperaturschwankungen und Feuchtigkeit gesch\u00fctzt aufbewahren.<br \/>\nDie Glasr\u00f6hre wird mit einem Aluminiumverschluss geliefert.<br \/>\nAlle unsere Vanilleschoten werden in unserem Verpackungsatelier in Frankreich ausgew\u00e4hlt und zubereitet.<\/p>\n<p>Finden Sie unser Angebot <a title=\"Vanille Entdeckungsset\" href=\"https:\/\/mondevanille.com\/de\/produkt\/entdeckungskiste-der-vanille-von-madagaskar\/\"><strong>&#8222;Entdeckungspaket&#8220;<\/strong><\/a> <a title=\"Vanille Entdeckungsset\" href=\"https:\/\/mondevanille.com\/de\/produkt\/entdeckungskiste-der-vanille-von-madagaskar\/\"><span style=\"color: #ff0000;\"><strong>&gt;&gt;HIER&lt;&lt;<\/strong><\/span><\/a><\/p>\n<p><em><strong>Technische Datenbl\u00e4tter, Bio-Zertifikate und Analysebulletins finden Sie auf unserer Website unter der Registerkarte &#8222;ENGAGEMENT QUALIT\u00c4T&#8220;.<\/strong><\/em><\/p>\n","protected":false},"featured_media":14856,"template":"","meta":[],"product_brand":[],"product_cat":[332,333],"product_tag":[],"class_list":{"0":"post-7679","1":"product","2":"type-product","3":"status-publish","4":"has-post-thumbnail","6":"product_cat-konditionierung","7":"product_cat-rohr","9":"first","10":"instock","11":"taxable","12":"shipping-taxable","13":"purchasable","14":"product-type-variable","15":"wvs-archive-product-wrapper"},"aioseo_notices":[],"_links":{"self":[{"href":"https:\/\/mondevanille.com\/de\/wp-json\/wp\/v2\/product\/7679","targetHints":{"allow":["GET"]}}],"collection":[{"href":"https:\/\/mondevanille.com\/de\/wp-json\/wp\/v2\/product"}],"about":[{"href":"https:\/\/mondevanille.com\/de\/wp-json\/wp\/v2\/types\/product"}],"wp:featuredmedia":[{"embeddable":true,"href":"https:\/\/mondevanille.com\/de\/wp-json\/wp\/v2\/media\/14856"}],"wp:attachment":[{"href":"https:\/\/mondevanille.com\/de\/wp-json\/wp\/v2\/media?parent=7679"}],"wp:term":[{"taxonomy":"product_brand","embeddable":true,"href":"https:\/\/mondevanille.com\/de\/wp-json\/wp\/v2\/product_brand?post=7679"},{"taxonomy":"product_cat","embeddable":true,"href":"https:\/\/mondevanille.com\/de\/wp-json\/wp\/v2\/product_cat?post=7679"},{"taxonomy":"product_tag","embeddable":true,"href":"https:\/\/mondevanille.com\/de\/wp-json\/wp\/v2\/product_tag?post=7679"}],"curies":[{"name":"wp","href":"https:\/\/api.w.org\/{rel}","templated":true}]}}