{"id":7747,"date":"2022-02-06T14:14:24","date_gmt":"2022-02-06T13:14:24","guid":{"rendered":"http:\/\/mondevanille.com\/produit\/vanilleextrakt-aus-madagaskar\/"},"modified":"2025-08-29T09:50:48","modified_gmt":"2025-08-29T07:50:48","slug":"vanilleextrakt-madagaskar","status":"publish","type":"product","link":"https:\/\/mondevanille.com\/de\/produkt\/vanilleextrakt-madagaskar\/","title":{"rendered":"Vanilleextrakt <br>Madagaskar"},"content":{"rendered":"<div id=\"description-produit\">\n<div class=\"container\">\n<p><em>Vanille-Extrakt<\/em><\/p>\n<p><em>Herkunft der Schoten<\/em>: Madagaskar.<\/p>\n<p><em>Verpackung<\/em>:<\/p>\n<ul>\n<li>Glastube 70g Vanilleextrakt<\/li>\n<li>Flasche mit 25 g Vanilleextrakt<\/li>\n<li>Aluminiumflaschen (0.100 kg, 0.250 kg, 0.500 Kg)<\/li>\n<li>Plastikkanister (1 Kg, 5 Kg)<\/li>\n<\/ul>\n<p>Dosierung nach Rezept (1 Essl\u00f6ffel Vanilleextrakt = 1 Schote)<\/p>\n<p style=\"margin: 0cm; text-align: justify; background: white;\"><span style=\"font-size: 10.5pt; font-family: 'Segoe UI',sans-serif; color: black;\">Die <strong>Bourbon-Vanille aus Madagaskar<\/strong> ist weltweit bekannt f\u00fcr ihre hohe Qualit\u00e4t, ihren berauschenden &amp; zarten Duft mit subtilen Kakaonoten.  <\/span><\/p>\n<p style=\"margin: 0cm; text-align: justify; background: white;\"><span style=\"font-size: 10.5pt; font-family: 'Segoe UI',sans-serif; color: black;\">Die Schoten werden von der Befruchtung bis zur Verpackung von den lokalen Bauern, die eine lange Tradition in der Herstellung von Qualit\u00e4tsvanille haben, sorgf\u00e4ltig kontrolliert und \u00fcberwacht.<\/span><\/p>\n<p style=\"margin: 0cm; text-align: justify; background: white;\"><span style=\"font-size: 10.5pt; font-family: 'Segoe UI',sans-serif; color: black;\">Unser Unternehmen ist bestrebt, Ihnen die besten Vanilleschoten aus <strong>Madagaskar<\/strong> anzubieten, die sorgf\u00e4ltig ausgew\u00e4hlt, von Hand gepfl\u00fcckt, in der Sonne gereift und dann in Truhen gelagert werden, damit sich das Vanillin, das wichtigste Aromamolek\u00fcl, optimal entwickeln kann. <\/span><span style=\"color: black; font-family: 'Segoe UI', sans-serif; font-size: 10.5pt;\">Wir arbeiten eng mit lokalen Bauern und renommierten Exporteuren in <strong>Madagaskar<\/strong> zusammen, um sicherzustellen, dass unsere Produkte auf umweltfreundliche, faire und ethische Weise angebaut werden.<\/span><\/p>\n<p style=\"margin: 0cm; text-align: justify; background: white;\"><span style=\"font-size: 10.5pt; font-family: 'Segoe UI',sans-serif; color: black;\">Verwenden Sie unsere <strong>Madagaskar-Vanille<\/strong>, um Ihre Lieblingsdesserts, Kuchen, Eiscreme, Cr\u00e8me br\u00fbl\u00e9e, Makronen &amp; Konfit\u00fcre zu aromatisieren oder um Ihren Hei\u00dfgetr\u00e4nken einen Hauch von exotischem Geschmack zu verleihen.  <\/span><\/p>\n<p style=\"margin: 0cm; text-align: justify; background: white;\"><span style=\"font-size: 10.5pt; font-family: 'Segoe UI',sans-serif; color: black;\">Neben Vanilleschoten umfasst unser Sortiment auch 100% nat\u00fcrliches Vanillepulver, Vanilleextrakte ohne Zusatzstoffe und Vanillezucker in verschiedenen Aufmachungen. All dies sind Produkte, die Sie auf unserer Website in dem f\u00fcr Ihren Bedarf geeigneten Format finden k\u00f6nnen.<\/span><\/p>\n<p style=\"margin: 0cm; text-align: justify; background: white;\"><span style=\"font-size: 10.5pt; font-family: 'Segoe UI',sans-serif; color: black;\">Bestellen Sie jetzt online, um die Eigenschaften unserer Vanille aus <strong>Madagaskar<\/strong> kennenzulernen.<\/span><\/p>\n<p><em><strong>Technische Datenbl\u00e4tter, Bio-Zertifikate und Analysebulletins finden Sie auf unserer Website unter der Registerkarte &#8222;ENGAGEMENT QUALIT\u00c4T&#8220;.<\/strong><\/em><\/p>\n<p>Existiert auch in<span style=\"color: #993300;\"> <a style=\"color: #993300;\" title=\"Bio - Vanille im Kilo\" href=\"https:\/\/mondevanille.com\/de\/?post_type=product&#038;p=12042\">&gt;&gt;BIO&lt;&lt;<\/a><\/span><\/p>\n<\/div>\n<\/div>\n","protected":false},"excerpt":{"rendered":"<p><img decoding=\"async\" src=\"https:\/\/mondevanille.com\/wp-content\/uploads\/2022\/12\/Offre-Speciale-e1696493874358.webp\" alt=\"\" width=\"84\" height=\"39\">F\u00fcr dieses Produkt gilt ein Rabatt von -15%. <a href=\"https:\/\/mondevanille.com\/de\/produkt\/vanilleextrakt-madagaskar\/?attribute_pa_quantite=250g\"><span style=\"color: #ff0000;\"><strong>&gt;&gt;HIER&lt;&lt;<\/strong><\/span><\/a><\/p>\n<p>Zusammensetzung: Zuckersirup, nat\u00fcrlicher Vanilleextrakt (300 g\/L), Vanillesamen<\/p>\n<p>Ohne Konservierungsstoffe<\/p>\n<p>Herkunft der Schoten: Madagaskar.<\/p>\n<p>Dosierung nach Rezept 1 bis 2 Essl\u00f6ffel<\/p>\n","protected":false},"featured_media":50418,"template":"","meta":[],"product_brand":[],"product_cat":[667,357],"product_tag":[],"class_list":{"0":"post-7747","1":"product","2":"type-product","3":"status-publish","4":"has-post-thumbnail","6":"product_cat-profis","7":"product_cat-vanilleextrakt","9":"first","10":"instock","11":"taxable","12":"shipping-taxable","13":"purchasable","14":"product-type-variable","15":"wvs-archive-product-wrapper"},"aioseo_notices":[],"_links":{"self":[{"href":"https:\/\/mondevanille.com\/de\/wp-json\/wp\/v2\/product\/7747","targetHints":{"allow":["GET"]}}],"collection":[{"href":"https:\/\/mondevanille.com\/de\/wp-json\/wp\/v2\/product"}],"about":[{"href":"https:\/\/mondevanille.com\/de\/wp-json\/wp\/v2\/types\/product"}],"wp:featuredmedia":[{"embeddable":true,"href":"https:\/\/mondevanille.com\/de\/wp-json\/wp\/v2\/media\/50418"}],"wp:attachment":[{"href":"https:\/\/mondevanille.com\/de\/wp-json\/wp\/v2\/media?parent=7747"}],"wp:term":[{"taxonomy":"product_brand","embeddable":true,"href":"https:\/\/mondevanille.com\/de\/wp-json\/wp\/v2\/product_brand?post=7747"},{"taxonomy":"product_cat","embeddable":true,"href":"https:\/\/mondevanille.com\/de\/wp-json\/wp\/v2\/product_cat?post=7747"},{"taxonomy":"product_tag","embeddable":true,"href":"https:\/\/mondevanille.com\/de\/wp-json\/wp\/v2\/product_tag?post=7747"}],"curies":[{"name":"wp","href":"https:\/\/api.w.org\/{rel}","templated":true}]}}