{"id":7828,"date":"2022-02-06T14:56:17","date_gmt":"2022-02-06T13:56:17","guid":{"rendered":"http:\/\/mondevanille.com\/produit\/krug\/"},"modified":"2025-03-26T11:24:56","modified_gmt":"2025-03-26T10:24:56","slug":"krug","status":"publish","type":"product","link":"https:\/\/mondevanille.com\/de\/produkt\/krug\/","title":{"rendered":"Glas <br>Schoten-Pulver-Zucker Vanille"},"content":{"rendered":"<p>F\u00fcr eine optimale Konservierung und Lagerung ist die Verpackung in einem Glas wahrscheinlich das am besten geeignete Beh\u00e4ltnis f\u00fcr Vanille.<\/p>\n<p>Es verhindert das Austrocknen und l\u00e4sst die Vanille ihre Aromen weiter entfalten.<\/p>\n<p>Ein praktisches Format und eine praktische Aufmachung f\u00fcr regelm\u00e4\u00dfige Vanillebenutzer.<\/p>\n<p><img decoding=\"async\" class=\" wp-image-50716\" src=\"https:\/\/mondevanille.com\/wp-content\/uploads\/2022\/12\/Offre-Speciale-e1696493874358.webp\" alt=\"\" width=\"81\" height=\"34\" srcset=\"https:\/\/mondevanille.com\/wp-content\/uploads\/2022\/12\/Offre-Speciale-e1696493874358.webp 1087w, https:\/\/mondevanille.com\/wp-content\/uploads\/2022\/12\/Offre-Speciale-e1696493874358-600x251.webp 600w, https:\/\/mondevanille.com\/wp-content\/uploads\/2022\/12\/Offre-Speciale-e1696493874358-1024x428.webp 1024w, https:\/\/mondevanille.com\/wp-content\/uploads\/2022\/12\/Offre-Speciale-e1696493874358-768x321.webp 768w, https:\/\/mondevanille.com\/wp-content\/uploads\/2022\/12\/Offre-Speciale-e1696493874358-1000x418.webp 1000w, https:\/\/mondevanille.com\/wp-content\/uploads\/2022\/12\/Offre-Speciale-e1696493874358-64x27.webp 64w\" sizes=\"(max-width: 81px) 100vw, 81px\" \/>  F\u00fcr dieses Produkt gibt es ein Sonderangebot   <span style=\"color: #ff0000;\"><br \/>\n  <strong><br \/>\n    <a style=\"color: #ff0000;\" title=\"SPECIAL BOCAUX - Schoten - Madagaskar - Papua-Neuguinea -.\" href=\"https:\/\/mondevanille.com\/de\/produkt\/special-bocaux-gousses-madagaskar-papua-neuguinea\/\"> &gt;&gt;hier&lt;&lt; <\/a><br \/>\n  <\/strong><br \/>\n<\/span>oder  <span style=\"color: #ff0000;\"><strong><a style=\"color: #ff0000;\" title=\"SPECIAL BOCKEN - Madagaskar Pulver - - Brauner Zucker mit Bourbon Vanille -.\" href=\"https:\/\/mondevanille.com\/de\/produkt\/special-glaeser-pulver-madagaskar-zucker-roux-a-la-vanille-bourbon\/\"> &gt;&gt;hier&lt;&lt;<\/a><\/strong><\/span><\/p>\n<p><em><strong>Technische Datenbl\u00e4tter, Bio-Zertifikate und Analysebulletins finden Sie auf unserer Website unter der Registerkarte &#8222;ENGAGEMENT QUALIT\u00c4T&#8220;.<\/strong><\/em><\/p>\n","protected":false},"excerpt":{"rendered":"<p><img decoding=\"async\" class=\" wp-image-50716\" src=\"https:\/\/mondevanille.com\/wp-content\/uploads\/2022\/12\/Offre-Speciale-e1696493874358-600x251.webp\" alt=\"\" width=\"81\" height=\"34\" srcset=\"https:\/\/mondevanille.com\/wp-content\/uploads\/2022\/12\/Offre-Speciale-e1696493874358-600x251.webp 600w, https:\/\/mondevanille.com\/wp-content\/uploads\/2022\/12\/Offre-Speciale-e1696493874358-1024x428.webp 1024w, https:\/\/mondevanille.com\/wp-content\/uploads\/2022\/12\/Offre-Speciale-e1696493874358-768x321.webp 768w, https:\/\/mondevanille.com\/wp-content\/uploads\/2022\/12\/Offre-Speciale-e1696493874358-1000x418.webp 1000w, https:\/\/mondevanille.com\/wp-content\/uploads\/2022\/12\/Offre-Speciale-e1696493874358-64x27.webp 64w, https:\/\/mondevanille.com\/wp-content\/uploads\/2022\/12\/Offre-Speciale-e1696493874358.webp 1087w\" sizes=\"(max-width: 81px) 100vw, 81px\" \/>  F\u00fcr dieses Produkt gibt es ein Sonderangebot   <span style=\"color: #ff0000;\"><br \/>\n  <strong><br \/>\n    <a style=\"color: #ff0000;\" title=\"SPECIAL BOCAUX - Schoten - Madagaskar - Papua-Neuguinea -.\" href=\"https:\/\/mondevanille.com\/de\/produkt\/special-bocaux-gousses-madagaskar-papua-neuguinea\/\"> &gt;&gt;hier&lt;&lt; <\/a><br \/>\n  <\/strong><br \/>\n<\/span>oder  <span style=\"color: #ff0000;\"><strong><a style=\"color: #ff0000;\" title=\"SPECIAL BOCKEN - Madagaskar Pulver - - Brauner Zucker mit Bourbon Vanille -.\" href=\"https:\/\/mondevanille.com\/de\/produkt\/special-glaeser-pulver-madagaskar-zucker-roux-a-la-vanille-bourbon\/\"> &gt;&gt;hier&lt;&lt; <\/a><\/strong><\/span><\/p>\n","protected":false},"featured_media":60938,"template":"","meta":[],"product_brand":[],"product_cat":[332,373,667],"product_tag":[],"class_list":{"0":"post-7828","1":"product","2":"type-product","3":"status-publish","4":"has-post-thumbnail","6":"product_cat-konditionierung","7":"product_cat-krug","8":"product_cat-profis","10":"first","11":"instock","12":"sale","13":"taxable","14":"shipping-taxable","15":"purchasable","16":"product-type-variable","17":"wvs-archive-product-wrapper"},"aioseo_notices":[],"_links":{"self":[{"href":"https:\/\/mondevanille.com\/de\/wp-json\/wp\/v2\/product\/7828","targetHints":{"allow":["GET"]}}],"collection":[{"href":"https:\/\/mondevanille.com\/de\/wp-json\/wp\/v2\/product"}],"about":[{"href":"https:\/\/mondevanille.com\/de\/wp-json\/wp\/v2\/types\/product"}],"wp:featuredmedia":[{"embeddable":true,"href":"https:\/\/mondevanille.com\/de\/wp-json\/wp\/v2\/media\/60938"}],"wp:attachment":[{"href":"https:\/\/mondevanille.com\/de\/wp-json\/wp\/v2\/media?parent=7828"}],"wp:term":[{"taxonomy":"product_brand","embeddable":true,"href":"https:\/\/mondevanille.com\/de\/wp-json\/wp\/v2\/product_brand?post=7828"},{"taxonomy":"product_cat","embeddable":true,"href":"https:\/\/mondevanille.com\/de\/wp-json\/wp\/v2\/product_cat?post=7828"},{"taxonomy":"product_tag","embeddable":true,"href":"https:\/\/mondevanille.com\/de\/wp-json\/wp\/v2\/product_tag?post=7828"}],"curies":[{"name":"wp","href":"https:\/\/api.w.org\/{rel}","templated":true}]}}