{"id":7843,"date":"2022-02-06T14:07:26","date_gmt":"2022-02-06T13:07:26","guid":{"rendered":"http:\/\/mondevanille.com\/produit\/vanillezucker-aus-madagaskar\/"},"modified":"2026-04-23T09:14:30","modified_gmt":"2026-04-23T07:14:30","slug":"zucker-vanille-madagaskar","status":"publish","type":"product","link":"https:\/\/mondevanille.com\/de\/produkt\/zucker-vanille-madagaskar\/","title":{"rendered":"Brauner Zucker mit Bourbon-Vanille aus Madagaskar"},"content":{"rendered":"<div id=\"description-produit\">\n<div class=\"container\">\n<p>Vanillezucker<\/p>\n<p>Entdecken Sie den von <em>Le Monde de la Vanille<\/em> hergestellten <strong><a title=\"Roter Zucker\" href=\"https:\/\/fr.wikipedia.org\/wiki\/Sucre_roux_de_canne\" target=\"_blank\" rel=\"noopener\">braunen Zucker<\/a><\/strong> mit <em>Vanille<\/em>. Eine k\u00f6stliche Kreation, die die nat\u00fcrliche S\u00fc\u00dfe des braunen Zuckers mit der aromatischen Intensit\u00e4t der <strong>Bourbon-Vanille aus Madagaskar<\/strong> verbindet. Diese raffinierte Mischung aus reinem Vanillepulver verfeinert Ihre Rezepte und verleiht Ihren Desserts, Hei\u00dfgetr\u00e4nken oder hausgemachten Backwaren einen exotischen Touch.   Die Bourbon-Vanille aus Madagaskar ist weltweit bekannt f\u00fcr ihre hohe Qualit\u00e4t, ihren berauschenden und zarten Duft mit subtilen Kakaonoten.<\/p>\n<p>Unser brauner Vanillezucker ist ideal, um einen Kaffee zu aromatisieren, einen Obstsalat zu verfeinern, Ihren Kuchen zu bereichern oder sogar Ihre Cr\u00e8me br\u00fbl\u00e9e zu karamellisieren. Dank der <strong>au\u00dfergew\u00f6hnlichen Qualit\u00e4t der Bourbon-Vanille aus Madagaskar <\/strong>, bei der jedes Zuckerkorn einen warmen, s\u00fc\u00dfen und bet\u00f6renden Duft entfaltet. <\/p>\n<p>Wenn Sie sich f\u00fcr den braunen Vanillezucker <em>von Le Monde de la Vanille<\/em> entscheiden, entscheiden Sie sich f\u00fcr :<\/p>\n<ul>\n<li>Ein handwerkliches Produkt<\/li>\n<li>Natur<\/li>\n<li>Ohne k\u00fcnstliche Aromen.<\/li>\n<li>Entworfen f\u00fcr leidenschaftliche K\u00f6che und Liebhaber authentischer Aromen.<\/li>\n<\/ul>\n<p><strong><em>Zusammensetzung<\/em> <\/strong>Unraffinierter Rohrzucker (90 %), gemahlene Vanilleschoten aus Madagaskar (10 %).<\/p>\n<p>Produkt verarbeitet und verpackt in Frankreich.<\/p>\n<\/div>\n<\/div>\n<div id=\"avis-clients-produit\">\n<div class=\"container\">\n<section id=\"netreviews_reviews_tab\" class=\" \">\n<div id=\"netreviews_rating_section\" data-group-name=\"\" data-url-ajax=\"\/modules\/\" data-idshop=\"1\" data-productid=\"110\" data-current-page=\"1\" data-current-option=\"horodate_DESC\" data-sortbynote=\"0\" data-max-page=\"1\">\n<div class=\"netreviews_rating_header\"><em><strong>Technische Datenbl\u00e4tter, Bio-Zertifikate und Analysebulletins finden Sie auf der Registerkarte<a title=\"Technische Merkbl\u00e4tter\" href=\"https:\/\/mondevanille.com\/de\/technische-datenblaetter\/\">&#8222;QUALIT\u00c4TSENGAGEMENT<\/a>&#8220; auf unserer Website.<\/strong><\/em><\/div>\n<div>\n<h6><strong>Wie verwenden Sie es?<\/strong><\/h6>\n<p>Unser Vanillezucker ist vielseitig einsetzbar:<\/p>\n<ul>\n<li>S\u00fc\u00dfen und parf\u00fcmieren Sie Ihren Kaffee, Tee oder hei\u00dfe Schokolade.<\/li>\n<li>Verfeinert einen Obstsalat oder Joghurt<\/li>\n<li>Verbessert den Geschmack von Pfannkuchen, Kuchen und Keksen.<\/li>\n<li>Karamellisieren Sie Ihre Cr\u00e8me br\u00fbl\u00e9e oder Obstkuchen.<\/li>\n<\/ul>\n<\/div>\n<div>\n<p><img decoding=\"async\" class=\" wp-image-51275\" src=\"https:\/\/mondevanille.com\/wp-content\/uploads\/2021\/02\/LOGO-carre.webp\" alt=\"Vanillezucker\" width=\"85\" height=\"85\"><\/p>\n<p>So umfasst unser Sortiment auch Vanilleschoten, 100 % nat\u00fcrliches Vanillepulver, aber auch Vanilleextrakte ohne Zusatzstoffe, Vanillepaste, Vanillek\u00f6rner (oder Vanillekaviar) oder Vanillezucker. All dies sind Produkte, die Sie auf unserer Website in dem f\u00fcr Ihren Bedarf geeigneten Format finden k\u00f6nnen.<\/p>\n<p>Bestellen Sie jetzt online unsere Vanille aus <strong>Madagaskar, Tahiti, Papua-Neuguinea<\/strong>&#8230;<\/p>\n<\/div>\n<\/div>\n<\/section>\n<\/div>\n<\/div>\n","protected":false},"excerpt":{"rendered":"<div id=\"description-produit\">\n<div class=\"container\">\n<p>Brauner Zucker mit Bourbon-Vanille aus Madagaskar.<br \/>\nIdeal zum S\u00fc\u00dfen und Verfeinern von Desserts, hei\u00dfen Getr\u00e4nken und Geb\u00e4ck mit einer k\u00f6stlichen und authentischen Note.<\/p>\n<p><em><strong>Zusammensetzung<\/strong> <\/em>Unraffinierter Rohrzucker (90 %), gemahlene Vanilleschoten aus Madagaskar (10 %).<br \/>\n<em><strong>Aufmachung<\/strong>: <\/em>Beutel - Glas - Tube.<br \/>\nIn Frankreich verarbeitetes und verpacktes Produkt.<\/p>\n<p>Mit <strong>Bourbon Vanille aus Madagaskar<\/strong> aromatisierter brauner Zucker, hergestellt von <em>Le Monde de la Vanille<\/em>. Ideal zum S\u00fc\u00dfen und Verfeinern von Desserts, hei\u00dfen Getr\u00e4nken und Geb\u00e4ck mit einer k\u00f6stlichen und authentischen Note. <\/p>\n<p>Existiert auch in der Version <a title=\"Wei\u00dfer Zucker Vanille\" href=\"https:\/\/mondevanille.com\/produit\/sucre-blanc-vanille\/\" target=\"_blank\" rel=\"noopener\"><span style=\"color: #ff0000;\"><strong>&gt;Wei\u00dfer Zucker Vanille&lt;<\/strong><\/span><\/a><\/p>\n<\/div>\n<\/div>\n","protected":false},"featured_media":56227,"template":"","meta":[],"product_brand":[],"product_cat":[374],"product_tag":[],"class_list":{"0":"post-7843","1":"product","2":"type-product","3":"status-publish","4":"has-post-thumbnail","6":"product_cat-vanillezucker","8":"first","9":"instock","10":"taxable","11":"shipping-taxable","12":"purchasable","13":"product-type-variable","14":"wvs-archive-product-wrapper"},"aioseo_notices":[],"_links":{"self":[{"href":"https:\/\/mondevanille.com\/de\/wp-json\/wp\/v2\/product\/7843","targetHints":{"allow":["GET"]}}],"collection":[{"href":"https:\/\/mondevanille.com\/de\/wp-json\/wp\/v2\/product"}],"about":[{"href":"https:\/\/mondevanille.com\/de\/wp-json\/wp\/v2\/types\/product"}],"wp:featuredmedia":[{"embeddable":true,"href":"https:\/\/mondevanille.com\/de\/wp-json\/wp\/v2\/media\/56227"}],"wp:attachment":[{"href":"https:\/\/mondevanille.com\/de\/wp-json\/wp\/v2\/media?parent=7843"}],"wp:term":[{"taxonomy":"product_brand","embeddable":true,"href":"https:\/\/mondevanille.com\/de\/wp-json\/wp\/v2\/product_brand?post=7843"},{"taxonomy":"product_cat","embeddable":true,"href":"https:\/\/mondevanille.com\/de\/wp-json\/wp\/v2\/product_cat?post=7843"},{"taxonomy":"product_tag","embeddable":true,"href":"https:\/\/mondevanille.com\/de\/wp-json\/wp\/v2\/product_tag?post=7843"}],"curies":[{"name":"wp","href":"https:\/\/api.w.org\/{rel}","templated":true}]}}