{"id":9876,"date":"2022-06-08T14:16:45","date_gmt":"2022-06-08T12:16:45","guid":{"rendered":"http:\/\/mondevanille.com\/?post_type=product&#038;p=9876"},"modified":"2025-09-03T11:18:35","modified_gmt":"2025-09-03T09:18:35","slug":"bio-vanille-pulver","status":"publish","type":"product","link":"https:\/\/mondevanille.com\/de\/produkt\/bio-vanille-pulver\/","title":{"rendered":"Bio - Vanillepulver<br>Zertifiziert FR-BIO-10"},"content":{"rendered":"<p>Aus Madagaskar stammend, sind unsere Vanillepulver von Bureau Veritas FR-BIO-10 biologisch zertifiziert.<\/p>\n<p style=\"margin: 0cm; text-align: justify; background: white;\"><span style=\"font-size: 10.5pt; font-family: 'Segoe UI',sans-serif; color: black;\">Die <strong>Bourbon-Vanille aus Madagaskar<\/strong> ist weltweit bekannt f\u00fcr ihre hohe Qualit\u00e4t, ihren berauschenden und zarten Duft mit subtilen Kakaonoten.  <\/span><\/p>\n<p style=\"margin: 0cm; text-align: justify; background: white;\"><span style=\"font-size: 10.5pt; font-family: 'Segoe UI',sans-serif; color: black;\">Die Schoten werden von der Befruchtung bis zur Verpackung von den lokalen Bauern, die eine lange Tradition in der Produktion von Qualit\u00e4tsvanille haben, sorgf\u00e4ltig kontrolliert und \u00fcberwacht.  <\/span><\/p>\n<p style=\"margin: 0cm; text-align: justify; background: white;\"><span style=\"font-size: 10.5pt; font-family: 'Segoe UI',sans-serif; color: black;\">Unser Unternehmen ist bestrebt, Ihnen die besten Vanilleschoten aus <strong>Madagaskar<\/strong> anzubieten, die sorgf\u00e4ltig ausgew\u00e4hlt, von Hand gepfl\u00fcckt, in der Sonne gereift und dann in Truhen gelagert werden, damit sich das Vanillin, das wichtigste Aromamolek\u00fcl, optimal entwickeln kann. <\/span><span style=\"color: black; font-family: 'Segoe UI', sans-serif; font-size: 10.5pt;\">Wir arbeiten eng mit lokalen Bauern und renommierten Exporteuren in <strong>Madagaskar<\/strong> zusammen, um sicherzustellen, dass unsere Produkte auf umweltfreundliche, faire und ethische Weise angebaut werden.<\/span><\/p>\n<p style=\"margin: 0cm; text-align: justify; background: white;\"><span style=\"font-size: 10.5pt; font-family: 'Segoe UI',sans-serif; color: black;\">Verwenden Sie unsere <strong>Madagaskar-Vanille<\/strong>, um Ihre Lieblingsdesserts, Kuchen, Eiscreme, Cr\u00e8me br\u00fbl\u00e9e, Makronen &amp; Konfit\u00fcre zu aromatisieren oder um Ihren Hei\u00dfgetr\u00e4nken einen Hauch von exotischem Geschmack zu verleihen.  <\/span><\/p>\n<p style=\"margin: 0cm; text-align: justify; background: white;\"><span style=\"font-size: 10.5pt; font-family: 'Segoe UI',sans-serif; color: black;\">Neben Vanilleschoten umfasst unser Sortiment auch 100 % nat\u00fcrliches Vanillepulver, Vanilleextrakte ohne Zusatzstoffe und Vanillezucker. All dies sind Produkte, die Sie auf unserer Website in dem f\u00fcr Ihren Bedarf geeigneten Format finden k\u00f6nnen.<\/span><\/p>\n<p style=\"margin: 0cm; text-align: justify; background: white;\"><span style=\"font-size: 10.5pt; font-family: 'Segoe UI',sans-serif; color: black;\">Bestellen Sie jetzt online, um die Eigenschaften unserer Vanille aus <strong>Madagaskar<\/strong> kennenzulernen.<\/span><\/p>\n<p><em><strong>Technische Datenbl\u00e4tter, Bio-Zertifikate und Analysebulletins finden Sie auf der Registerkarte<a title=\"Qualit\u00e4tsverpflichtung\" href=\"https:\/\/mondevanille.com\/de\/qualitaetsverpflichtung\/\" target=\"_blank\" rel=\"noopener\">&#8222;Qualit\u00e4tsverpflichtung<\/a>&#8220; unserer Website.<\/strong><\/em><\/p>\n","protected":false},"excerpt":{"rendered":"<p>Unser Vanillepulver stammt ausschlie\u00dflich aus Madagaskar und wurde von Bureau Veritas als biologisch zertifiziert FR-BIO-10<\/p>\n<p>Vanillepulver gemahlen \/ entbittert zu 100% aus <a href=\"https:\/\/fr.wikipedia.org\/wiki\/Vanille\" target=\"_blank\" rel=\"noopener\">Bio-Vanilleschoten<\/a>.<\/p>\n<p><strong>Verpackung<\/strong>: Vakuumbeutel \/ Glas \/ Tube.<br \/>\n Dosierung<strong>:<\/strong> Je nach Rezept \/ 1 Essl\u00f6ffel = 1 Vanilleschote.<\/p>\n<p><em><strong>Technische Datenbl\u00e4tter, Bio-Zertifikat und Analysebulletins finden Sie auf unserer Website unter der Rubrik<a title=\"Qualit\u00e4tsverpflichtung\" href=\"https:\/\/mondevanille.com\/de\/qualitaetsverpflichtung\/\" target=\"_blank\" rel=\"noopener\">&#8222;QUALIT\u00c4TSVERPFLICHTUNG<\/a>&#8222;.<\/strong><\/em><\/p>\n","protected":false},"featured_media":49311,"template":"","meta":[],"product_brand":[],"product_cat":[386,507,433],"product_tag":[],"class_list":{"0":"post-9876","1":"product","2":"type-product","3":"status-publish","4":"has-post-thumbnail","6":"product_cat-organische-produkte","7":"product_cat-pulver","8":"product_cat-verarbeitete-produkte","10":"first","11":"instock","12":"taxable","13":"shipping-taxable","14":"purchasable","15":"product-type-variable","16":"wvs-archive-product-wrapper"},"aioseo_notices":[],"_links":{"self":[{"href":"https:\/\/mondevanille.com\/de\/wp-json\/wp\/v2\/product\/9876","targetHints":{"allow":["GET"]}}],"collection":[{"href":"https:\/\/mondevanille.com\/de\/wp-json\/wp\/v2\/product"}],"about":[{"href":"https:\/\/mondevanille.com\/de\/wp-json\/wp\/v2\/types\/product"}],"wp:featuredmedia":[{"embeddable":true,"href":"https:\/\/mondevanille.com\/de\/wp-json\/wp\/v2\/media\/49311"}],"wp:attachment":[{"href":"https:\/\/mondevanille.com\/de\/wp-json\/wp\/v2\/media?parent=9876"}],"wp:term":[{"taxonomy":"product_brand","embeddable":true,"href":"https:\/\/mondevanille.com\/de\/wp-json\/wp\/v2\/product_brand?post=9876"},{"taxonomy":"product_cat","embeddable":true,"href":"https:\/\/mondevanille.com\/de\/wp-json\/wp\/v2\/product_cat?post=9876"},{"taxonomy":"product_tag","embeddable":true,"href":"https:\/\/mondevanille.com\/de\/wp-json\/wp\/v2\/product_tag?post=9876"}],"curies":[{"name":"wp","href":"https:\/\/api.w.org\/{rel}","templated":true}]}}