{"id":13227,"date":"2022-07-05T15:20:59","date_gmt":"2022-07-05T13:20:59","guid":{"rendered":"http:\/\/mondevanille.com\/?post_type=product&#038;p=13227"},"modified":"2026-03-09T15:18:54","modified_gmt":"2026-03-09T14:18:54","slug":"vanilla-from-madagascar","status":"publish","type":"product","link":"https:\/\/mondevanille.com\/en\/product\/vanilla-from-madagascar\/","title":{"rendered":"Madagascar Bourbon vanilla"},"content":{"rendered":"<p><span style=\"font-size: 10.5pt; font-family: 'Segoe UI',sans-serif; color: black;\"><strong>Bourbon<\/strong> vanilla <strong>from <a href=\"https:\/\/fr.wikipedia.org\/wiki\/Madagascar\" target=\"_blank\" rel=\"noopener\">Madagascar<\/a><\/strong> is renowned the world over for its superior quality and heady, delicate fragrance with subtle hints of cocoa.  <\/span><\/p>\n<p style=\"margin: 0cm; text-align: justify; background: white;\"><span style=\"font-size: 10.5pt; font-family: 'Segoe UI',sans-serif; color: black;\">Mainly grown in the warm, humid north-west of the island, from fertilization to packaging, the pods are carefully controlled &amp; monitored by local farmers with a long tradition of quality production.<\/span><\/p>\n<p style=\"margin: 0cm; text-align: justify; background: white;\"><span style=\"font-size: 10.5pt; font-family: 'Segoe UI',sans-serif; color: black;\">Our company is committed to offering you the very best vanilla pods from <strong>Madagascar<\/strong>, carefully selected, hand-picked, sun-ripened, then stored in trunks to allow optimal development of vanillin, the main aromatic molecule. <\/span><span style=\"color: black; font-family: 'Segoe UI', sans-serif; font-size: 10.5pt;\">We work closely with local farmers and reputable exporters in <strong>Madagascar<\/strong> to ensure that our products are grown in an ecological, fair and ethical way.<\/span><\/p>\n<p style=\"margin: 0cm; text-align: justify; background: white;\"><span style=\"font-size: 10.5pt; font-family: 'Segoe UI',sans-serif; color: black;\">Use our <strong>Madagascar<\/strong> vanilla to flavor your favorite desserts, cakes, ice creams, cr\u00e8mes br\u00fbl\u00e9es, macaroons and jams, or to add a touch of exotic flavor to your hot drinks.  <\/span><\/p>\n<p style=\"margin: 0cm; text-align: justify; background: white;\"><span style=\"font-size: 10.5pt; font-family: 'Segoe UI',sans-serif; color: black;\">Our range also includes 100% natural vanilla powder, additive-free vanilla extracts and vanilla sugar. All these products can be found on our website in the format adapted to your needs.<\/span><\/p>\n<p style=\"margin: 0cm; text-align: justify; background: white;\"><span style=\"font-size: 10.5pt; font-family: 'Segoe UI',sans-serif; color: black;\">Order online now to discover the characteristics of our <strong>Madagascar<\/strong> vanilla.<\/span><\/p>\n<p><em><strong>You can find our Technical Data Sheets, Organic Certificates and<a title=\"Product analysis\" href=\"https:\/\/mondevanille.com\/en\/product-analysis\/\"> Analysis Bulletins<\/a> in the &#8220;QUALITY COMMITMENT&#8221; section of our website.<\/strong><\/em><\/p>\n<p><img decoding=\"async\" class=\"wp-image-63302 aligncenter\" src=\"https:\/\/mondevanille.com\/wp-content\/uploads\/2022\/07\/Madagascar-paysage.webp\" alt=\"Madagascar vanilla\" width=\"97\" height=\"137\" srcset=\"https:\/\/mondevanille.com\/wp-content\/uploads\/2022\/07\/Madagascar-paysage.webp 300w, https:\/\/mondevanille.com\/wp-content\/uploads\/2022\/07\/Madagascar-paysage-64x90.webp 64w\" sizes=\"(max-width: 97px) 100vw, 97px\" \/><\/p>\n","protected":false},"excerpt":{"rendered":"<p>The benchmark vanilla. <span style=\"font-size: 10.5pt; font-family: 'Segoe UI',sans-serif; color: black;\"> <strong>Bourbon<\/strong> vanilla <strong>from <a href=\"https:\/\/fr.wikipedia.org\/wiki\/Madagascar\" target=\"_blank\" rel=\"noopener\">Madagascar<\/a><\/strong> is renowned the world over for its superior quality, heady, delicate fragrance and subtle cocoa notes. <\/span> <\/p>\n<p><em><strong>Application<\/strong> <\/em>All types of desserts, hot dishes, maceration.<br \/>\nA typical vanilla fragrance, with delicate, subtle cocoa notes.<\/p>\n<p>Afnor 5565-1 compliant. Microbiological + organoleptic analysis on request.<\/p>\n<p><img decoding=\"async\" class=\" wp-image-50716\" src=\"https:\/\/mondevanille.com\/wp-content\/uploads\/2022\/12\/Offre-Speciale-e1696493874358.webp\" alt=\"\" width=\"69\" height=\"32\">  This product benefits from a promotional offer <strong><a href=\"https:\/\/mondevanille.com\/en\/product\/gousse-de-madagascar-professionnel\/?attribute_pa_quantite=1kg&#038;attribute_pa_taille=14-15\"><span style=\"color: #ff0000;\">&gt;&gt;here&lt;&lt;<\/span><\/a>.<\/strong><\/p>\n<p><a title=\"Vanilla pod Madagascar PROFESSIONAL\" href=\"https:\/\/mondevanille.com\/en\/product\/gousse-de-madagascar-professionnel\/\"><span style=\"color: #ff0000;\"><strong>&gt;&gt;Find our professional offers here&lt;&lt;<\/strong><\/span><\/a><\/p>\n","protected":false},"featured_media":16455,"template":"","meta":[],"product_brand":[],"product_cat":[313,235],"product_tag":[],"class_list":{"0":"post-13227","1":"product","2":"type-product","3":"status-publish","4":"has-post-thumbnail","6":"product_cat-madagascar-en","7":"product_cat-origins","9":"first","10":"instock","11":"sale","12":"featured","13":"taxable","14":"shipping-taxable","15":"purchasable","16":"product-type-variable","17":"wvs-archive-product-wrapper"},"aioseo_notices":[],"_links":{"self":[{"href":"https:\/\/mondevanille.com\/en\/wp-json\/wp\/v2\/product\/13227","targetHints":{"allow":["GET"]}}],"collection":[{"href":"https:\/\/mondevanille.com\/en\/wp-json\/wp\/v2\/product"}],"about":[{"href":"https:\/\/mondevanille.com\/en\/wp-json\/wp\/v2\/types\/product"}],"wp:featuredmedia":[{"embeddable":true,"href":"https:\/\/mondevanille.com\/en\/wp-json\/wp\/v2\/media\/16455"}],"wp:attachment":[{"href":"https:\/\/mondevanille.com\/en\/wp-json\/wp\/v2\/media?parent=13227"}],"wp:term":[{"taxonomy":"product_brand","embeddable":true,"href":"https:\/\/mondevanille.com\/en\/wp-json\/wp\/v2\/product_brand?post=13227"},{"taxonomy":"product_cat","embeddable":true,"href":"https:\/\/mondevanille.com\/en\/wp-json\/wp\/v2\/product_cat?post=13227"},{"taxonomy":"product_tag","embeddable":true,"href":"https:\/\/mondevanille.com\/en\/wp-json\/wp\/v2\/product_tag?post=13227"}],"curies":[{"name":"wp","href":"https:\/\/api.w.org\/{rel}","templated":true}]}}