{"id":42668,"date":"2022-11-04T13:22:05","date_gmt":"2022-11-04T12:22:05","guid":{"rendered":"https:\/\/mondevanille.com\/produit\/vanilla-powder\/"},"modified":"2026-03-28T16:06:53","modified_gmt":"2026-03-28T15:06:53","slug":"vanilla-powder","status":"publish","type":"product","link":"https:\/\/mondevanille.com\/en\/product\/vanilla-powder\/","title":{"rendered":"Vanilla <br> Powder"},"content":{"rendered":"<p>Vanilla powder from Madagascar or New Guinea, ground\/debacterized. Our powder is 100% <a href=\"https:\/\/fr.wikipedia.org\/wiki\/Vanille\" target=\"_blank\" rel=\"noopener\">vanilla bean<\/a>.<\/p>\n<p style=\"margin: 0cm; text-align: justify; background: white;\"><span style=\"font-size: 10.5pt; font-family: 'Segoe UI',sans-serif; color: black;\"><strong>Bourbon<\/strong> vanilla <strong>from Madagascar<\/strong> is renowned the world over for its superior quality, heady &amp; delicate fragrance with subtle notes of cocoa.  <\/span><\/p>\n<p style=\"margin: 0cm; text-align: justify; background: white;\"><span style=\"font-size: 10.5pt; font-family: 'Segoe UI',sans-serif; color: black;\">Mainly cultivated in the hot and humid regions of the North West of the island, from fertilization to packaging, the pods are carefully controlled &amp; monitored by local farmers, holder of a long tradition of quality vanilla production.<\/span><\/p>\n<p style=\"margin: 0cm; text-align: justify; background: white;\"><span style=\"font-size: 10.5pt; font-family: 'Segoe UI',sans-serif; color: black;\">Our company is committed to offering you the finest vanilla beans from <strong>Madagascar<\/strong>, carefully selected, hand-picked, sun-ripened, then stored in trunks to allow optimal development of vanillin, the main aromatic molecule. <\/span><span style=\"color: black; font-family: 'Segoe UI', sans-serif; font-size: 10.5pt;\">We work closely with local farmers &amp; reputable exporters in <strong>Madagascar<\/strong> to ensure that our products are grown ecologically, fairly and ethically.<\/span><\/p>\n<p style=\"margin: 0cm; text-align: justify; background: white;\"><span style=\"font-size: 10.5pt; font-family: 'Segoe UI',sans-serif; color: black;\">Use our <strong>Madagascar<\/strong> vanilla powder to flavor your favorite desserts, cakes, ice creams, cr\u00e8mes br\u00fbl\u00e9es, macaroons &amp; jams, or to add a touch of exotic flavor to your hot drinks.  <\/span><\/p>\n<p style=\"margin: 0cm; text-align: justify; background: white;\"><span style=\"font-size: 10.5pt; font-family: 'Segoe UI',sans-serif; color: black;\">In addition to vanilla beans, our range also includes 100% natural vanilla powder, additive-free vanilla extracts and vanilla sugar. All these products can be found on our website in the format adapted to your needs.<\/span><\/p>\n<p style=\"margin: 0cm; text-align: justify; background: white;\"><span style=\"font-size: 10.5pt; font-family: 'Segoe UI',sans-serif; color: black;\">Order online now to discover the characteristics of our <strong>Madagascar<\/strong> vanilla.<\/span><\/p>\n<p>Also available in  <a title=\"Organic - Vanilla powderCertified FR-BIO-10\" href=\"https:\/\/mondevanille.com\/en\/product\/bio-vanilla-powder\/\"><strong>BIO  <\/strong><img decoding=\"async\" src=\"https:\/\/mondevanille.com\/wp-content\/uploads\/2021\/02\/LogoABAurolong-100.webp\" alt=\"logo vanilla powder ORGANIC\" width=\"100\" height=\"43\"><\/a><\/p>\n<p><em><strong>Find the Technical Data Sheets, Organic Certificate and Analysis Bulletins in the tab &#8220;QUALITY COMMITMENT&#8221; of our website. <\/strong><\/em><\/p>\n","protected":false},"excerpt":{"rendered":"<p>100% ground \/ debacterized Vanilla powder from <a href=\"https:\/\/fr.wikipedia.org\/wiki\/Vanille\" target=\"_blank\" rel=\"noopener\">Vanilla<\/a> beans.<\/p>\n<p><strong>Packaging<\/strong>: Sous Vide Pouch \/ Jar \/ Tube.<br \/>\n<strong>Dosage:<\/strong> According to recipe \/ 1 tablespoon = 1 pod.<\/p>\n<p>Also available in <a title=\"Organic - Vanilla powderCertified FR-BIO-10\" href=\"https:\/\/mondevanille.com\/en\/product\/bio-vanilla-powder\/\"><strong>ORGANIC<\/strong><\/a><\/p>\n","protected":false},"featured_media":60836,"template":"","meta":[],"product_brand":[],"product_cat":[506,432,668],"product_tag":[],"class_list":{"0":"post-42668","1":"product","2":"type-product","3":"status-publish","4":"has-post-thumbnail","6":"product_cat-powder","7":"product_cat-processed-products","8":"product_cat-professionals","10":"first","11":"instock","12":"sale","13":"taxable","14":"shipping-taxable","15":"purchasable","16":"product-type-variable","17":"wvs-archive-product-wrapper"},"aioseo_notices":[],"_links":{"self":[{"href":"https:\/\/mondevanille.com\/en\/wp-json\/wp\/v2\/product\/42668","targetHints":{"allow":["GET"]}}],"collection":[{"href":"https:\/\/mondevanille.com\/en\/wp-json\/wp\/v2\/product"}],"about":[{"href":"https:\/\/mondevanille.com\/en\/wp-json\/wp\/v2\/types\/product"}],"wp:featuredmedia":[{"embeddable":true,"href":"https:\/\/mondevanille.com\/en\/wp-json\/wp\/v2\/media\/60836"}],"wp:attachment":[{"href":"https:\/\/mondevanille.com\/en\/wp-json\/wp\/v2\/media?parent=42668"}],"wp:term":[{"taxonomy":"product_brand","embeddable":true,"href":"https:\/\/mondevanille.com\/en\/wp-json\/wp\/v2\/product_brand?post=42668"},{"taxonomy":"product_cat","embeddable":true,"href":"https:\/\/mondevanille.com\/en\/wp-json\/wp\/v2\/product_cat?post=42668"},{"taxonomy":"product_tag","embeddable":true,"href":"https:\/\/mondevanille.com\/en\/wp-json\/wp\/v2\/product_tag?post=42668"}],"curies":[{"name":"wp","href":"https:\/\/api.w.org\/{rel}","templated":true}]}}