{"id":46791,"date":"2022-12-23T14:02:30","date_gmt":"2022-12-23T13:02:30","guid":{"rendered":"https:\/\/mondevanille.com\/?post_type=product&#038;p=46791"},"modified":"2025-10-21T21:27:35","modified_gmt":"2025-10-21T19:27:35","slug":"gousse-de-comores-professionnel","status":"publish","type":"product","link":"https:\/\/mondevanille.com\/en\/product\/gousse-de-comores-professionnel\/","title":{"rendered":"Vanilla bean <br>Comores <br>PROFESSIONNEL"},"content":{"rendered":"<p>Benefiting from the Bourbon appellation, the vanilla of the Comoros offer us strongly flowery and heady aromatic notes with a vanillin rate without equal to 2%. Vanille polyvalente avec son c\u00f4t\u00e9 moins sucr\u00e9 et plus brut que Madagascar, elle convient \u00e0 tout type de recette.<br \/>\nNos prix sont TTC &#8211; Franco de Port France \u00e0 partir de 50 euro d&#8217;achat.<\/p>\n<p><em><strong>Find the Technical Data Sheets, Organic Certificate and Analysis Bulletins in the tab &#8220;QUALITY COMMITMENT&#8221; of our website.<\/strong><\/em><\/p>\n","protected":false},"excerpt":{"rendered":"<p>Benefiting from the Bourbon appellation, the vanilla of the Comoros offer us strongly flowery and heady aromatic notes with a vanillin rate without equal to 2%. Versatile vanilla with its less sweet and more raw side than Madagascar, it is suitable for all types of recipes.<\/p>\n<p>Our offers: Economical packaging in vacuum bags from 0.250 kg to 25 kg.<br \/>\nGuaranteed origin. Conforms to afnor 5565-1 standard.<br \/>\nOur prices include VAT &#8211; free delivery in France for orders over 50 euros. <\/p>\n","protected":false},"featured_media":46974,"template":"","meta":[],"product_brand":[],"product_cat":[668],"product_tag":[],"class_list":{"0":"post-46791","1":"product","2":"type-product","3":"status-publish","4":"has-post-thumbnail","6":"product_cat-professionals","8":"first","9":"outofstock","10":"taxable","11":"shipping-taxable","12":"purchasable","13":"product-type-variable","14":"has-default-attributes","15":"wvs-archive-product-wrapper"},"aioseo_notices":[],"_links":{"self":[{"href":"https:\/\/mondevanille.com\/en\/wp-json\/wp\/v2\/product\/46791","targetHints":{"allow":["GET"]}}],"collection":[{"href":"https:\/\/mondevanille.com\/en\/wp-json\/wp\/v2\/product"}],"about":[{"href":"https:\/\/mondevanille.com\/en\/wp-json\/wp\/v2\/types\/product"}],"wp:featuredmedia":[{"embeddable":true,"href":"https:\/\/mondevanille.com\/en\/wp-json\/wp\/v2\/media\/46974"}],"wp:attachment":[{"href":"https:\/\/mondevanille.com\/en\/wp-json\/wp\/v2\/media?parent=46791"}],"wp:term":[{"taxonomy":"product_brand","embeddable":true,"href":"https:\/\/mondevanille.com\/en\/wp-json\/wp\/v2\/product_brand?post=46791"},{"taxonomy":"product_cat","embeddable":true,"href":"https:\/\/mondevanille.com\/en\/wp-json\/wp\/v2\/product_cat?post=46791"},{"taxonomy":"product_tag","embeddable":true,"href":"https:\/\/mondevanille.com\/en\/wp-json\/wp\/v2\/product_tag?post=46791"}],"curies":[{"name":"wp","href":"https:\/\/api.w.org\/{rel}","templated":true}]}}