{"id":47420,"date":"2022-12-22T16:07:44","date_gmt":"2022-12-22T15:07:44","guid":{"rendered":"https:\/\/mondevanille.com\/produit\/gousse-de-madagascar-professionnel\/"},"modified":"2026-04-22T08:56:01","modified_gmt":"2026-04-22T06:56:01","slug":"gousse-de-madagascar-professionnel","status":"publish","type":"product","link":"https:\/\/mondevanille.com\/en\/product\/gousse-de-madagascar-professionnel\/","title":{"rendered":"Vanilla pod <br>Madagascar <br>PROFESSIONNEL"},"content":{"rendered":"<p style=\"margin: 0cm; text-align: justify; background: white;\"><span style=\"font-size: 10.5pt; font-family: 'Segoe UI',sans-serif; color: black;\"><strong>Bourbon<\/strong> <a href=\"https:\/\/fr.wikipedia.org\/wiki\/Vanille\" target=\"_blank\" rel=\"noopener\">vanilla<\/a> <strong>from Madagascar<\/strong> is renowned the world over for its superior quality, heady &amp; delicate fragrance with subtle notes of cocoa.  <\/span><\/p>\n<p style=\"margin: 0cm; text-align: justify; background: white;\"><span style=\"font-size: 10.5pt; font-family: 'Segoe UI',sans-serif; color: black;\">Mainly cultivated in the hot and humid regions of the North West of the island, from fertilization to packaging, the pods are carefully controlled &amp; monitored by local farmers, holder of a long tradition of quality vanilla production.<\/span><\/p>\n<p style=\"margin: 0cm; text-align: justify; background: white;\"><span style=\"font-size: 10.5pt; font-family: 'Segoe UI',sans-serif; color: black;\">Our company is committed to offering you the finest vanilla pods from <strong>Madagascar<\/strong>, carefully selected, hand-picked, sun-cured, and then stored in chests to allow for the optimal development of vanillin, the primary aromatic molecule. <\/span><span style=\"color: black; font-family: 'Segoe UI', sans-serif; font-size: 10.5pt;\">We work in close collaboration with local farmers &amp; reputable exporters from <strong>Madagascar<\/strong> to ensure that our products are cultivated ecologically and ethically.<\/span><\/p>\n<p style=\"margin: 0cm; text-align: justify; background: white;\"><span style=\"font-size: 10.5pt; font-family: 'Segoe UI',sans-serif; color: black;\">Use our <strong>Madagascar<\/strong> vanilla to flavor your favorite desserts, cakes, ice creams, cr\u00e8mes br\u00fbl\u00e9es, macaroons &amp; jams, or to add a touch of exotic flavor to your hot drinks.  <\/span><\/p>\n<p style=\"margin: 0cm; text-align: justify; background: white;\"><span style=\"font-size: 10.5pt; font-family: 'Segoe UI',sans-serif; color: black;\">In addition to vanilla pods, our range also includes 100% natural vanilla powder, additive-free vanilla extracts and vanilla sugar. All these products can be found in our online store, in a format to suit your needs.<\/span><\/p>\n<p style=\"margin: 0cm; text-align: justify; background: white;\"><span style=\"font-size: 10.5pt; font-family: 'Segoe UI',sans-serif; color: black;\">Order now to discover the aromatic qualities of our <strong>Madagascar<\/strong> vanilla.  <\/span><\/p>\n<p><em><strong>Find the Technical Data Sheets, Organic Certificate and Analysis Bulletins in the tab &#8220;QUALITY COMMITMENT&#8221; of our website.<\/strong><\/em><\/p>\n<p>Also available in<strong><span style=\"color: #993300;\"> <a style=\"color: #993300;\" title=\"Organic - Pods - Certified FR-BIO-10\" href=\"https:\/\/mondevanille.com\/en\/product\/biosheets\/\">&gt;&gt;BIO&lt;&lt;<\/a> <\/span><\/strong> <img decoding=\"async\" class=\"size-full wp-image-56426\" src=\"https:\/\/mondevanille.com\/wp-content\/uploads\/2021\/02\/LogoABAurolong-100.webp\" alt=\"BIO logo\" width=\"100\" height=\"43\" srcset=\"https:\/\/mondevanille.com\/wp-content\/uploads\/2021\/02\/LogoABAurolong-100.webp 100w, https:\/\/mondevanille.com\/wp-content\/uploads\/2021\/02\/LogoABAurolong-100-64x28.webp 64w\" sizes=\"(max-width: 100px) 100vw, 100px\" \/><\/p>\n<p>&nbsp;<\/p>\n","protected":false},"excerpt":{"rendered":"<p>Our offers: bourbon vanilla from Madagascar, gourmet quality conforming to the afnor 5565-1 standard.<br \/>\nPrices include VAT &#8211; Free delivery France from 50 euro purchase.<br \/>\nAlso available in<span style=\"color: #993300;\"> <a style=\"color: #993300;\" title=\"Vanilla pod Madagascar PROFESSIONAL\" href=\"https:\/\/mondevanille.com\/en\/product\/biosheets\/\">&gt;&gt;BIO&lt;&lt;<\/a><\/span><\/p>\n","protected":false},"featured_media":47847,"template":"","meta":[],"product_brand":[],"product_cat":[668],"product_tag":[],"class_list":{"0":"post-47420","1":"product","2":"type-product","3":"status-publish","4":"has-post-thumbnail","6":"product_cat-professionals","8":"first","9":"instock","10":"sale","11":"taxable","12":"shipping-taxable","13":"purchasable","14":"product-type-variable","15":"wvs-archive-product-wrapper"},"aioseo_notices":[],"_links":{"self":[{"href":"https:\/\/mondevanille.com\/en\/wp-json\/wp\/v2\/product\/47420","targetHints":{"allow":["GET"]}}],"collection":[{"href":"https:\/\/mondevanille.com\/en\/wp-json\/wp\/v2\/product"}],"about":[{"href":"https:\/\/mondevanille.com\/en\/wp-json\/wp\/v2\/types\/product"}],"wp:featuredmedia":[{"embeddable":true,"href":"https:\/\/mondevanille.com\/en\/wp-json\/wp\/v2\/media\/47847"}],"wp:attachment":[{"href":"https:\/\/mondevanille.com\/en\/wp-json\/wp\/v2\/media?parent=47420"}],"wp:term":[{"taxonomy":"product_brand","embeddable":true,"href":"https:\/\/mondevanille.com\/en\/wp-json\/wp\/v2\/product_brand?post=47420"},{"taxonomy":"product_cat","embeddable":true,"href":"https:\/\/mondevanille.com\/en\/wp-json\/wp\/v2\/product_cat?post=47420"},{"taxonomy":"product_tag","embeddable":true,"href":"https:\/\/mondevanille.com\/en\/wp-json\/wp\/v2\/product_tag?post=47420"}],"curies":[{"name":"wp","href":"https:\/\/api.w.org\/{rel}","templated":true}]}}