{"id":7821,"date":"2022-02-06T14:14:24","date_gmt":"2022-02-06T13:14:24","guid":{"rendered":"http:\/\/mondevanille.com\/produit\/madagascar-vanilla-extract\/"},"modified":"2025-08-29T09:50:48","modified_gmt":"2025-08-29T07:50:48","slug":"extract-of-vanilla-madagascar","status":"publish","type":"product","link":"https:\/\/mondevanille.com\/en\/product\/extract-of-vanilla-madagascar\/","title":{"rendered":"Vanilla extract <br>Madagascar"},"content":{"rendered":"<div id=\"description-produit\">\n<div class=\"container\">\n<p><em>Vanilla extract<\/em><\/p>\n<p><em>Origin of the pods<\/em>: Madagascar.<\/p>\n<p><em>Packaging<\/em>:<\/p>\n<ul>\n<li>Glass tube 70g vanilla extract<\/li>\n<li>25g bottle of vanilla extract<\/li>\n<li>Aluminum bottle (0.100 kg, 0.250 kg, 0.500 Kg)<\/li>\n<li>Plastic cans (1 Kg, 5 kg)<\/li>\n<\/ul>\n<p>Dosage according to recipe (1 tablespoon vanilla extract = 1 pod)<\/p>\n<p style=\"margin: 0cm; text-align: justify; background: white;\"><span style=\"font-size: 10.5pt; font-family: 'Segoe UI',sans-serif; color: black;\"><strong>Bourbon<\/strong> vanilla <strong>from Madagascar<\/strong> is renowned the world over for its superior quality, heady &amp; delicate fragrance with subtle notes of cocoa.  <\/span><\/p>\n<p style=\"margin: 0cm; text-align: justify; background: white;\"><span style=\"font-size: 10.5pt; font-family: 'Segoe UI',sans-serif; color: black;\">Mainly cultivated in the hot and humid regions of the North West of the island, from fertilization to packaging, the pods are carefully controlled &amp; monitored by local farmers, holder of a long tradition of quality vanilla production.<\/span><\/p>\n<p style=\"margin: 0cm; text-align: justify; background: white;\"><span style=\"font-size: 10.5pt; font-family: 'Segoe UI',sans-serif; color: black;\">Our company is committed to offering you the finest vanilla beans from <strong>Madagascar<\/strong>, carefully selected, hand-picked, sun-ripened, then stored in trunks to allow optimal development of vanillin, the main aromatic molecule. <\/span><span style=\"color: black; font-family: 'Segoe UI', sans-serif; font-size: 10.5pt;\">We work closely with local farmers &amp; reputable exporters in <strong>Madagascar<\/strong> to ensure that our products are grown ecologically, fairly and ethically.<\/span><\/p>\n<p style=\"margin: 0cm; text-align: justify; background: white;\"><span style=\"font-size: 10.5pt; font-family: 'Segoe UI',sans-serif; color: black;\">Use our <strong>Madagascar<\/strong> vanilla to flavor your favorite desserts, cakes, ice creams, cr\u00e8mes br\u00fbl\u00e9es, macaroons &amp; jams, or to add a touch of exotic flavor to your hot drinks.  <\/span><\/p>\n<p style=\"margin: 0cm; text-align: justify; background: white;\"><span style=\"font-size: 10.5pt; font-family: 'Segoe UI',sans-serif; color: black;\">In addition to vanilla beans, our range includes 100% natural vanilla powder, additive-free vanilla extracts and vanilla sugar. All these products can be found on our website in the format adapted to your needs.<\/span><\/p>\n<p style=\"margin: 0cm; text-align: justify; background: white;\"><span style=\"font-size: 10.5pt; font-family: 'Segoe UI',sans-serif; color: black;\">Order online now to discover the characteristics of our <strong>Madagascar<\/strong> vanilla.<\/span><\/p>\n<p><em><strong>Find the Technical Data Sheets, Organic Certificate and Analysis Bulletins in the tab &#8220;QUALITY COMMITMENT&#8221; of our website.<\/strong><\/em><\/p>\n<p>Also available in<span style=\"color: #993300;\"> <a style=\"color: #993300;\" title=\"Organic - Vanilla by the Kilo\" href=\"https:\/\/mondevanille.com\/en\/?post_type=product&#038;p=12023\">&gt;&gt;BIO&lt;&lt;<\/a><\/span><\/p>\n<\/div>\n<\/div>\n","protected":false},"excerpt":{"rendered":"<p><img decoding=\"async\" src=\"https:\/\/mondevanille.com\/wp-content\/uploads\/2022\/12\/Offre-Speciale-e1696493874358.webp\" alt=\"\" width=\"84\" height=\"39\">This product benefits from a &#8211; 15% discount <a href=\"https:\/\/mondevanille.com\/en\/product\/extract-of-vanilla-madagascar\/?attribute_pa_quantite=250g\"><span style=\"color: #ff0000;\"><strong>&gt;&gt;ICI&lt;&lt;<\/strong><\/span><\/a><\/p>\n<p>Composition: Sugar syrup, natural vanilla extract (300 g\/L), vanilla seeds<\/p>\n<p>No preservatives<\/p>\n<p>Origin of beans: Madagascar.<\/p>\n<p>Dosage according to recipe 1 to 2 tablespoons<\/p>\n","protected":false},"featured_media":50417,"template":"","meta":[],"product_brand":[],"product_cat":[668,372],"product_tag":[],"class_list":{"0":"post-7821","1":"product","2":"type-product","3":"status-publish","4":"has-post-thumbnail","6":"product_cat-professionals","7":"product_cat-vanilla-extract","9":"first","10":"instock","11":"taxable","12":"shipping-taxable","13":"purchasable","14":"product-type-variable","15":"wvs-archive-product-wrapper"},"aioseo_notices":[],"_links":{"self":[{"href":"https:\/\/mondevanille.com\/en\/wp-json\/wp\/v2\/product\/7821","targetHints":{"allow":["GET"]}}],"collection":[{"href":"https:\/\/mondevanille.com\/en\/wp-json\/wp\/v2\/product"}],"about":[{"href":"https:\/\/mondevanille.com\/en\/wp-json\/wp\/v2\/types\/product"}],"wp:featuredmedia":[{"embeddable":true,"href":"https:\/\/mondevanille.com\/en\/wp-json\/wp\/v2\/media\/50417"}],"wp:attachment":[{"href":"https:\/\/mondevanille.com\/en\/wp-json\/wp\/v2\/media?parent=7821"}],"wp:term":[{"taxonomy":"product_brand","embeddable":true,"href":"https:\/\/mondevanille.com\/en\/wp-json\/wp\/v2\/product_brand?post=7821"},{"taxonomy":"product_cat","embeddable":true,"href":"https:\/\/mondevanille.com\/en\/wp-json\/wp\/v2\/product_cat?post=7821"},{"taxonomy":"product_tag","embeddable":true,"href":"https:\/\/mondevanille.com\/en\/wp-json\/wp\/v2\/product_tag?post=7821"}],"curies":[{"name":"wp","href":"https:\/\/api.w.org\/{rel}","templated":true}]}}