{"id":7875,"date":"2022-02-06T14:07:26","date_gmt":"2022-02-06T13:07:26","guid":{"rendered":"http:\/\/mondevanille.com\/produit\/madagascar-vanilla-sugar\/"},"modified":"2026-04-23T09:14:34","modified_gmt":"2026-04-23T07:14:34","slug":"sugar-vanilla-madagascar","status":"publish","type":"product","link":"https:\/\/mondevanille.com\/en\/product\/sugar-vanilla-madagascar\/","title":{"rendered":"Brown Sugar with Madagascar Bourbon Vanilla"},"content":{"rendered":"<div id=\"description-produit\">\n<div class=\"container\">\n<p>Vanilla sugar<\/p>\n<p>Discover <em>Le Monde de la Vanille<\/em>&#8216;s <strong>vanilla<a title=\"Red Sugar\" href=\"https:\/\/fr.wikipedia.org\/wiki\/Sucre_roux_de_canne\" target=\"_blank\" rel=\"noopener\">brown sugar<\/a><\/strong>. A gourmet creation that combines the natural sweetness of brown sugar with the aromatic intensity of <strong>Madagascar Bourbon vanilla<\/strong>. Made with pure vanilla powder, this refined blend enhances your recipes and adds an exotic touch to your desserts, hot drinks or home-made pastries.   Bourbon vanilla from Madagascar is renowned the world over for its superior quality and heady, delicate fragrance with subtle hints of cocoa.<\/p>\n<p>Our vanilla brown sugar is ideal for flavoring coffee, spicing up fruit salads, enriching cakes or even caramelizing cr\u00e8me br\u00fbl\u00e9e. In fact, thanks to the <strong>exceptional quality of Bourbon vanilla from Madagascar <\/strong>, each grain of sugar reveals a warm, smooth and bewitching fragrance. <\/p>\n<p>By choosing <em>Le Monde de la Vanille<\/em> vanilla brown sugar, you are opting for :<\/p>\n<ul>\n<li>A handcrafted product<\/li>\n<li>Natural<\/li>\n<li>No artificial flavours.<\/li>\n<li>Designed for cooking enthusiasts and lovers of authentic flavours.<\/li>\n<\/ul>\n<p><strong><em>Composition<\/em> <\/strong>Unrefined cane sugar (90%), ground vanilla pods from Madagascar (10%).<\/p>\n<p>Processed and packaged in France.<\/p>\n<\/div>\n<\/div>\n<div id=\"avis-clients-produit\">\n<div class=\"container\">\n<section id=\"netreviews_reviews_tab\" class=\" \">\n<div id=\"netreviews_rating_section\" data-group-name=\"\" data-url-ajax=\"\/modules\/\" data-idshop=\"1\" data-productid=\"110\" data-current-page=\"1\" data-current-option=\"horodate_DESC\" data-sortbynote=\"0\" data-max-page=\"1\">\n<div class=\"netreviews_rating_header\"><em><strong>You can find our Technical Data Sheets, Organic Certificate and Analysis Bulletins in the<a title=\"Technical datasheets\" href=\"https:\/\/mondevanille.com\/en\/data-sheets\/\">\u201cQUALITY COMMITMENT<\/a>\u201d section of our website.<\/strong><\/em><\/div>\n<div>\n<h6><strong>How do I use it?<\/strong><\/h6>\n<p>Our vanilla sugar has many uses:<\/p>\n<ul>\n<li>Sweeten and flavour your coffee, tea or hot chocolate<\/li>\n<li>Enhance a fruit salad or yogurt<\/li>\n<li>Enhance the flavor of your pancakes, cakes and cookies<\/li>\n<li>Caramelize your cr\u00e8mes br\u00fbl\u00e9es or fruit tarts<\/li>\n<\/ul>\n<\/div>\n<div>\n<p><img decoding=\"async\" class=\" wp-image-51275\" src=\"https:\/\/mondevanille.com\/wp-content\/uploads\/2021\/02\/LOGO-carre.webp\" alt=\"vanilla sugar\" width=\"85\" height=\"85\"><\/p>\n<p>Our range includes vanilla pods, 100% natural vanilla powder, additive-free vanilla extracts, vanilla paste, vanilla beans (or vanilla caviar) and vanilla sugar. All these products can be found on our website in the format adapted to your needs.<\/p>\n<p>Order our vanilla from <strong>Madagascar, Tahiti, Papua New Guinea<\/strong>&#8230; online now.<\/p>\n<\/div>\n<\/div>\n<\/section>\n<\/div>\n<\/div>\n","protected":false},"excerpt":{"rendered":"<div id=\"description-produit\">\n<div class=\"container\">\n<p>Brown Sugar with Madagascar Bourbon Vanilla.<br \/>\nIdeal for sweetening and enhancing desserts, hot drinks and pastries with an authentic gourmet touch.<\/p>\n<p><em><strong>Composition<\/strong> <\/em>Unrefined cane sugar (90%), ground vanilla pods from Madagascar (10%).<br \/>\n<em><strong>Presentation<\/strong>: <\/em>Pouch &#8211; Jar &#8211; Tube.<br \/>\nProduct processed and packaged in France.<\/p>\n<p>Brown sugar flavored with <strong>Bourbon vanilla from Madagascar<\/strong>, prepared by <em>Le Monde de la Vanille<\/em>. Ideal for sweetening and enhancing desserts, hot drinks and pastries with an authentic gourmet touch. <\/p>\n<p>Also available in <a title=\"White Vanilla Sugar\" href=\"https:\/\/mondevanille.com\/produit\/sucre-blanc-vanille\/\" target=\"_blank\" rel=\"noopener\"><span style=\"color: #ff0000;\"><strong>&gt;White Vanilla Sugar&lt;<\/strong><\/span><\/a><\/p>\n<\/div>\n<\/div>\n","protected":false},"featured_media":56226,"template":"","meta":[],"product_brand":[],"product_cat":[378],"product_tag":[],"class_list":{"0":"post-7875","1":"product","2":"type-product","3":"status-publish","4":"has-post-thumbnail","6":"product_cat-vanilla-sugar","8":"first","9":"instock","10":"taxable","11":"shipping-taxable","12":"purchasable","13":"product-type-variable","14":"wvs-archive-product-wrapper"},"aioseo_notices":[],"_links":{"self":[{"href":"https:\/\/mondevanille.com\/en\/wp-json\/wp\/v2\/product\/7875","targetHints":{"allow":["GET"]}}],"collection":[{"href":"https:\/\/mondevanille.com\/en\/wp-json\/wp\/v2\/product"}],"about":[{"href":"https:\/\/mondevanille.com\/en\/wp-json\/wp\/v2\/types\/product"}],"wp:featuredmedia":[{"embeddable":true,"href":"https:\/\/mondevanille.com\/en\/wp-json\/wp\/v2\/media\/56226"}],"wp:attachment":[{"href":"https:\/\/mondevanille.com\/en\/wp-json\/wp\/v2\/media?parent=7875"}],"wp:term":[{"taxonomy":"product_brand","embeddable":true,"href":"https:\/\/mondevanille.com\/en\/wp-json\/wp\/v2\/product_brand?post=7875"},{"taxonomy":"product_cat","embeddable":true,"href":"https:\/\/mondevanille.com\/en\/wp-json\/wp\/v2\/product_cat?post=7875"},{"taxonomy":"product_tag","embeddable":true,"href":"https:\/\/mondevanille.com\/en\/wp-json\/wp\/v2\/product_tag?post=7875"}],"curies":[{"name":"wp","href":"https:\/\/api.w.org\/{rel}","templated":true}]}}