{"id":9889,"date":"2022-06-08T14:16:45","date_gmt":"2022-06-08T12:16:45","guid":{"rendered":"http:\/\/mondevanille.com\/?post_type=product&#038;p=9889"},"modified":"2025-09-03T11:07:01","modified_gmt":"2025-09-03T09:07:01","slug":"bio-vanilla-powder","status":"publish","type":"product","link":"https:\/\/mondevanille.com\/en\/product\/bio-vanilla-powder\/","title":{"rendered":"Organic Vanilla Powder<br>Certified FR-BIO-10"},"content":{"rendered":"<p>From Madagascar, our vanilla powders are certified organic by Bureau Veritas FR-BIO-10<\/p>\n<p style=\"margin: 0cm; text-align: justify; background: white;\"><span style=\"font-size: 10.5pt; font-family: 'Segoe UI',sans-serif; color: black;\"><strong>Bourbon<\/strong> <a href=\"https:\/\/fr.wikipedia.org\/wiki\/Vanille\" target=\"_blank\" rel=\"noopener\">vanilla<\/a> <strong>from Madagascar<\/strong> is renowned the world over for its superior quality, heady &amp; delicate fragrance with subtle notes of cocoa.  <\/span><\/p>\n<p style=\"margin: 0cm; text-align: justify; background: white;\"><span style=\"font-size: 10.5pt; font-family: 'Segoe UI',sans-serif; color: black;\">Mainly grown in the warm, humid north-west of the island, from fertilization to packaging, the beans are carefully controlled &amp; monitored by local farmers, who have a long tradition of producing quality vanilla.  <\/span><\/p>\n<p style=\"margin: 0cm; text-align: justify; background: white;\"><span style=\"font-size: 10.5pt; font-family: 'Segoe UI',sans-serif; color: black;\">Our company is committed to offering you the finest vanilla beans from <strong>Madagascar<\/strong>, carefully selected, hand-picked, sun-ripened, then stored in trunks to allow optimal development of vanillin, the main aromatic molecule. <\/span><span style=\"color: black; font-family: 'Segoe UI', sans-serif; font-size: 10.5pt;\">We work closely with local farmers &amp; reputable exporters in <strong>Madagascar<\/strong> to ensure that our products are grown ecologically, fairly and ethically.<\/span><\/p>\n<p style=\"margin: 0cm; text-align: justify; background: white;\"><span style=\"font-size: 10.5pt; font-family: 'Segoe UI',sans-serif; color: black;\">Use our <strong>Madagascar<\/strong> vanilla to flavor your favorite desserts, cakes, ice creams, cr\u00e8mes br\u00fbl\u00e9es, macaroons &amp; jams, or to add a touch of exotic flavor to your hot drinks.  <\/span><\/p>\n<p style=\"margin: 0cm; text-align: justify; background: white;\"><span style=\"font-size: 10.5pt; font-family: 'Segoe UI',sans-serif; color: black;\">In addition to vanilla beans, our range also includes 100% natural vanilla powder, additive-free vanilla extracts and vanilla sugar. All these products can be found on our website in the format adapted to your needs.<\/span><\/p>\n<p style=\"margin: 0cm; text-align: justify; background: white;\"><span style=\"font-size: 10.5pt; font-family: 'Segoe UI',sans-serif; color: black;\">Order online now to discover the characteristics of our <strong>Madagascar<\/strong> vanilla.<\/span><\/p>\n<p><em><strong>You can find our Technical Data Sheets, Organic Certificates and Analysis Bulletins in the<a title=\"Quality commitment\" href=\"https:\/\/mondevanille.com\/en\/quality-commitment\/\" target=\"_blank\" rel=\"noopener\">&#8220;Quality Commitment<\/a>&#8221; section of our website.<\/strong><\/em><\/p>\n","protected":false},"excerpt":{"rendered":"<p>Exclusively from Madagascar, our vanilla powders are certified organic by Bureau Veritas FR-BIO-10<\/p>\n<p>100% ground \/ debacterized vanilla powder from organic <a href=\"https:\/\/fr.wikipedia.org\/wiki\/Vanille\" target=\"_blank\" rel=\"noopener\">vanilla<\/a> beans.<\/p>\n<p><strong>Packaging<\/strong>: Sous Vide Pouch \/ Jar \/ Tube.<br \/>\n<strong>Dosage:<\/strong> According to recipe \/ 1 tablespoon = 1 pod.<\/p>\n<p><em><strong>Find Technical Data Sheets, Organic Certificates and Analysis Bulletins in the<a title=\"Quality commitment\" href=\"https:\/\/mondevanille.com\/en\/quality-commitment\/\" target=\"_blank\" rel=\"noopener\">&#8220;QUALITY COMMITMENT<\/a>&#8221; section of our website.<\/strong><\/em><\/p>\n","protected":false},"featured_media":49310,"template":"","meta":[],"product_brand":[],"product_cat":[390,506,432],"product_tag":[],"class_list":{"0":"post-9889","1":"product","2":"type-product","3":"status-publish","4":"has-post-thumbnail","6":"product_cat-organic-products","7":"product_cat-powder","8":"product_cat-processed-products","10":"first","11":"instock","12":"taxable","13":"shipping-taxable","14":"purchasable","15":"product-type-variable","16":"wvs-archive-product-wrapper"},"aioseo_notices":[],"_links":{"self":[{"href":"https:\/\/mondevanille.com\/en\/wp-json\/wp\/v2\/product\/9889","targetHints":{"allow":["GET"]}}],"collection":[{"href":"https:\/\/mondevanille.com\/en\/wp-json\/wp\/v2\/product"}],"about":[{"href":"https:\/\/mondevanille.com\/en\/wp-json\/wp\/v2\/types\/product"}],"wp:featuredmedia":[{"embeddable":true,"href":"https:\/\/mondevanille.com\/en\/wp-json\/wp\/v2\/media\/49310"}],"wp:attachment":[{"href":"https:\/\/mondevanille.com\/en\/wp-json\/wp\/v2\/media?parent=9889"}],"wp:term":[{"taxonomy":"product_brand","embeddable":true,"href":"https:\/\/mondevanille.com\/en\/wp-json\/wp\/v2\/product_brand?post=9889"},{"taxonomy":"product_cat","embeddable":true,"href":"https:\/\/mondevanille.com\/en\/wp-json\/wp\/v2\/product_cat?post=9889"},{"taxonomy":"product_tag","embeddable":true,"href":"https:\/\/mondevanille.com\/en\/wp-json\/wp\/v2\/product_tag?post=9889"}],"curies":[{"name":"wp","href":"https:\/\/api.w.org\/{rel}","templated":true}]}}