{"id":16213,"date":"2022-10-17T14:01:47","date_gmt":"2022-10-17T12:01:47","guid":{"rendered":"https:\/\/mondevanille.com\/politica-de-privacidad-2\/"},"modified":"2023-10-19T14:45:03","modified_gmt":"2023-10-19T12:45:03","slug":"politica-de-privacidad","status":"publish","type":"page","link":"https:\/\/mondevanille.com\/es\/politica-de-privacidad\/","title":{"rendered":"Pol\u00edtica de privacidad"},"content":{"rendered":"\t\t<div data-elementor-type=\"wp-page\" data-elementor-id=\"16213\" class=\"elementor elementor-16213 elementor-16102\" data-elementor-post-type=\"page\">\n\t\t\t\t<div class=\"elementor-element elementor-element-3c06490 e-flex e-con-boxed e-con e-parent\" data-id=\"3c06490\" data-element_type=\"container\" data-e-type=\"container\">\n\t\t\t\t\t<div class=\"e-con-inner\">\n\t\t\t\t<div class=\"elementor-element elementor-element-3ec2686 elementor-widget elementor-widget-text-editor\" data-id=\"3ec2686\" data-element_type=\"widget\" data-e-type=\"widget\" data-widget_type=\"text-editor.default\">\n\t\t\t\t<div class=\"elementor-widget-container\">\n\t\t\t\t\t\t\t\t\t<p>1. Entidad responsable del tratamiento de datos<\/p>\n<p style=\"padding-left: 40px;\">El mundo de la vainilla<\/p>\n<p style=\"padding-left: 40px;\">El Sr. AUBRUN Bruno es presidente de la empresa Le Monde de la Vanille.<\/p>\n<p style=\"padding-left: 40px;\">La sede de esta empresa se encuentra actualmente en Le Clos des Perdrix 76700 GAINNEVILLE.<\/p>\n<p style=\"padding-left: 40px;\">SIRET : 44784534800021<\/p>\n<p><b>Tipo de datos personales y fines de la recogida<\/b><\/p>\n<p>La informaci\u00f3n que recogemos a trav\u00e9s de este sitio, y con su consentimiento, es :<\/p>\n<p>2.1. Datos personales recogidos en el formulario de contacto de nuestro sitio web:<\/p>\n<p style=\"padding-left: 40px;\">Estos datos est\u00e1n reservados exclusivamente para la gesti\u00f3n de su solicitud. Los datos en cuesti\u00f3n son: el apellido, el nombre, la direcci\u00f3n de correo electr\u00f3nico, el asunto, el mensaje y otros datos que usted ha indicado como opcionales.<\/p>\n<p style=\"padding-left: 40px;\">Hay que tener en cuenta que el hecho de no facilitar estos datos puede impedir el tratamiento total o parcial del contacto.<\/p>\n<p>2.2. Datos t\u00e9cnicos de car\u00e1cter personal<\/p>\n<p style=\"padding-left: 40px;\">Estos datos son datos de sesi\u00f3n: nombre del sitio web visitado, fecha y hora de la visita, cantidad de datos transferidos, tipo de navegador y versi\u00f3n. Estos datos se utilizan con fines estad\u00edsticos para analizar el comportamiento de uso de nuestro sitio web con el fin de optimizar su funcionamiento. En este sitio web la herramienta de an\u00e1lisis utilizada es Google Analytics (v\u00e9ase \u00abUso de Google Analytics\u00bb).<\/p>\n<p><b>Tiempo de conservaci\u00f3n de los datos<\/b><\/p>\n<p>3.1. Datos personales recogidos en el formulario de contacto de nuestro sitio web:<\/p>\n<p style=\"padding-left: 40px;\">Los datos personales recogidos en el contexto de un contacto se conservar\u00e1n durante un m\u00e1ximo de 365 d\u00edas, a menos que usted solicite lo contrario, y, transcurrido este periodo, se destruir\u00e1n.<\/p>\n<p>3.2. Datos t\u00e9cnicos de car\u00e1cter personal<\/p>\n<p style=\"padding-left: 40px;\">Los datos t\u00e9cnicos de car\u00e1cter personal se conservan durante un m\u00e1ximo de 365 d\u00edas, salvo que usted solicite lo contrario, y, transcurrido este plazo, se destruyen.<\/p>\n<p><b>Destinatarios de los datos personales<\/b><\/p>\n<p>Los datos personales recogidos pueden ser transmitidos a :<\/p>\n<p>4.1. Datos personales recogidos en el formulario de contacto de nuestro sitio web:<\/p>\n<p style=\"padding-left: 40px;\">A los servicios administrativos<\/p>\n<p style=\"padding-left: 40px;\">Le Monde de la Vanille para poder ponerse en contacto con usted y responder a sus solicitudes enviadas a trav\u00e9s del formulario de contacto.<\/p>\n<p>4.2. Datos personales recogidos en el formulario de contacto del pie de p\u00e1gina de su sitio web:<\/p>\n<p style=\"padding-left: 40px;\">A los servicios administrativos<\/p>\n<p style=\"padding-left: 40px;\">Le Monde de la Vanille para poder ponerse en contacto con usted y responder a sus solicitudes enviadas a trav\u00e9s del formulario de contacto.<\/p>\n<p>4.3. Para los datos t\u00e9cnicos de car\u00e1cter personal<\/p>\n<p style=\"padding-left: 40px;\">Al servicio web de Le Monde de la Vanille encargado de la gesti\u00f3n de este sitio web y, en su caso, a un proveedor de servicios autorizado para su explotaci\u00f3n. Este proveedor de servicios utilizar\u00e1 los datos de acuerdo con las disposiciones de la normativa aplicable en materia de datos personales.<\/p>\n<p><b>Uso de Google Analytics<\/b><\/p>\n<p style=\"padding-left: 40px;\">El sitio web de Le Monde de la Vanille <span style=\"font-size: 0.875rem; background-color: var(--site-bg-color); color: var(--site-text-color); font-family: var(--site-main-font);\">utiliza Google Analytics<\/span>. Google Analytics es un servicio de an\u00e1lisis web proporcionado por Google para ayudarnos a entender c\u00f3mo utiliza usted nuestros sitios web y servicios. Google Analytics recopila informaci\u00f3n, por ejemplo, sobre la frecuencia con la que los usuarios visitan los sitios web, las p\u00e1ginas que visitan y los otros sitios que pueden haber visitado antes. Google utiliza los datos recogidos para rastrear y analizar el uso de los sitios web, para preparar informes sobre la actividad del sitio web y para compartir los datos recogidos con otros servicios de Google.<\/p>\n<p style=\"padding-left: 40px;\">Google tambi\u00e9n puede utilizar los datos recogidos para adaptar y personalizar el contenido de sus propias redes publicitarias.<\/p>\n<p style=\"padding-left: 40px;\">Para proteger su privacidad, Google Analytics en este sitio web est\u00e1 configurado para almacenar s\u00f3lo direcciones IP an\u00f3nimas (direcciones con el \u00faltimo byte eliminado antes del almacenamiento).<\/p>\n<p style=\"padding-left: 40px;\">La capacidad de Google para utilizar y compartir la informaci\u00f3n recopilada a trav\u00e9s de Google Analytics sobre sus visitas al sitio web est\u00e1 limitada por las Condiciones de servicio de Google Analytics y la Pol\u00edtica de privacidad de Google. Google ofrece un mecanismo para retirar el consentimiento en Internet, disponible <a href=\"https:\/\/support.google.com\/analytics\/answer\/9976101?hl=fr\"><br \/>\n  <u>aqu\u00ed<\/u><br \/>\n<\/a>.<\/p>\n<p><b>Uso de cookies<\/b><\/p>\n<p>6.1. General<\/p>\n<p style=\"padding-left: 40px;\">Para proporcionar una buena experiencia de usuario a los visitantes de nuestro sitio y para permitir el uso de determinadas funciones, utilizamos cookies en algunas p\u00e1ginas. Una cookie es un archivo que registra informaci\u00f3n sobre la navegaci\u00f3n de su ordenador en el sitio web (por ejemplo, n\u00famero de visitas, n\u00famero de p\u00e1ginas vistas, etc.) y se utiliza para facilitar sus visitas al sitio.<\/p>\n<p style=\"padding-left: 40px;\">Puede eliminar las \u00abcookies\u00bb instaladas en su ordenador en cualquier momento, oponerse al registro de nuevas \u00abcookies\u00bb y recibir una notificaci\u00f3n antes de que se instale una nueva cookie configurando su herramienta de navegaci\u00f3n.<\/p>\n<p>6.2. \u00bfC\u00f3mo se configura el navegador?<\/p>\n<p>Puede desactivar las cookies accediendo a la configuraci\u00f3n de su navegador. A continuaci\u00f3n le ofrecemos algunos enlaces de los navegadores m\u00e1s comunes para guiarle en este proceso:<\/p>\n<p style=\"padding-left: 40px;\"><u><a href=\"https:\/\/support.google.com\/accounts\/answer\/61416?hl=fr&amp;co=GENIE.Platform%3DAndroid\">Google Chrome<br \/><\/a><a href=\"https:\/\/support.mozilla.org\/fr\/kb\/bloquer-cookies-firefox-focus-android\">Mozilla Firefox<br \/><\/a><a href=\"https:\/\/www.apple.com\/legal\/privacy\/fr-ww\/cookies\/#:~:text=Utilisation%20des%20cookies%20par%20Apple&amp;text=Si%20vous%20souhaitez%20d%C3%A9sactiver%20les,puis%20dans%20la%20section%20Cookies.\">Safari<br \/><\/a><a href=\"https:\/\/www.ionos.fr\/digitalguide\/sites-internet\/creation-de-sites-internet\/supprimer-les-cookies\/\">\u00d3pera<\/a><br \/><a href=\"https:\/\/support.microsoft.com\/fr-fr\/microsoft-edge\/supprimer-les-cookies-dans-microsoft-edge-63947406-40ac-c3b8-57b9-2a946a29ae09#:~:text=Dans%20Edge%2C%20s%C3%A9lectionnez%20Param%C3%A8tres%20et%20autres%20%3E%20Param%C3%A8tres%20%3E%20cookies%20et,vous%20souhaitez%20supprimer%20les%20cookies.\">Edge<\/a><\/u><\/p>\n<p>Debe tenerse en cuenta que el hecho de no permitir las cookies puede impedir, total o parcialmente, el correcto funcionamiento del sitio web https:\/\/www.mondevanille.com\/.<\/p>\n<p>6.3. Tipos de cookies utilizados<\/p>\n<p style=\"padding-left: 40px;\">Se utilizan varios tipos de cookies:<\/p>\n<p style=\"padding-left: 40px;\">Cookies destinadas a gestionar globalmente su visita: sesi\u00f3n, acceso al sitio, servicio solicitado y registro de su elecci\u00f3n en relaci\u00f3n con las cookies<br \/>Cookies ofrecidas por terceros que permiten el acceso a determinadas funciones (cartograf\u00eda, redes sociales&#8230;.)<br \/>Cookies con fines estad\u00edsticos.<\/p>\n<p>6.4. Lista de cookies utilizadas y el tiempo que se conservan:<\/p>\n<p style=\"padding-left: 40px;\">En concreto, utilizamos las cookies que se indican a continuaci\u00f3n.<\/p>\n<p style=\"padding-left: 40px;\">Si el usuario no la borra, la cookie se almacena mientras se utiliza (v\u00e9ase la descripci\u00f3n en la tabla siguiente). A continuaci\u00f3n, se elimina autom\u00e1ticamente en un plazo que var\u00eda entre 30 y 365 d\u00edas, dependiendo del tipo de cookie generada.<\/p>\n<p>Derechos de acceso a sus datos personales<\/p>\n<p>De acuerdo con la Ley de Protecci\u00f3n de Datos de 6 de enero de 1978 y el Reglamento de la UE 2016\/679 de 27 de abril de 2016, y siempre que pueda demostrar su identidad y si se cumplen las condiciones de estos derechos, puede ejercer sus derechos:<\/p>\n<ul>\n<li style=\"list-style-type: none;\">\n<ul>\n<li>acceso ;<\/li>\n<li>de rectificaci\u00f3n ;<\/li>\n<li>supresi\u00f3n ;<\/li>\n<li>limitaci\u00f3n ;<\/li>\n<li>portabilidad ;<\/li>\n<li>para eliminar sus datos personales;<\/li>\n<li>retirar su consentimiento en cualquier momento, sin que ello afecte a la legalidad del tratamiento basado en el consentimiento otorgado antes de la retirada del mismo.<\/li>\n<\/ul>\n<\/li>\n<\/ul>\n<p>Puede ejercer todos sus derechos poni\u00e9ndose en contacto con nuestro responsable de la protecci\u00f3n de datos en la siguiente direcci\u00f3n: <a href=\"mailto:donneespersonnelles@mondevanille.com\">donneespersonnelles@mondevanille.com<\/a><\/p>\n<p>Tambi\u00e9n tiene derecho a presentar una reclamaci\u00f3n ante la CNIL.<\/p>\n<p><b>Seguridad<\/b><\/p>\n<p style=\"padding-left: 40px;\">Sus datos personales se alojan en servidores seguros y hacemos todo lo posible para garantizar su protecci\u00f3n. Sin embargo, aunque el sitio web de Le Monde de la Vanille utilice el protocolo https, que permite la encriptaci\u00f3n de los datos intercambiados, Internet sigue siendo un sistema abierto, por lo que Le Monde de la Vanille no puede garantizar la seguridad de la informaci\u00f3n que nos transmita por Internet y declina toda responsabilidad en caso de uso ileg\u00edtimo o fraudulento por parte de un tercero no autorizado.<\/p>\n\t\t\t\t\t\t\t\t<\/div>\n\t\t\t\t<\/div>\n\t\t\t\t\t<\/div>\n\t\t\t\t<\/div>\n\t\t\t\t<\/div>\n\t\t","protected":false},"excerpt":{"rendered":"<p>1. Entidad responsable del tratamiento de datos El mundo de la vainilla El Sr. AUBRUN Bruno es presidente de la empresa Le Monde de la Vanille. La sede de esta empresa se encuentra actualmente en Le Clos des Perdrix 76700 GAINNEVILLE. SIRET : 44784534800021 Tipo de datos personales y fines de la recogida La informaci\u00f3n que recogemos a trav\u00e9s de\u2026<\/p>\n","protected":false},"author":2,"featured_media":0,"parent":0,"menu_order":0,"comment_status":"closed","ping_status":"closed","template":"","meta":{"footnotes":""},"class_list":["post-16213","page","type-page","status-publish","hentry"],"aioseo_notices":[],"_links":{"self":[{"href":"https:\/\/mondevanille.com\/es\/wp-json\/wp\/v2\/pages\/16213","targetHints":{"allow":["GET"]}}],"collection":[{"href":"https:\/\/mondevanille.com\/es\/wp-json\/wp\/v2\/pages"}],"about":[{"href":"https:\/\/mondevanille.com\/es\/wp-json\/wp\/v2\/types\/page"}],"author":[{"embeddable":true,"href":"https:\/\/mondevanille.com\/es\/wp-json\/wp\/v2\/users\/2"}],"replies":[{"embeddable":true,"href":"https:\/\/mondevanille.com\/es\/wp-json\/wp\/v2\/comments?post=16213"}],"version-history":[{"count":0,"href":"https:\/\/mondevanille.com\/es\/wp-json\/wp\/v2\/pages\/16213\/revisions"}],"wp:attachment":[{"href":"https:\/\/mondevanille.com\/es\/wp-json\/wp\/v2\/media?parent=16213"}],"curies":[{"name":"wp","href":"https:\/\/api.w.org\/{rel}","templated":true}]}}