{"id":55631,"date":"2021-02-04T09:49:27","date_gmt":"2021-02-04T08:49:27","guid":{"rendered":"https:\/\/mondevanille.com\/kit-predefinito-2\/"},"modified":"2024-04-24T16:43:33","modified_gmt":"2024-04-24T14:43:33","slug":"kit-predefinito-2","status":"publish","type":"page","link":"https:\/\/mondevanille.com\/es\/kit-predefinito-2\/","title":{"rendered":"Pol\u00edtica de cookies (UE)"},"content":{"rendered":"\t\t<div data-elementor-type=\"wp-page\" data-elementor-id=\"55631\" class=\"elementor elementor-55631 elementor-55627\" data-elementor-post-type=\"page\">\n\t\t\t\t<div class=\"elementor-element elementor-element-0e0c54f e-flex e-con-boxed e-con e-parent\" data-id=\"0e0c54f\" data-element_type=\"container\" data-e-type=\"container\">\n\t\t\t\t\t<div class=\"e-con-inner\">\n\t\t\t\t<div class=\"elementor-element elementor-element-e04ce9c elementor-widget elementor-widget-text-editor\" data-id=\"e04ce9c\" data-element_type=\"widget\" data-e-type=\"widget\" data-widget_type=\"text-editor.default\">\n\t\t\t\t<div class=\"elementor-widget-container\">\n\t\t\t\t\t\t\t\t\t<p>De conformidad con las disposiciones de los Art\u00edculos 6-III y 19 de la Ley francesa n\u00ba 2004-575 de 21 de junio de 2004 sobre la Confianza en la Econom\u00eda Digital, en lo sucesivo denominada \u00abL.C.E.N.\u00bb, se informa a los usuarios y visitantes, en lo sucesivo denominados los \u00abUsuarios\u00bb, de las condiciones de uso del Sitio.<strong>Usuario\u00bb<\/strong>en el sitio web https:\/\/www.mondevanille.com, en lo sucesivo denominado \u00ab<strong>P\u00e1gina web<\/strong>\u00abEstos avisos legales.<br \/>La conexi\u00f3n y navegaci\u00f3n por el Sitio por parte del Usuario implica la aceptaci\u00f3n plena y sin reservas del presente aviso legal.<br \/>Est\u00e1n disponibles en el Sitio bajo el t\u00edtulo <strong>\u00abInformaci\u00f3n legal<\/strong> \u00ab.<\/p>\n<h2>ART\u00cdCULO 1 - EL EDITOR<\/h2>\n<p>El Sitio es publicado por AROM&#8217;ESSENCE SASU con capital de 107700,00 euros, inscrita en el Registro de Comercio y Sociedades de Gainneville con el n\u00famero 447845348, cuyo domicilio social se encuentra en ZA LE Clos des Perdrix, Cote des Chataigniers,<br \/>N\u00famero de tel\u00e9fono 0235245220,<br \/>Direcci\u00f3n de correo electr\u00f3nico: contact@mondevanille.com.<br \/>N\u00famero de IVA intracomunitario: FR17447845348<br \/>El Director de la Publicaci\u00f3n es Bruno AUBRUN<br \/>en adelante el<strong>\u00abEditor<\/strong>\u00ab.<\/p>\n<h2>ART\u00cdCULO 2 - EL ANFITRI\u00d3N<\/h2>\n<p>El anfitri\u00f3n del Sitio Web es HOSTINGER, con domicilio social en 143 Rue Emile Julien, 34070 Montpellier, Francia , <strong>0892977093 <\/strong>, gdpr@hostinger.com<strong><br \/><\/strong><\/p>\n<h1>  ART\u00cdCULO 3 - ACCESO AL SITIO<\/h1>\n<p>El Sitio es accesible en todo momento, 7 d\u00edas a la semana, 24 horas al d\u00eda, excepto en caso de fuerza mayor, interrupci\u00f3n programada o no programada o cuando se requiera mantenimiento.<br \/>En caso de modificaci\u00f3n, interrupci\u00f3n o suspensi\u00f3n del Sitio, el Editor no ser\u00e1 responsable.<\/p>\n<h2>ART\u00cdCULO 4 - RECOGIDA DE DATOS<\/h2>\n<p>El Sitio garantiza que la informaci\u00f3n personal del Usuario se recopila y procesa de conformidad con la Ley francesa de Protecci\u00f3n de Datos n\u00ba 78-17 de 6 de enero de 1978.<br \/>En virtud de la Ley francesa de Protecci\u00f3n de Datos de 6 de enero de 1978, los Usuarios tienen derecho a acceder, rectificar, suprimir y oponerse a sus datos personales. El Usuario ejerce este derecho:<\/p>\n<ul>\n<li>por correo electr\u00f3nico a rgpd@mondevanille.com<\/li>\n<li>por correo a ZA Le Clos des Perdrix - C\u00f4te des Ch\u00e2taigniers 76700 Gainneville - FRANCIA ;<\/li>\n<\/ul>\n<p>Cualquier uso, reproducci\u00f3n, distribuci\u00f3n, comercializaci\u00f3n o modificaci\u00f3n de todo o parte del Sitio sin la autorizaci\u00f3n del Editor est\u00e1 prohibido y puede dar lugar a acciones legales seg\u00fan lo dispuesto en el C\u00f3digo de la Propiedad Intelectual y el C\u00f3digo Civil franceses.<br \/>Para m\u00e1s informaci\u00f3n, consulta los T\u00e9rminos y Condiciones del sitio web <a href=\"https:\/\/mondevanille.com\/es\/\">https:\/\/www.mondevanille.com<\/a>, a los que puedes acceder en el apartado \u00ab<span style=\"color: #000000;\"><br \/>\n  <strong><br \/>\n    <a style=\"color: #000000;\" title=\"T\u00e9rminos y condiciones\" href=\"https:\/\/mondevanille.com\/es\/cgv\/\">CGC<\/a><br \/>\n  <\/strong><br \/>\n<\/span>\u00ab<\/p>\n\t\t\t\t\t\t\t\t<\/div>\n\t\t\t\t<\/div>\n\t\t\t\t\t<\/div>\n\t\t\t\t<\/div>\n\t\t\t\t<\/div>\n\t\t","protected":false},"excerpt":{"rendered":"<p>De conformidad con las disposiciones de los Art\u00edculos 6-III y 19 de la Ley francesa n\u00ba 2004-575 de 21 de junio de 2004 sobre la Confianza en la Econom\u00eda Digital, en lo sucesivo denominada \u00abL.C.E.N.\u00bb, se informa a los usuarios y visitantes, en lo sucesivo denominados los \u00abUsuarios\u00bb, de las condiciones de uso del Sitio.Usuario\u00bben el sitio web https:\/\/www.mondevanille.com, en\u2026<\/p>\n","protected":false},"author":0,"featured_media":0,"parent":0,"menu_order":0,"comment_status":"closed","ping_status":"closed","template":"","meta":{"footnotes":""},"class_list":["post-55631","page","type-page","status-publish","hentry"],"aioseo_notices":[],"_links":{"self":[{"href":"https:\/\/mondevanille.com\/es\/wp-json\/wp\/v2\/pages\/55631","targetHints":{"allow":["GET"]}}],"collection":[{"href":"https:\/\/mondevanille.com\/es\/wp-json\/wp\/v2\/pages"}],"about":[{"href":"https:\/\/mondevanille.com\/es\/wp-json\/wp\/v2\/types\/page"}],"replies":[{"embeddable":true,"href":"https:\/\/mondevanille.com\/es\/wp-json\/wp\/v2\/comments?post=55631"}],"version-history":[{"count":0,"href":"https:\/\/mondevanille.com\/es\/wp-json\/wp\/v2\/pages\/55631\/revisions"}],"wp:attachment":[{"href":"https:\/\/mondevanille.com\/es\/wp-json\/wp\/v2\/media?parent=55631"}],"curies":[{"name":"wp","href":"https:\/\/api.w.org\/{rel}","templated":true}]}}