{"id":57894,"date":"2024-08-21T11:16:13","date_gmt":"2024-08-21T09:16:13","guid":{"rendered":"https:\/\/mondevanille.com\/sabores-del-principal-origen-de-la-vainilla-2\/"},"modified":"2024-08-21T16:47:01","modified_gmt":"2024-08-21T14:47:01","slug":"sabores-del-principal-origen-de-la-vainilla-2","status":"publish","type":"page","link":"https:\/\/mondevanille.com\/es\/sabores-del-principal-origen-de-la-vainilla-2\/","title":{"rendered":"SABORES DE LOS PRINCIPALES OR\u00cdGENES DE LA VAINILLA"},"content":{"rendered":"\t\t<div data-elementor-type=\"wp-page\" data-elementor-id=\"57894\" class=\"elementor elementor-57894 elementor-57890\" data-elementor-post-type=\"page\">\n\t\t\t\t<div class=\"elementor-element elementor-element-84947cf e-flex e-con-boxed e-con e-parent\" data-id=\"84947cf\" data-element_type=\"container\" data-e-type=\"container\" data-settings=\"{&quot;background_background&quot;:&quot;classic&quot;}\">\n\t\t\t\t\t<div class=\"e-con-inner\">\n\t\t\t\t<div class=\"elementor-element elementor-element-4b4bf06 animated-fast elementor-invisible elementor-widget elementor-widget-text-editor\" data-id=\"4b4bf06\" data-element_type=\"widget\" data-e-type=\"widget\" data-settings=\"{&quot;_animation&quot;:&quot;fadeIn&quot;}\" data-widget_type=\"text-editor.default\">\n\t\t\t\t<div class=\"elementor-widget-container\">\n\t\t\t\t\t\t\t\t\t<p style=\"text-align: left;\">La vainilla es mucho m\u00e1s que una especia;<span style=\"font-size: inherit; background-color: var(--site-bg-color); color: var(--site-text-color); font-family: var(--site-main-font);\">tanto si eres un pastelero apasionado, un amante de los helados gourmet o un profesional de la gastronom\u00eda, comprender los sabores de los principales or\u00edgenes de la vainilla es esencial para realzar tus creaciones.<\/span><\/p>\n<p style=\"text-align: left;\">Sum\u00e9rgete en el fascinante mundo de los distintos or\u00edgenes de la vainilla y descubre c\u00f3mo cada terru\u00f1o influye en los aromas y sabores para crear experiencias gustativas \u00fanicas.<br \/>\nTanto si buscas vainilla dulce y floral como notas m\u00e1s intensas y especiadas, explora las riquezas de las mejores vainas de vainilla del mundo. <\/p>\n\t\t\t\t\t\t\t\t<\/div>\n\t\t\t\t<\/div>\n\t\t\t\t\t<\/div>\n\t\t\t\t<\/div>\n\t\t<div class=\"elementor-element elementor-element-df4033d e-flex e-con-boxed e-con e-parent\" data-id=\"df4033d\" data-element_type=\"container\" data-e-type=\"container\" data-settings=\"{&quot;background_background&quot;:&quot;classic&quot;}\">\n\t\t\t\t\t<div class=\"e-con-inner\">\n\t\t\t\t<div class=\"elementor-element elementor-element-81602e4 elementor-widget elementor-widget-hotspot\" data-id=\"81602e4\" data-element_type=\"widget\" data-e-type=\"widget\" data-settings=\"{&quot;hotspot&quot;:[{&quot;hotspot_label&quot;:&quot;MADAGASCAR&quot;,&quot;hotspot_link&quot;:{&quot;url&quot;:&quot;https:\\\/\\\/mondevanille.com\\\/produit\\\/vanille-de-madagascar\\\/&quot;,&quot;is_external&quot;:&quot;on&quot;,&quot;nofollow&quot;:&quot;&quot;,&quot;custom_attributes&quot;:&quot;&quot;},&quot;hotspot_offset_x&quot;:{&quot;unit&quot;:&quot;%&quot;,&quot;size&quot;:55,&quot;sizes&quot;:[]},&quot;hotspot_offset_y&quot;:{&quot;unit&quot;:&quot;%&quot;,&quot;size&quot;:24,&quot;sizes&quot;:[]},&quot;hotspot_tooltip_position&quot;:&quot;&quot;,&quot;__dynamic__&quot;:{&quot;hotspot_link&quot;:&quot;[elementor-tag id=\\&quot;b385351\\&quot; name=\\&quot;internal-url\\&quot; settings=\\&quot;%7B%22type%22%3A%22post%22%2C%22post_id%22%3A%2213208%22%7D\\&quot;]&quot;},&quot;hotspot_tooltip_content&quot;:&quot;&quot;,&quot;_id&quot;:&quot;5aef5ed&quot;,&quot;index&quot;:0,&quot;hotspot_icon&quot;:{&quot;value&quot;:&quot;&quot;,&quot;library&quot;:&quot;&quot;},&quot;hotspot_icon_position&quot;:null,&quot;hotspot_icon_spacing&quot;:null,&quot;hotspot_custom_size&quot;:&quot;no&quot;,&quot;hotspot_width&quot;:null,&quot;hotspot_height&quot;:null,&quot;hotspot_horizontal&quot;:&quot;left&quot;,&quot;hotspot_vertical&quot;:&quot;top&quot;,&quot;hotspot_position&quot;:null,&quot;hotspot_tooltip_width&quot;:null,&quot;hotspot_tooltip_text_wrap&quot;:null},{&quot;hotspot_label&quot;:&quot;COMOROS&quot;,&quot;hotspot_link&quot;:{&quot;url&quot;:&quot;https:\\\/\\\/mondevanille.com\\\/produit\\\/vanille-des-comores\\\/&quot;,&quot;is_external&quot;:&quot;on&quot;,&quot;nofollow&quot;:&quot;&quot;,&quot;custom_attributes&quot;:&quot;&quot;},&quot;hotspot_offset_x&quot;:{&quot;unit&quot;:&quot;%&quot;,&quot;size&quot;:34,&quot;sizes&quot;:[]},&quot;hotspot_offset_y&quot;:{&quot;unit&quot;:&quot;%&quot;,&quot;size&quot;:27,&quot;sizes&quot;:[]},&quot;hotspot_tooltip_position&quot;:&quot;&quot;,&quot;__dynamic__&quot;:{&quot;hotspot_link&quot;:&quot;[elementor-tag id=\\&quot;b385351\\&quot; name=\\&quot;internal-url\\&quot; settings=\\&quot;%7B%22type%22%3A%22post%22%2C%22post_id%22%3A%223351%22%7D\\&quot;]&quot;},&quot;hotspot_tooltip_content&quot;:&quot;&quot;,&quot;_id&quot;:&quot;9e22dda&quot;,&quot;index&quot;:1,&quot;hotspot_icon&quot;:{&quot;value&quot;:&quot;&quot;,&quot;library&quot;:&quot;&quot;},&quot;hotspot_icon_position&quot;:null,&quot;hotspot_icon_spacing&quot;:null,&quot;hotspot_custom_size&quot;:&quot;no&quot;,&quot;hotspot_width&quot;:null,&quot;hotspot_height&quot;:null,&quot;hotspot_horizontal&quot;:&quot;left&quot;,&quot;hotspot_vertical&quot;:&quot;top&quot;,&quot;hotspot_position&quot;:null,&quot;hotspot_tooltip_width&quot;:null,&quot;hotspot_tooltip_text_wrap&quot;:null},{&quot;hotspot_label&quot;:&quot;COMOROS&quot;,&quot;hotspot_link&quot;:{&quot;url&quot;:&quot;https:\\\/\\\/mondevanille.com\\\/produit\\\/vanille-des-comores\\\/&quot;,&quot;is_external&quot;:&quot;on&quot;,&quot;nofollow&quot;:&quot;&quot;,&quot;custom_attributes&quot;:&quot;&quot;},&quot;hotspot_offset_x&quot;:{&quot;unit&quot;:&quot;%&quot;,&quot;size&quot;:76,&quot;sizes&quot;:[]},&quot;hotspot_offset_y&quot;:{&quot;unit&quot;:&quot;%&quot;,&quot;size&quot;:27,&quot;sizes&quot;:[]},&quot;hotspot_tooltip_position&quot;:&quot;&quot;,&quot;__dynamic__&quot;:{&quot;hotspot_link&quot;:&quot;[elementor-tag id=\\&quot;b385351\\&quot; name=\\&quot;internal-url\\&quot; settings=\\&quot;%7B%22type%22%3A%22post%22%2C%22post_id%22%3A%223351%22%7D\\&quot;]&quot;},&quot;hotspot_tooltip_content&quot;:&quot;&quot;,&quot;_id&quot;:&quot;4956f61&quot;,&quot;index&quot;:2,&quot;hotspot_icon&quot;:{&quot;value&quot;:&quot;&quot;,&quot;library&quot;:&quot;&quot;},&quot;hotspot_icon_position&quot;:null,&quot;hotspot_icon_spacing&quot;:null,&quot;hotspot_custom_size&quot;:&quot;no&quot;,&quot;hotspot_width&quot;:null,&quot;hotspot_height&quot;:null,&quot;hotspot_horizontal&quot;:&quot;left&quot;,&quot;hotspot_vertical&quot;:&quot;top&quot;,&quot;hotspot_position&quot;:null,&quot;hotspot_tooltip_width&quot;:null,&quot;hotspot_tooltip_text_wrap&quot;:null},{&quot;_id&quot;:&quot;1b1c948&quot;,&quot;hotspot_label&quot;:&quot;ISLA DE LA REUNI\\u00d3N&quot;,&quot;hotspot_offset_y&quot;:{&quot;unit&quot;:&quot;%&quot;,&quot;size&quot;:30,&quot;sizes&quot;:[]},&quot;hotspot_link&quot;:{&quot;url&quot;:&quot;https:\\\/\\\/mondevanille.com\\\/produit\\\/iledelareunion\\\/&quot;,&quot;is_external&quot;:&quot;on&quot;,&quot;nofollow&quot;:&quot;&quot;,&quot;custom_attributes&quot;:&quot;&quot;},&quot;hotspot_tooltip_content&quot;:&quot;&quot;,&quot;__dynamic__&quot;:{&quot;hotspot_link&quot;:&quot;[elementor-tag id=\\&quot;ae8884a\\&quot; name=\\&quot;internal-url\\&quot; settings=\\&quot;%7B%22type%22%3A%22post%22%2C%22post_id%22%3A%224498%22%7D\\&quot;]&quot;},&quot;index&quot;:3,&quot;hotspot_icon&quot;:{&quot;value&quot;:&quot;&quot;,&quot;library&quot;:&quot;&quot;},&quot;hotspot_icon_position&quot;:null,&quot;hotspot_icon_spacing&quot;:null,&quot;hotspot_custom_size&quot;:&quot;no&quot;,&quot;hotspot_width&quot;:null,&quot;hotspot_height&quot;:null,&quot;hotspot_horizontal&quot;:&quot;left&quot;,&quot;hotspot_offset_x&quot;:{&quot;unit&quot;:&quot;%&quot;,&quot;size&quot;:50,&quot;sizes&quot;:[]},&quot;hotspot_vertical&quot;:&quot;top&quot;,&quot;hotspot_tooltip_position&quot;:&quot;no&quot;,&quot;hotspot_position&quot;:null,&quot;hotspot_tooltip_width&quot;:null,&quot;hotspot_tooltip_text_wrap&quot;:null},{&quot;_id&quot;:&quot;da0a536&quot;,&quot;hotspot_label&quot;:&quot;M\\u00c9XICO&quot;,&quot;hotspot_link&quot;:{&quot;url&quot;:&quot;https:\\\/\\\/mondevanille.com\\\/produit\\\/vanille-du-mexique\\\/&quot;,&quot;is_external&quot;:&quot;on&quot;,&quot;nofollow&quot;:&quot;&quot;,&quot;custom_attributes&quot;:&quot;&quot;},&quot;hotspot_tooltip_content&quot;:&quot;&quot;,&quot;hotspot_offset_y&quot;:{&quot;unit&quot;:&quot;%&quot;,&quot;size&quot;:34,&quot;sizes&quot;:[]},&quot;__dynamic__&quot;:{&quot;hotspot_link&quot;:&quot;[elementor-tag id=\\&quot;5cdd924\\&quot; name=\\&quot;internal-url\\&quot; settings=\\&quot;%7B%22type%22%3A%22post%22%2C%22post_id%22%3A%224367%22%7D\\&quot;]&quot;},&quot;index&quot;:4,&quot;hotspot_icon&quot;:{&quot;value&quot;:&quot;&quot;,&quot;library&quot;:&quot;&quot;},&quot;hotspot_icon_position&quot;:null,&quot;hotspot_icon_spacing&quot;:null,&quot;hotspot_custom_size&quot;:&quot;no&quot;,&quot;hotspot_width&quot;:null,&quot;hotspot_height&quot;:null,&quot;hotspot_horizontal&quot;:&quot;left&quot;,&quot;hotspot_offset_x&quot;:{&quot;unit&quot;:&quot;%&quot;,&quot;size&quot;:50,&quot;sizes&quot;:[]},&quot;hotspot_vertical&quot;:&quot;top&quot;,&quot;hotspot_tooltip_position&quot;:&quot;no&quot;,&quot;hotspot_position&quot;:null,&quot;hotspot_tooltip_width&quot;:null,&quot;hotspot_tooltip_text_wrap&quot;:null},{&quot;_id&quot;:&quot;323be0c&quot;,&quot;hotspot_label&quot;:&quot;OUGAND&quot;,&quot;hotspot_link&quot;:{&quot;url&quot;:&quot;https:\\\/\\\/mondevanille.com\\\/produit\\\/gousse-de-vanille-d-ouganda\\\/&quot;,&quot;is_external&quot;:&quot;on&quot;,&quot;nofollow&quot;:&quot;&quot;,&quot;custom_attributes&quot;:&quot;&quot;},&quot;hotspot_tooltip_content&quot;:&quot;&quot;,&quot;hotspot_offset_x&quot;:{&quot;unit&quot;:&quot;%&quot;,&quot;size&quot;:43,&quot;sizes&quot;:[]},&quot;hotspot_offset_y&quot;:{&quot;unit&quot;:&quot;%&quot;,&quot;size&quot;:40,&quot;sizes&quot;:[]},&quot;__dynamic__&quot;:{&quot;hotspot_link&quot;:&quot;[elementor-tag id=\\&quot;dba3635\\&quot; name=\\&quot;internal-url\\&quot; settings=\\&quot;%7B%22type%22%3A%22post%22%2C%22post_id%22%3A%2250674%22%7D\\&quot;]&quot;},&quot;index&quot;:5,&quot;hotspot_icon&quot;:{&quot;value&quot;:&quot;&quot;,&quot;library&quot;:&quot;&quot;},&quot;hotspot_icon_position&quot;:null,&quot;hotspot_icon_spacing&quot;:null,&quot;hotspot_custom_size&quot;:&quot;no&quot;,&quot;hotspot_width&quot;:null,&quot;hotspot_height&quot;:null,&quot;hotspot_horizontal&quot;:&quot;left&quot;,&quot;hotspot_vertical&quot;:&quot;top&quot;,&quot;hotspot_tooltip_position&quot;:&quot;no&quot;,&quot;hotspot_position&quot;:null,&quot;hotspot_tooltip_width&quot;:null,&quot;hotspot_tooltip_text_wrap&quot;:null},{&quot;_id&quot;:&quot;19611c7&quot;,&quot;hotspot_label&quot;:&quot;SAO TOME&quot;,&quot;hotspot_link&quot;:{&quot;url&quot;:&quot;https:\\\/\\\/mondevanille.com\\\/produit\\\/vanille-de-saotome\\\/&quot;,&quot;is_external&quot;:&quot;on&quot;,&quot;nofollow&quot;:&quot;&quot;,&quot;custom_attributes&quot;:&quot;&quot;},&quot;hotspot_tooltip_content&quot;:&quot;&quot;,&quot;hotspot_offset_x&quot;:{&quot;unit&quot;:&quot;%&quot;,&quot;size&quot;:42,&quot;sizes&quot;:[]},&quot;hotspot_offset_y&quot;:{&quot;unit&quot;:&quot;%&quot;,&quot;size&quot;:43,&quot;sizes&quot;:[]},&quot;__dynamic__&quot;:{&quot;hotspot_link&quot;:&quot;[elementor-tag id=\\&quot;519221a\\&quot; name=\\&quot;internal-url\\&quot; settings=\\&quot;%7B%22type%22%3A%22post%22%2C%22post_id%22%3A%224479%22%7D\\&quot;]&quot;},&quot;index&quot;:6,&quot;hotspot_icon&quot;:{&quot;value&quot;:&quot;&quot;,&quot;library&quot;:&quot;&quot;},&quot;hotspot_icon_position&quot;:null,&quot;hotspot_icon_spacing&quot;:null,&quot;hotspot_custom_size&quot;:&quot;no&quot;,&quot;hotspot_width&quot;:null,&quot;hotspot_height&quot;:null,&quot;hotspot_horizontal&quot;:&quot;left&quot;,&quot;hotspot_vertical&quot;:&quot;top&quot;,&quot;hotspot_tooltip_position&quot;:&quot;no&quot;,&quot;hotspot_position&quot;:null,&quot;hotspot_tooltip_width&quot;:null,&quot;hotspot_tooltip_text_wrap&quot;:null},{&quot;_id&quot;:&quot;0610a92&quot;,&quot;hotspot_label&quot;:&quot;NUEVO CALE&quot;,&quot;hotspot_link&quot;:{&quot;url&quot;:&quot;https:\\\/\\\/mondevanille.com\\\/produit\\\/vanille-de-nouvelle-caledonie\\\/&quot;,&quot;is_external&quot;:&quot;on&quot;,&quot;nofollow&quot;:&quot;&quot;,&quot;custom_attributes&quot;:&quot;&quot;},&quot;hotspot_offset_x&quot;:{&quot;unit&quot;:&quot;%&quot;,&quot;size&quot;:58,&quot;sizes&quot;:[]},&quot;hotspot_offset_y&quot;:{&quot;unit&quot;:&quot;%&quot;,&quot;size&quot;:46,&quot;sizes&quot;:[]},&quot;__dynamic__&quot;:{&quot;hotspot_link&quot;:&quot;[elementor-tag id=\\&quot;7156129\\&quot; name=\\&quot;internal-url\\&quot; settings=\\&quot;%7B%22type%22%3A%22post%22%2C%22post_id%22%3A%229492%22%7D\\&quot;]&quot;},&quot;index&quot;:7,&quot;hotspot_icon&quot;:{&quot;value&quot;:&quot;&quot;,&quot;library&quot;:&quot;&quot;},&quot;hotspot_icon_position&quot;:null,&quot;hotspot_icon_spacing&quot;:null,&quot;hotspot_custom_size&quot;:&quot;no&quot;,&quot;hotspot_width&quot;:null,&quot;hotspot_height&quot;:null,&quot;hotspot_tooltip_content&quot;:&quot;A\\u00f1ade aqu\\u00ed tu texto de informaci\\u00f3n emergente&quot;,&quot;hotspot_horizontal&quot;:&quot;left&quot;,&quot;hotspot_vertical&quot;:&quot;top&quot;,&quot;hotspot_tooltip_position&quot;:&quot;no&quot;,&quot;hotspot_position&quot;:null,&quot;hotspot_tooltip_width&quot;:null,&quot;hotspot_tooltip_text_wrap&quot;:null},{&quot;_id&quot;:&quot;4542fa5&quot;,&quot;hotspot_label&quot;:&quot;TAHITI&quot;,&quot;hotspot_link&quot;:{&quot;url&quot;:&quot;https:\\\/\\\/mondevanille.com\\\/produit\\\/vanille-de-tahiti\\\/&quot;,&quot;is_external&quot;:&quot;on&quot;,&quot;nofollow&quot;:&quot;&quot;,&quot;custom_attributes&quot;:&quot;&quot;},&quot;hotspot_tooltip_content&quot;:&quot;&quot;,&quot;hotspot_offset_x&quot;:{&quot;unit&quot;:&quot;%&quot;,&quot;size&quot;:14,&quot;sizes&quot;:[]},&quot;hotspot_offset_y&quot;:{&quot;unit&quot;:&quot;%&quot;,&quot;size&quot;:60,&quot;sizes&quot;:[]},&quot;__dynamic__&quot;:{&quot;hotspot_link&quot;:&quot;[elementor-tag id=\\&quot;63eeaf8\\&quot; name=\\&quot;internal-url\\&quot; settings=\\&quot;%7B%22type%22%3A%22post%22%2C%22post_id%22%3A%223357%22%7D\\&quot;]&quot;},&quot;index&quot;:8,&quot;hotspot_icon&quot;:{&quot;value&quot;:&quot;&quot;,&quot;library&quot;:&quot;&quot;},&quot;hotspot_icon_position&quot;:null,&quot;hotspot_icon_spacing&quot;:null,&quot;hotspot_custom_size&quot;:&quot;no&quot;,&quot;hotspot_width&quot;:null,&quot;hotspot_height&quot;:null,&quot;hotspot_horizontal&quot;:&quot;left&quot;,&quot;hotspot_vertical&quot;:&quot;top&quot;,&quot;hotspot_tooltip_position&quot;:&quot;no&quot;,&quot;hotspot_position&quot;:null,&quot;hotspot_tooltip_width&quot;:null,&quot;hotspot_tooltip_text_wrap&quot;:null},{&quot;hotspot_label&quot;:&quot;TAHITI&quot;,&quot;hotspot_link&quot;:{&quot;url&quot;:&quot;https:\\\/\\\/mondevanille.com\\\/produit\\\/vanille-de-tahiti\\\/&quot;,&quot;is_external&quot;:&quot;on&quot;,&quot;nofollow&quot;:&quot;&quot;,&quot;custom_attributes&quot;:&quot;&quot;},&quot;hotspot_tooltip_content&quot;:&quot;&quot;,&quot;hotspot_offset_x&quot;:{&quot;unit&quot;:&quot;%&quot;,&quot;size&quot;:83,&quot;sizes&quot;:[]},&quot;hotspot_offset_y&quot;:{&quot;unit&quot;:&quot;%&quot;,&quot;size&quot;:60,&quot;sizes&quot;:[]},&quot;__dynamic__&quot;:{&quot;hotspot_link&quot;:&quot;[elementor-tag id=\\&quot;63eeaf8\\&quot; name=\\&quot;internal-url\\&quot; settings=\\&quot;%7B%22type%22%3A%22post%22%2C%22post_id%22%3A%223357%22%7D\\&quot;]&quot;},&quot;_id&quot;:&quot;bc9366a&quot;,&quot;index&quot;:9,&quot;hotspot_icon&quot;:{&quot;value&quot;:&quot;&quot;,&quot;library&quot;:&quot;&quot;},&quot;hotspot_icon_position&quot;:null,&quot;hotspot_icon_spacing&quot;:null,&quot;hotspot_custom_size&quot;:&quot;no&quot;,&quot;hotspot_width&quot;:null,&quot;hotspot_height&quot;:null,&quot;hotspot_horizontal&quot;:&quot;left&quot;,&quot;hotspot_vertical&quot;:&quot;top&quot;,&quot;hotspot_tooltip_position&quot;:&quot;no&quot;,&quot;hotspot_position&quot;:null,&quot;hotspot_tooltip_width&quot;:null,&quot;hotspot_tooltip_text_wrap&quot;:null},{&quot;_id&quot;:&quot;6e25e06&quot;,&quot;hotspot_label&quot;:&quot;NUEVA PAP\\u00daA  &quot;,&quot;hotspot_link&quot;:{&quot;url&quot;:&quot;https:\\\/\\\/mondevanille.com\\\/produit\\\/vanille-de-nouvelle-guinee\\\/&quot;,&quot;is_external&quot;:&quot;on&quot;,&quot;nofollow&quot;:&quot;&quot;,&quot;custom_attributes&quot;:&quot;&quot;},&quot;hotspot_tooltip_content&quot;:&quot;&quot;,&quot;hotspot_offset_x&quot;:{&quot;unit&quot;:&quot;%&quot;,&quot;size&quot;:23,&quot;sizes&quot;:[]},&quot;hotspot_offset_y&quot;:{&quot;unit&quot;:&quot;%&quot;,&quot;size&quot;:67,&quot;sizes&quot;:[]},&quot;__dynamic__&quot;:{&quot;hotspot_link&quot;:&quot;[elementor-tag id=\\&quot;ba043a3\\&quot; name=\\&quot;internal-url\\&quot; settings=\\&quot;%7B%22type%22%3A%22post%22%2C%22post_id%22%3A%223366%22%7D\\&quot;]&quot;},&quot;index&quot;:10,&quot;hotspot_icon&quot;:{&quot;value&quot;:&quot;&quot;,&quot;library&quot;:&quot;&quot;},&quot;hotspot_icon_position&quot;:null,&quot;hotspot_icon_spacing&quot;:null,&quot;hotspot_custom_size&quot;:&quot;no&quot;,&quot;hotspot_width&quot;:null,&quot;hotspot_height&quot;:null,&quot;hotspot_horizontal&quot;:&quot;left&quot;,&quot;hotspot_vertical&quot;:&quot;top&quot;,&quot;hotspot_tooltip_position&quot;:&quot;no&quot;,&quot;hotspot_position&quot;:null,&quot;hotspot_tooltip_width&quot;:null,&quot;hotspot_tooltip_text_wrap&quot;:null},{&quot;hotspot_label&quot;:&quot;PAP\\u00daA  &quot;,&quot;hotspot_link&quot;:{&quot;url&quot;:&quot;https:\\\/\\\/mondevanille.com\\\/produit\\\/vanille-de-nouvelle-guinee\\\/&quot;,&quot;is_external&quot;:&quot;on&quot;,&quot;nofollow&quot;:&quot;&quot;,&quot;custom_attributes&quot;:&quot;&quot;},&quot;hotspot_tooltip_content&quot;:&quot;&quot;,&quot;hotspot_offset_x&quot;:{&quot;unit&quot;:&quot;%&quot;,&quot;size&quot;:94,&quot;sizes&quot;:[]},&quot;hotspot_offset_y&quot;:{&quot;unit&quot;:&quot;%&quot;,&quot;size&quot;:67,&quot;sizes&quot;:[]},&quot;__dynamic__&quot;:{&quot;hotspot_link&quot;:&quot;[elementor-tag id=\\&quot;ba043a3\\&quot; name=\\&quot;internal-url\\&quot; settings=\\&quot;%7B%22type%22%3A%22post%22%2C%22post_id%22%3A%223366%22%7D\\&quot;]&quot;},&quot;_id&quot;:&quot;a3360c7&quot;,&quot;index&quot;:11,&quot;hotspot_icon&quot;:{&quot;value&quot;:&quot;&quot;,&quot;library&quot;:&quot;&quot;},&quot;hotspot_icon_position&quot;:null,&quot;hotspot_icon_spacing&quot;:null,&quot;hotspot_custom_size&quot;:&quot;no&quot;,&quot;hotspot_width&quot;:null,&quot;hotspot_height&quot;:null,&quot;hotspot_horizontal&quot;:&quot;left&quot;,&quot;hotspot_vertical&quot;:&quot;top&quot;,&quot;hotspot_tooltip_position&quot;:&quot;no&quot;,&quot;hotspot_position&quot;:null,&quot;hotspot_tooltip_width&quot;:null,&quot;hotspot_tooltip_text_wrap&quot;:null}],&quot;tooltip_position&quot;:&quot;top&quot;,&quot;tooltip_trigger&quot;:&quot;click&quot;,&quot;tooltip_animation&quot;:&quot;e-hotspot--fade-in-out&quot;}\" data-widget_type=\"hotspot.default\">\n\t\t\t\t<div class=\"elementor-widget-container\">\n\t\t\t\t\t<img fetchpriority=\"high\" decoding=\"async\" width=\"2560\" height=\"2425\" src=\"https:\/\/mondevanille.com\/wp-content\/uploads\/2024\/08\/Flaveur-en-3.webp\" class=\"attachment-full size-full wp-image-57000 wvs-archive-product-image\" alt=\"Sabor El mundo de la Vainilla\" srcset=\"https:\/\/mondevanille.com\/wp-content\/uploads\/2024\/08\/Flaveur-en-3.webp 2560w, https:\/\/mondevanille.com\/wp-content\/uploads\/2024\/08\/Flaveur-en-3-600x568.webp 600w, https:\/\/mondevanille.com\/wp-content\/uploads\/2024\/08\/Flaveur-en-3-1024x970.webp 1024w, https:\/\/mondevanille.com\/wp-content\/uploads\/2024\/08\/Flaveur-en-3-768x728.webp 768w, https:\/\/mondevanille.com\/wp-content\/uploads\/2024\/08\/Flaveur-en-3-1536x1455.webp 1536w, https:\/\/mondevanille.com\/wp-content\/uploads\/2024\/08\/Flaveur-en-3-2048x1940.webp 2048w, https:\/\/mondevanille.com\/wp-content\/uploads\/2024\/08\/Flaveur-en-3-1000x947.webp 1000w, https:\/\/mondevanille.com\/wp-content\/uploads\/2024\/08\/Flaveur-en-3-64x61.webp 64w\" sizes=\"(max-width: 2560px) 100vw, 2560px\" \/>\n\t\t\t\t\t\t<a class=\"e-hotspot elementor-repeater-item-5aef5ed  e-hotspot--position-left e-hotspot--position-top e-hotspot--link e-hotspot--no-tooltip\" href=\"https:\/\/mondevanille.com\/produit\/vanille-de-madagascar\/\" target=\"_blank\">\n\n\t\t\t\t\t\t\t\t<div class=\"e-hotspot__button \">\n\t\t\t\t\t\t\t\t\t\t\t\t\t\t\t\t\t\t\t\t\t\t\t\t<div class=\"e-hotspot__label\">MADAGASCAR<\/div>\n\t\t\t\t\t\t\t\t\t\t\t\t\t\t\t<\/div>\n\n\t\t\t\t\t\t\t\t\n\t\t\t<\/a>\n\n\t\n\t\t\t\t\t\t<a class=\"e-hotspot elementor-repeater-item-9e22dda  e-hotspot--position-left e-hotspot--position-top e-hotspot--link e-hotspot--no-tooltip\" href=\"https:\/\/mondevanille.com\/produit\/vanille-des-comores\/\" target=\"_blank\">\n\n\t\t\t\t\t\t\t\t<div class=\"e-hotspot__button \">\n\t\t\t\t\t\t\t\t\t\t\t\t\t\t\t\t\t\t\t\t\t\t\t\t<div class=\"e-hotspot__label\">COMOROS<\/div>\n\t\t\t\t\t\t\t\t\t\t\t\t\t\t\t<\/div>\n\n\t\t\t\t\t\t\t\t\n\t\t\t<\/a>\n\n\t\n\t\t\t\t\t\t<a class=\"e-hotspot elementor-repeater-item-4956f61  e-hotspot--position-left e-hotspot--position-top e-hotspot--link e-hotspot--no-tooltip\" href=\"https:\/\/mondevanille.com\/produit\/vanille-des-comores\/\" target=\"_blank\">\n\n\t\t\t\t\t\t\t\t<div class=\"e-hotspot__button \">\n\t\t\t\t\t\t\t\t\t\t\t\t\t\t\t\t\t\t\t\t\t\t\t\t<div class=\"e-hotspot__label\">COMOROS<\/div>\n\t\t\t\t\t\t\t\t\t\t\t\t\t\t\t<\/div>\n\n\t\t\t\t\t\t\t\t\n\t\t\t<\/a>\n\n\t\n\t\t\t\t\t\t<a class=\"e-hotspot elementor-repeater-item-1b1c948  e-hotspot--position-left e-hotspot--position-top e-hotspot--link e-hotspot--no-tooltip\" href=\"https:\/\/mondevanille.com\/produit\/iledelareunion\/\" target=\"_blank\">\n\n\t\t\t\t\t\t\t\t<div class=\"e-hotspot__button \">\n\t\t\t\t\t\t\t\t\t\t\t\t\t\t\t\t\t\t\t\t\t\t\t\t<div class=\"e-hotspot__label\">ISLA DE LA REUNI\u00d3N<\/div>\n\t\t\t\t\t\t\t\t\t\t\t\t\t\t\t<\/div>\n\n\t\t\t\t\t\t\t\t\n\t\t\t<\/a>\n\n\t\n\t\t\t\t\t\t<a class=\"e-hotspot elementor-repeater-item-da0a536  e-hotspot--position-left e-hotspot--position-top e-hotspot--link e-hotspot--no-tooltip\" href=\"https:\/\/mondevanille.com\/produit\/vanille-du-mexique\/\" target=\"_blank\">\n\n\t\t\t\t\t\t\t\t<div class=\"e-hotspot__button \">\n\t\t\t\t\t\t\t\t\t\t\t\t\t\t\t\t\t\t\t\t\t\t\t\t<div class=\"e-hotspot__label\">M\u00c9XICO<\/div>\n\t\t\t\t\t\t\t\t\t\t\t\t\t\t\t<\/div>\n\n\t\t\t\t\t\t\t\t\n\t\t\t<\/a>\n\n\t\n\t\t\t\t\t\t<a class=\"e-hotspot elementor-repeater-item-323be0c  e-hotspot--position-left e-hotspot--position-top e-hotspot--link e-hotspot--no-tooltip\" href=\"https:\/\/mondevanille.com\/produit\/gousse-de-vanille-d-ouganda\/\" target=\"_blank\">\n\n\t\t\t\t\t\t\t\t<div class=\"e-hotspot__button \">\n\t\t\t\t\t\t\t\t\t\t\t\t\t\t\t\t\t\t\t\t\t\t\t\t<div class=\"e-hotspot__label\">OUGAND<\/div>\n\t\t\t\t\t\t\t\t\t\t\t\t\t\t\t<\/div>\n\n\t\t\t\t\t\t\t\t\n\t\t\t<\/a>\n\n\t\n\t\t\t\t\t\t<a class=\"e-hotspot elementor-repeater-item-19611c7  e-hotspot--position-left e-hotspot--position-top e-hotspot--link e-hotspot--no-tooltip\" href=\"https:\/\/mondevanille.com\/produit\/vanille-de-saotome\/\" target=\"_blank\">\n\n\t\t\t\t\t\t\t\t<div class=\"e-hotspot__button \">\n\t\t\t\t\t\t\t\t\t\t\t\t\t\t\t\t\t\t\t\t\t\t\t\t<div class=\"e-hotspot__label\">SAO TOME<\/div>\n\t\t\t\t\t\t\t\t\t\t\t\t\t\t\t<\/div>\n\n\t\t\t\t\t\t\t\t\n\t\t\t<\/a>\n\n\t\n\t\t\t\t\t\t<a class=\"e-hotspot elementor-repeater-item-0610a92  e-hotspot--position-left e-hotspot--position-top e-hotspot--link e-hotspot--no-tooltip\" href=\"https:\/\/mondevanille.com\/produit\/vanille-de-nouvelle-caledonie\/\" target=\"_blank\">\n\n\t\t\t\t\t\t\t\t<div class=\"e-hotspot__button \">\n\t\t\t\t\t\t\t\t\t\t\t\t\t\t\t\t\t\t\t\t\t\t\t\t<div class=\"e-hotspot__label\">NUEVO CALE<\/div>\n\t\t\t\t\t\t\t\t\t\t\t\t\t\t\t<\/div>\n\n\t\t\t\t\t\t\t\t\n\t\t\t<\/a>\n\n\t\n\t\t\t\t\t\t<a class=\"e-hotspot elementor-repeater-item-4542fa5  e-hotspot--position-left e-hotspot--position-top e-hotspot--link e-hotspot--no-tooltip\" href=\"https:\/\/mondevanille.com\/produit\/vanille-de-tahiti\/\" target=\"_blank\">\n\n\t\t\t\t\t\t\t\t<div class=\"e-hotspot__button \">\n\t\t\t\t\t\t\t\t\t\t\t\t\t\t\t\t\t\t\t\t\t\t\t\t<div class=\"e-hotspot__label\">TAHITI<\/div>\n\t\t\t\t\t\t\t\t\t\t\t\t\t\t\t<\/div>\n\n\t\t\t\t\t\t\t\t\n\t\t\t<\/a>\n\n\t\n\t\t\t\t\t\t<a class=\"e-hotspot elementor-repeater-item-bc9366a  e-hotspot--position-left e-hotspot--position-top e-hotspot--link e-hotspot--no-tooltip\" href=\"https:\/\/mondevanille.com\/produit\/vanille-de-tahiti\/\" target=\"_blank\">\n\n\t\t\t\t\t\t\t\t<div class=\"e-hotspot__button \">\n\t\t\t\t\t\t\t\t\t\t\t\t\t\t\t\t\t\t\t\t\t\t\t\t<div class=\"e-hotspot__label\">TAHITI<\/div>\n\t\t\t\t\t\t\t\t\t\t\t\t\t\t\t<\/div>\n\n\t\t\t\t\t\t\t\t\n\t\t\t<\/a>\n\n\t\n\t\t\t\t\t\t<a class=\"e-hotspot elementor-repeater-item-6e25e06  e-hotspot--position-left e-hotspot--position-top e-hotspot--link e-hotspot--no-tooltip\" href=\"https:\/\/mondevanille.com\/produit\/vanille-de-nouvelle-guinee\/\" target=\"_blank\">\n\n\t\t\t\t\t\t\t\t<div class=\"e-hotspot__button \">\n\t\t\t\t\t\t\t\t\t\t\t\t\t\t\t\t\t\t\t\t\t\t\t\t<div class=\"e-hotspot__label\">NUEVA PAP\u00daA  <\/div>\n\t\t\t\t\t\t\t\t\t\t\t\t\t\t\t<\/div>\n\n\t\t\t\t\t\t\t\t\n\t\t\t<\/a>\n\n\t\n\t\t\t\t\t\t<a class=\"e-hotspot elementor-repeater-item-a3360c7  e-hotspot--position-left e-hotspot--position-top e-hotspot--link e-hotspot--no-tooltip\" href=\"https:\/\/mondevanille.com\/produit\/vanille-de-nouvelle-guinee\/\" target=\"_blank\">\n\n\t\t\t\t\t\t\t\t<div class=\"e-hotspot__button \">\n\t\t\t\t\t\t\t\t\t\t\t\t\t\t\t\t\t\t\t\t\t\t\t\t<div class=\"e-hotspot__label\">PAP\u00daA  <\/div>\n\t\t\t\t\t\t\t\t\t\t\t\t\t\t\t<\/div>\n\n\t\t\t\t\t\t\t\t\n\t\t\t<\/a>\n\n\t\n\t\t\t\t\t\t<\/div>\n\t\t\t\t<\/div>\n\t\t\t\t\t<\/div>\n\t\t\t\t<\/div>\n\t\t\t\t<\/div>\n\t\t","protected":false},"excerpt":{"rendered":"<p>La vainilla es mucho m\u00e1s que una especia;tanto si eres un pastelero apasionado, un amante de los helados gourmet o un profesional de la gastronom\u00eda, comprender los sabores de los principales or\u00edgenes de la vainilla es esencial para realzar tus creaciones. Sum\u00e9rgete en el fascinante mundo de los distintos or\u00edgenes de la vainilla y descubre c\u00f3mo cada terru\u00f1o influye en\u2026<\/p>\n","protected":false},"author":3,"featured_media":0,"parent":0,"menu_order":0,"comment_status":"closed","ping_status":"closed","template":"","meta":{"footnotes":""},"class_list":["post-57894","page","type-page","status-publish","hentry"],"aioseo_notices":[],"_links":{"self":[{"href":"https:\/\/mondevanille.com\/es\/wp-json\/wp\/v2\/pages\/57894","targetHints":{"allow":["GET"]}}],"collection":[{"href":"https:\/\/mondevanille.com\/es\/wp-json\/wp\/v2\/pages"}],"about":[{"href":"https:\/\/mondevanille.com\/es\/wp-json\/wp\/v2\/types\/page"}],"author":[{"embeddable":true,"href":"https:\/\/mondevanille.com\/es\/wp-json\/wp\/v2\/users\/3"}],"replies":[{"embeddable":true,"href":"https:\/\/mondevanille.com\/es\/wp-json\/wp\/v2\/comments?post=57894"}],"version-history":[{"count":0,"href":"https:\/\/mondevanille.com\/es\/wp-json\/wp\/v2\/pages\/57894\/revisions"}],"wp:attachment":[{"href":"https:\/\/mondevanille.com\/es\/wp-json\/wp\/v2\/media?parent=57894"}],"curies":[{"name":"wp","href":"https:\/\/api.w.org\/{rel}","templated":true}]}}