{"id":6770,"date":"2022-04-27T12:28:28","date_gmt":"2022-04-27T10:28:28","guid":{"rendered":"http:\/\/mondevanille.com\/notas-legales\/"},"modified":"2025-10-27T16:39:46","modified_gmt":"2025-10-27T15:39:46","slug":"mentions-legales","status":"publish","type":"page","link":"https:\/\/mondevanille.com\/es\/mentions-legales\/","title":{"rendered":"Notas legales"},"content":{"rendered":"\t\t<div data-elementor-type=\"wp-page\" data-elementor-id=\"6770\" class=\"elementor elementor-6770 elementor-4774\" data-elementor-post-type=\"page\">\n\t\t\t\t\t\t<div class=\"elementor-section elementor-top-section elementor-element elementor-element-7ff7400 elementor-section-boxed elementor-section-height-default elementor-section-height-default\" data-id=\"7ff7400\" data-element_type=\"section\" data-e-type=\"section\">\n\t\t\t\t\t\t<div class=\"elementor-container elementor-column-gap-default\">\n\t\t\t\t\t<div class=\"elementor-column elementor-col-100 elementor-top-column elementor-element elementor-element-e56f842\" data-id=\"e56f842\" data-element_type=\"column\" data-e-type=\"column\">\n\t\t\t<div class=\"elementor-widget-wrap elementor-element-populated\">\n\t\t\t\t\t\t<div class=\"elementor-element elementor-element-c0cb5ab elementor-widget elementor-widget-text-editor\" data-id=\"c0cb5ab\" data-element_type=\"widget\" data-e-type=\"widget\" data-widget_type=\"text-editor.default\">\n\t\t\t\t<div class=\"elementor-widget-container\">\n\t\t\t\t\t\t\t\t\t<p>El sitio web <span style=\"text-decoration: underline;\"><a href=\"https:\/\/www.mondevanille.com\">www.mondevanille.com<\/a><\/span> est\u00e1 publicado por :<\/p><p>AROM&#8217;ESSENCE SARL<br>ZA le Clos des Perdrix - C\u00f4te des Ch\u00e2taigniers<br>76700 GAINNEVILLE<\/p><p>LE MONDE DE LA VANILLE\u00bb es una marca registrada en el INPI con el n\u00ba 3300705<\/p><p>De conformidad con las disposiciones de la ley francesa n\u00ba 2004-575, de 21 de junio de 2004, sobre la confianza en la econom\u00eda digital, se informa a los usuarios y visitantes (en lo sucesivo, el \u00abUsuario\u00bb) del sitio web https:\/\/www.mondevanille.com (en lo sucesivo, el \u00abSitio\u00bb) del presente aviso legal.<br>La conexi\u00f3n y navegaci\u00f3n del Usuario en el Sitio implica la aceptaci\u00f3n plena y sin reservas del presente aviso legal.<\/p><p>Est\u00e1n disponibles en el Sitio bajo el t\u00edtulo \u00abInformaci\u00f3n legal\u00bb.<\/p><h3>EDICI\u00d3N DEL SITIO<\/h3><p>El Sitio es publicado por la sociedad AROM&#8217;ESSENCE, LE MONDE DE LA VANILLE con un capital de 107700 euros, inscrita en el Registro Mercantil B de Le Havre con el n\u00famero 447845348, cuyo domicilio social se encuentra en ZA LE Clos des Perdrix, Cote des Ch\u00e2taigniers 76700 Gainneville,<\/p><p>&gt; <strong>Tel\u00e9fono<\/strong>: 0235245220<\/p><p>&gt; <strong>Direcci\u00f3n de correo electr\u00f3nico<\/strong>: contact@mondevanille.com.<\/p><p>&gt; <strong>N\u00famero de IVA intracomunitario<\/strong>: FR17447845348<\/p><p>&gt; <strong>Director de la publicaci\u00f3n<\/strong>: Bruno AUBRUN<\/p><p>en adelante el<strong>\u00abEditor<\/strong>\u00ab.<\/p><p><span style=\"color: var(--site-heading-color); font-family: var(--site-secondary-font); font-size: 2.1rem; background-color: var(--site-bg-color);\">WEBMASTER<\/span><\/p><p><span style=\"font-size: inherit; background-color: var(--site-bg-color); color: var(--site-text-color); font-family: var(--site-main-font);\">El Sitio est\u00e1 alojado por EASYHOSTER, cuyo domicilio social est\u00e1 en Unit B, 3\/F, Kai Wan House, 146 Tung Choi Street, Mongkok, Kowloon 999077 Hong Kong.<\/span><\/p><h3><span style=\"color: var(--site-heading-color); font-family: var(--site-secondary-font); font-size: 2.1rem; background-color: var(--site-bg-color);\">ACCESO AL SITIO<\/span><\/h3><p>Normalmente, el Usuario puede acceder al Sitio en todo momento. No obstante, el Editor podr\u00e1, en cualquier momento, suspender, limitar o interrumpir el Sitio para, en particular, actualizar o modificar su contenido. El Editor no ser\u00e1 responsable en ning\u00fan caso de las posibles consecuencias de esta falta de disponibilidad en las actividades del Usuario.  <\/p><h3>RECOGIDA DE DATOS<\/h3><p>El Sitio garantiza que los datos personales del Usuario se recopilan y procesan respetando la privacidad, de conformidad con la Ley n.\u00ba 78-17, de 6 de enero de 1978, relativa a la Inform\u00e1tica, a los Ficheros y a las Libertades, y de conformidad con la normativa<strong>aplicable<\/strong> en materia de tratamiento de datos personales, de conformidad con el Reglamento (UE) 2016\/679 del Parlamento Europeo y del Consejo, de 27 de abril de 2016 (en lo sucesivo, conjuntamente, la<strong>\u00abNormativa aplicable en materia de protecci\u00f3n de datos personales<\/strong>\u00ab).<\/p><p>De conformidad con la normativa aplicable en materia de protecci\u00f3n de datos de car\u00e1cter personal, el Usuario tiene derecho a acceder, rectificar, suprimir y oponerse a sus datos personales. El Usuario puede ejercer este derecho: <\/p><ul><li>por correo electr\u00f3nico a rgpd@mondevanille.com<\/li><li>desde el formulario de contacto ;<\/li><li>de tu espacio personal ;<\/li><\/ul><p>Cualquier uso, reproducci\u00f3n, distribuci\u00f3n, comercializaci\u00f3n o modificaci\u00f3n de todo o parte del Sitio sin la autorizaci\u00f3n expresa del Editor est\u00e1 prohibido y puede dar lugar a acciones y procedimientos legales seg\u00fan lo dispuesto por la normativa vigente.<\/p><p>Para m\u00e1s informaci\u00f3n, consulta las Condiciones de venta del sitio web https:\/\/www.mondevanille.com, a las que puedes acceder a trav\u00e9s de la secci\u00f3n \u00abCondiciones de venta\u00bb.<\/p><p>Para m\u00e1s informaci\u00f3n sobre la protecci\u00f3n de datos personales, consulta la Carta sobre la protecci\u00f3n de datos personales en el sitio web https:\/\/www.mondevanille.com, a la que puedes acceder desde la secci\u00f3n \u00abDatos personales\u00bb.<\/p><p>Para m\u00e1s informaci\u00f3n sobre las cookies, consulta la Carta de Cookies del sitio web https:\/\/www.mondevanille.com, a la que puedes acceder en \u00abCookies\u00bb.<\/p><h3 style=\"font-family: Raleway, sans-serif; line-height: 1.1; color: #333333; margin-top: 20px; margin-bottom: 10px; font-size: 26px;\">Contactar<\/h3><p style=\"margin-bottom: 10px; color: #333333; font-family: Rokkitt, serif; font-size: 14px;\">Correo electr\u00f3nico : <a style=\"color: #502811;\" href=\"mailto:contact@mondevanille.com\">contact@mondevanille.com<br><\/a><\/p><h2 style=\"font-family: Raleway, sans-serif; line-height: 1.1; color: #333333; margin-top: 20px; margin-bottom: 10px; font-size: 26px;\"><span style=\"font-size: 12pt;\">Anfitri\u00f3n y <span style=\"color: inherit; font-family: inherit;\">registrador<\/span><\/span><\/h2><p style=\"margin-bottom: 10px; color: #333333; font-family: Rokkitt, serif; font-size: 14px;\">Todo el contenido del sitio (texto, sonido, im\u00e1genes, fotograf\u00edas, diagramas, logotipos, marcas, etc.) est\u00e1 protegido por la ley de propiedad intelectual.<br>A reserva de las excepciones legales previstas por el C\u00f3digo de la Propiedad Intelectual, toda reproducci\u00f3n y\/o comunicaci\u00f3n de todo o parte del contenido del sitio est\u00e1 sujeta a la autorizaci\u00f3n previa y expresa de SASU AROM&#8217;ESSENCE.<\/p><p style=\"margin-bottom: 10px; color: #333333; font-family: Rokkitt, serif; font-size: 14px;\">Este sitio utiliza Google Analytics, un servicio de an\u00e1lisis web proporcionado por Google Inc. (\u00bb Google \u00ab). Google Analytics utiliza cookies, que son archivos de texto ubicados en su computadora, para ayudar al sitio web a analizar c\u00f3mo los usuarios usan el sitio. Los datos que generan las cookies acerca de su uso del sitio (incluyendo su direcci\u00f3n IP) ser\u00e1n transmitidos y almacenados por Google en servidores ubicados en Estados Unidos. Google utilisera cette information dans le but d&#8217;\u00e9valuer votre utilisation du site, de compiler des rapports sur l&#8217;activit\u00e9 du site \u00e0 destination de son \u00e9diteur et de fournir d&#8217;autres services relatifs \u00e0 l&#8217;activit\u00e9 du site et \u00e0 l&#8217;utilisation d &#8216;Internet. Google puede comunicar estos datos a terceros en caso de obligaci\u00f3n legal o cuando estos terceros procesen estos datos en nombre de Google, incluido en particular el editor de este sitio. Google no combinar\u00e1 su direcci\u00f3n IP con ning\u00fan otro dato del que disponga Google. Puede deshabilitar el uso de cookies seleccionando la configuraci\u00f3n apropiada en su navegador. Sin embargo, dicha desactivaci\u00f3n podr\u00eda impedir el uso de ciertas funciones de este sitio. Al utilizar este sitio web, usted consiente expresamente el tratamiento de sus datos personales por parte de Google en las condiciones y para los fines descritos anteriormente.<\/p>\t\t\t\t\t\t\t\t<\/div>\n\t\t\t\t<\/div>\n\t\t\t\t\t<\/div>\n\t\t<\/div>\n\t\t\t\t\t<\/div>\n\t\t<\/div>\n\t\t\t\t<\/div>\n\t\t","protected":false},"excerpt":{"rendered":"<p>El sitio web www.mondevanille.com est\u00e1 publicado por : AROM&#8217;ESSENCE SARLZA le Clos des Perdrix - C\u00f4te des Ch\u00e2taigniers76700 GAINNEVILLE LE MONDE DE LA VANILLE\u00bb es una marca registrada en el INPI con el n\u00ba 3300705 De conformidad con las disposiciones de la ley francesa n\u00ba 2004-575, de 21 de junio de 2004, sobre la confianza en la econom\u00eda digital, se\u2026<\/p>\n","protected":false},"author":3,"featured_media":0,"parent":0,"menu_order":0,"comment_status":"closed","ping_status":"closed","template":"","meta":{"footnotes":""},"class_list":["post-6770","page","type-page","status-publish","hentry"],"aioseo_notices":[],"_links":{"self":[{"href":"https:\/\/mondevanille.com\/es\/wp-json\/wp\/v2\/pages\/6770","targetHints":{"allow":["GET"]}}],"collection":[{"href":"https:\/\/mondevanille.com\/es\/wp-json\/wp\/v2\/pages"}],"about":[{"href":"https:\/\/mondevanille.com\/es\/wp-json\/wp\/v2\/types\/page"}],"author":[{"embeddable":true,"href":"https:\/\/mondevanille.com\/es\/wp-json\/wp\/v2\/users\/3"}],"replies":[{"embeddable":true,"href":"https:\/\/mondevanille.com\/es\/wp-json\/wp\/v2\/comments?post=6770"}],"version-history":[{"count":0,"href":"https:\/\/mondevanille.com\/es\/wp-json\/wp\/v2\/pages\/6770\/revisions"}],"wp:attachment":[{"href":"https:\/\/mondevanille.com\/es\/wp-json\/wp\/v2\/media?parent=6770"}],"curies":[{"name":"wp","href":"https:\/\/api.w.org\/{rel}","templated":true}]}}