{"id":12195,"date":"2022-06-02T12:03:44","date_gmt":"2022-06-02T10:03:44","guid":{"rendered":"http:\/\/mondevanille.com\/produit\/vainilla-de-nueva-caledonia\/"},"modified":"2026-01-08T10:27:55","modified_gmt":"2026-01-08T09:27:55","slug":"vainilla-de-nueva-caledonia","status":"publish","type":"product","link":"https:\/\/mondevanille.com\/es\/producto\/vainilla-de-nueva-caledonia\/","title":{"rendered":"Vainilla de Nueva Caledonia"},"content":{"rendered":"<p>Vainilla Nueva Caledonia<\/p>\n<p>Vainilla muy atractiva, de aspecto aceitoso y graso, con notas de azahar y afrutada con toques de ciruela pasa que recuerdan a la vainilla de Tahit\u00ed. Una vainilla poco com\u00fan y at\u00edpica, para entendidos.<\/p>\n<p><em><strong>Encuentre las fichas t\u00e9cnicas, el certificado ecol\u00f3gico y los boletines de an\u00e1lisis en la pesta\u00f1a \u00abCOMPROMISO DE CALIDAD\u00bb de nuestro sitio web.<\/strong><\/em><\/p>\n","protected":false},"excerpt":{"rendered":"<p>Vainilla de Nueva Caledonia, una vainilla muy bonita de color aceitoso y graso, notas de azahar, ciruelas pasas afrutadas que recuerdan a la vainilla de Tahit\u00ed, una vainilla rara y at\u00edpica para los entendidos.<\/p>\n","protected":false},"featured_media":48299,"template":"","meta":[],"product_brand":[],"product_cat":[210,479,207,515],"product_tag":[],"class_list":{"0":"post-12195","1":"product","2":"type-product","3":"status-publish","4":"has-post-thumbnail","6":"product_cat-nuestro-confidencial","7":"product_cat-nueva-caledonia","8":"product_cat-origenes","9":"product_cat-vainilla-frances","11":"first","12":"instock","13":"taxable","14":"shipping-taxable","15":"purchasable","16":"product-type-variable","17":"wvs-archive-product-wrapper"},"aioseo_notices":[],"_links":{"self":[{"href":"https:\/\/mondevanille.com\/es\/wp-json\/wp\/v2\/product\/12195","targetHints":{"allow":["GET"]}}],"collection":[{"href":"https:\/\/mondevanille.com\/es\/wp-json\/wp\/v2\/product"}],"about":[{"href":"https:\/\/mondevanille.com\/es\/wp-json\/wp\/v2\/types\/product"}],"wp:featuredmedia":[{"embeddable":true,"href":"https:\/\/mondevanille.com\/es\/wp-json\/wp\/v2\/media\/48299"}],"wp:attachment":[{"href":"https:\/\/mondevanille.com\/es\/wp-json\/wp\/v2\/media?parent=12195"}],"wp:term":[{"taxonomy":"product_brand","embeddable":true,"href":"https:\/\/mondevanille.com\/es\/wp-json\/wp\/v2\/product_brand?post=12195"},{"taxonomy":"product_cat","embeddable":true,"href":"https:\/\/mondevanille.com\/es\/wp-json\/wp\/v2\/product_cat?post=12195"},{"taxonomy":"product_tag","embeddable":true,"href":"https:\/\/mondevanille.com\/es\/wp-json\/wp\/v2\/product_tag?post=12195"}],"curies":[{"name":"wp","href":"https:\/\/api.w.org\/{rel}","templated":true}]}}