{"id":12642,"date":"2022-07-05T13:43:19","date_gmt":"2022-07-05T11:43:19","guid":{"rendered":"http:\/\/mondevanille.com\/produit\/polvo-y-grano-agotados\/"},"modified":"2026-01-30T17:10:36","modified_gmt":"2026-01-30T16:10:36","slug":"polvo-y-granos","status":"publish","type":"product","link":"https:\/\/mondevanille.com\/es\/producto\/polvo-y-granos\/","title":{"rendered":"Polvo y grano usado"},"content":{"rendered":"<p><strong>Para utilizar como marcador visual de macarrones, helados, mermeladas&#8230;<\/strong><\/p>\n<p>no contiene grano usado \/\/ NO CONTIENE POLVO AROM\u00c1TICO<br \/>\n=&gt; para ser utilizado como marcador visual.<\/p>\n<p><em><strong>Acerca de la vainilla:<\/strong><\/em><br \/>\nComposici\u00f3n 100% de vainas negras de vainilla Bourbon<br \/>\nOrigen de las vainas utilizadas: Madagascar.<br \/>\nEnvasado en bolsa al vac\u00edo (1 y 5 kg) - bolsa de 25 kg herm\u00e9ticamente cerrada.<br \/>\nUso como marcador visual para macarrones, helados, mermeladas &#8230;..<\/p>\n<p>Las vainas de vainilla agotadas no tienen poder arom\u00e1tico, provienen del proceso de extracci\u00f3n, (operaci\u00f3n de trituraci\u00f3n de las vainas pulverizadas, separaci\u00f3n de los granos y desbacterizaci\u00f3n).<\/p>\n<p><em><strong>Encuentre las Fichas T\u00e9cnicas, el Certificado Org\u00e1nico y los Boletines de An\u00e1lisis en la pesta\u00f1a \u00abCOMPROMISO DE CALIDAD\u00bb de nuestra web.<\/strong><\/em><\/p>\n","protected":false},"excerpt":{"rendered":"<p>Para usar como marcador visual <strong>en macarrones, helados, mermeladas, etc.<\/strong><\/p>\n<p>no contiene granos usados \/\/ NO CONTIENE POLVO AROM\u00c1TICO<br \/>\n=&gt; para usar como marcador visual.<\/p>\n","protected":false},"featured_media":12686,"template":"","meta":[],"product_brand":[],"product_cat":[509,434],"product_tag":[],"class_list":{"0":"post-12642","1":"product","2":"type-product","3":"status-publish","4":"has-post-thumbnail","6":"product_cat-polvo","7":"product_cat-productos-transformados","9":"first","10":"instock","11":"taxable","12":"shipping-taxable","13":"purchasable","14":"product-type-variable","15":"wvs-archive-product-wrapper"},"aioseo_notices":[],"_links":{"self":[{"href":"https:\/\/mondevanille.com\/es\/wp-json\/wp\/v2\/product\/12642","targetHints":{"allow":["GET"]}}],"collection":[{"href":"https:\/\/mondevanille.com\/es\/wp-json\/wp\/v2\/product"}],"about":[{"href":"https:\/\/mondevanille.com\/es\/wp-json\/wp\/v2\/types\/product"}],"wp:featuredmedia":[{"embeddable":true,"href":"https:\/\/mondevanille.com\/es\/wp-json\/wp\/v2\/media\/12686"}],"wp:attachment":[{"href":"https:\/\/mondevanille.com\/es\/wp-json\/wp\/v2\/media?parent=12642"}],"wp:term":[{"taxonomy":"product_brand","embeddable":true,"href":"https:\/\/mondevanille.com\/es\/wp-json\/wp\/v2\/product_brand?post=12642"},{"taxonomy":"product_cat","embeddable":true,"href":"https:\/\/mondevanille.com\/es\/wp-json\/wp\/v2\/product_cat?post=12642"},{"taxonomy":"product_tag","embeddable":true,"href":"https:\/\/mondevanille.com\/es\/wp-json\/wp\/v2\/product_tag?post=12642"}],"curies":[{"name":"wp","href":"https:\/\/api.w.org\/{rel}","templated":true}]}}