{"id":13228,"date":"2022-07-05T15:20:59","date_gmt":"2022-07-05T13:20:59","guid":{"rendered":"http:\/\/mondevanille.com\/?post_type=product&#038;p=13228"},"modified":"2026-03-09T15:18:59","modified_gmt":"2026-03-09T14:18:59","slug":"vainilla-de-madagascar","status":"publish","type":"product","link":"https:\/\/mondevanille.com\/es\/producto\/vainilla-de-madagascar\/","title":{"rendered":"Vainilla Bourbon de Madagascar"},"content":{"rendered":"<p><span style=\"font-size: 10.5pt; font-family: 'Segoe UI',sans-serif; color: black;\">La vainilla <strong>Bourbon de <a href=\"https:\/\/fr.wikipedia.org\/wiki\/Madagascar\" target=\"_blank\" rel=\"noopener\">Madagascar<\/a><\/strong> es famosa en todo el mundo por su calidad superior y su fragancia embriagadora y delicada, con sutiles toques de cacao.  <\/span><\/p>\n<p style=\"margin: 0cm; text-align: justify; background: white;\"><span style=\"font-size: 10.5pt; font-family: 'Segoe UI',sans-serif; color: black;\">Cultivadas principalmente en el c\u00e1lido y h\u00famedo noroeste de la isla, desde la fertilizaci\u00f3n hasta el envasado, las vainas son cuidadosamente controladas y supervisadas por agricultores locales, que tienen una larga tradici\u00f3n de producci\u00f3n de calidad.<\/span><\/p>\n<p style=\"margin: 0cm; text-align: justify; background: white;\"><span style=\"font-size: 10.5pt; font-family: 'Segoe UI',sans-serif; color: black;\">Nuestra empresa se compromete a ofrecerte las mejores vainas de vainilla de <strong>Madagascar<\/strong>, cuidadosamente seleccionadas, recogidas a mano, maduradas al sol y almacenadas en troncos para permitir el desarrollo \u00f3ptimo de la vainillina, la principal mol\u00e9cula del sabor. <\/span><span style=\"color: black; font-family: 'Segoe UI', sans-serif; font-size: 10.5pt;\">Colaboramos estrechamente con agricultores locales y exportadores de confianza de <strong>Madagascar<\/strong> para garantizar que nuestros productos se cultivan de forma respetuosa con el medio ambiente, justa y \u00e9tica.<\/span><\/p>\n<p style=\"margin: 0cm; text-align: justify; background: white;\"><span style=\"font-size: 10.5pt; font-family: 'Segoe UI',sans-serif; color: black;\">Utiliza nuestra vainilla <strong>de<\/strong> Madagascar para aromatizar tus postres favoritos, pasteles, helados, cr\u00e8mes br\u00fbl\u00e9es, macarrones y mermeladas, o para a\u00f1adir un toque ex\u00f3tico a tus bebidas calientes.  <\/span><\/p>\n<p style=\"margin: 0cm; text-align: justify; background: white;\"><span style=\"font-size: 10.5pt; font-family: 'Segoe UI',sans-serif; color: black;\">Nuestra gama tambi\u00e9n incluye vainilla en polvo 100% natural, extractos de vainilla sin aditivos y az\u00facar avainillado. Todos estos productos est\u00e1n disponibles en nuestro sitio web en el formato que mejor se adapte a sus necesidades.<\/span><\/p>\n<p style=\"margin: 0cm; text-align: justify; background: white;\"><span style=\"font-size: 10.5pt; font-family: 'Segoe UI',sans-serif; color: black;\">Haga ahora su pedido en l\u00ednea y descubra las caracter\u00edsticas de nuestra vainilla de <strong>Madagascar<\/strong>.<\/span><\/p>\n<p><em><strong>Las Fichas T\u00e9cnicas, los Certificados Ecol\u00f3gicos y los<a title=\"An\u00e1lisis de productos\" href=\"https:\/\/mondevanille.com\/es\/analisis-de-productos\/\"> Boletines de An\u00e1lisis<\/a> se encuentran en la secci\u00f3n \u00abCOMPROMISO DE CALIDAD\u00bb de nuestro sitio web.<\/strong><\/em><\/p>\n<p><img decoding=\"async\" class=\"wp-image-63302 aligncenter\" src=\"https:\/\/mondevanille.com\/wp-content\/uploads\/2022\/07\/Madagascar-paysage.webp\" alt=\"Vainilla de Madagascar\" width=\"97\" height=\"137\" srcset=\"https:\/\/mondevanille.com\/wp-content\/uploads\/2022\/07\/Madagascar-paysage.webp 300w, https:\/\/mondevanille.com\/wp-content\/uploads\/2022\/07\/Madagascar-paysage-64x90.webp 64w\" sizes=\"(max-width: 97px) 100vw, 97px\" \/><\/p>\n","protected":false},"excerpt":{"rendered":"<p>La vainilla de referencia. <span style=\"font-size: 10.5pt; font-family: 'Segoe UI',sans-serif; color: black;\">La vainilla <strong>Bourbon de <a href=\"https:\/\/fr.wikipedia.org\/wiki\/Madagascar\" target=\"_blank\" rel=\"noopener\">Madagascar<\/a><\/strong> es famosa en todo el mundo por su calidad superior y su perfume embriagador y delicado, con sutiles notas de cacao. <\/span> <\/p>\n<p><em><strong>Aplicaci\u00f3n<\/strong> <\/em>Para: todo tipo de postres, platos calientes, maceraciones.<br \/>\nUna fragancia t\u00edpica de vainilla, con delicadas y sutiles notas de cacao.<\/p>\n<p>Afnor 5565-1 compatible. An\u00e1lisis microbiol\u00f3gicos y organol\u00e9pticos a petici\u00f3n.<\/p>\n<p><img decoding=\"async\" class=\" wp-image-50716\" src=\"https:\/\/mondevanille.com\/wp-content\/uploads\/2022\/12\/Offre-Speciale-e1696493874358.webp\" alt=\"\" width=\"69\" height=\"32\">  Este producto se beneficia de una oferta promocional <strong><a href=\"https:\/\/mondevanille.com\/es\/producto\/gousse-de-madagascar-professionnel\/?attribute_pa_quantite=1kg&#038;attribute_pa_taille=14-15\"><span style=\"color: #ff0000;\">&gt;&gt;aqu\u00ed&lt;&lt;<\/span><\/a>.<\/strong><\/p>\n<p><a title=\"Vainilla de Madagascar PROFESIONAL\" href=\"https:\/\/mondevanille.com\/es\/producto\/gousse-de-madagascar-professionnel\/\"><span style=\"color: #ff0000;\"><strong>&gt;&gt;M\u00e1s informaci\u00f3n sobre nuestras ofertas profesionales aqu\u00ed&lt;&lt;<\/strong><\/span><\/a><\/p>\n","protected":false},"featured_media":16458,"template":"","meta":[],"product_brand":[],"product_cat":[324,207],"product_tag":[],"class_list":{"0":"post-13228","1":"product","2":"type-product","3":"status-publish","4":"has-post-thumbnail","6":"product_cat-madagascar-es","7":"product_cat-origenes","9":"first","10":"instock","11":"sale","12":"featured","13":"taxable","14":"shipping-taxable","15":"purchasable","16":"product-type-variable","17":"wvs-archive-product-wrapper"},"aioseo_notices":[],"_links":{"self":[{"href":"https:\/\/mondevanille.com\/es\/wp-json\/wp\/v2\/product\/13228","targetHints":{"allow":["GET"]}}],"collection":[{"href":"https:\/\/mondevanille.com\/es\/wp-json\/wp\/v2\/product"}],"about":[{"href":"https:\/\/mondevanille.com\/es\/wp-json\/wp\/v2\/types\/product"}],"wp:featuredmedia":[{"embeddable":true,"href":"https:\/\/mondevanille.com\/es\/wp-json\/wp\/v2\/media\/16458"}],"wp:attachment":[{"href":"https:\/\/mondevanille.com\/es\/wp-json\/wp\/v2\/media?parent=13228"}],"wp:term":[{"taxonomy":"product_brand","embeddable":true,"href":"https:\/\/mondevanille.com\/es\/wp-json\/wp\/v2\/product_brand?post=13228"},{"taxonomy":"product_cat","embeddable":true,"href":"https:\/\/mondevanille.com\/es\/wp-json\/wp\/v2\/product_cat?post=13228"},{"taxonomy":"product_tag","embeddable":true,"href":"https:\/\/mondevanille.com\/es\/wp-json\/wp\/v2\/product_tag?post=13228"}],"curies":[{"name":"wp","href":"https:\/\/api.w.org\/{rel}","templated":true}]}}