{"id":14961,"date":"2022-08-23T16:21:20","date_gmt":"2022-08-23T14:21:20","guid":{"rendered":"https:\/\/mondevanille.com\/product\/madagascar-bourbon-bolsa-de-10-vainas-18-cm-bolsa-de-cierre-envio-gratis\/"},"modified":"2026-03-10T12:31:50","modified_gmt":"2026-03-10T11:31:50","slug":"promo-vanilla-madagascar-bourbon","status":"publish","type":"product","link":"https:\/\/mondevanille.com\/es\/producto\/promo-vanilla-madagascar-bourbon\/","title":{"rendered":"VANILLA BOURBON MADAGASCAR <br> 10 GOUSSES 18cm <br> ENTREGA GRATUITA"},"content":{"rendered":"<p>Lo m\u00e1s vendido: <a href=\"https:\/\/fr.wikipedia.org\/wiki\/Vanille\">Vanille<\/a> Madagascar BOURBON Pochette 10 gousses 18 cm - Sachet Fermable - PORT OFF FREE<\/p>\n<p>El segundo bolsillo con un 40% de descuento<\/p>\n<p><a href=\"https:\/\/mondevanille.com\/es\/producto\/promo-vanilla-madagascar-bourbon\/?attribute_quantite-pochette=5+pochettes+%2B+1+offerte\"><span style=\"color: #ff0000;\"><strong>5 bolsas compradas = 19,80 euros de descuento + una 6\u00aa bolsa gratis (a\u00f1adida autom\u00e1ticamente).<\/strong><\/span><\/a><\/p>\n<p><a href=\"https:\/\/mondevanille.com\/es\/producto\/promo-vanilla-madagascar-bourbon\/?attribute_quantite-pochette=10+pochettes+%2B2\"><span style=\"color: #ff0000;\"><strong>10 bolsas compradas = 49,50 euros de descuento + 2 bolsas gratuitas (a\u00f1adidas autom\u00e1ticamente).<\/strong><\/span><\/a><\/p>\n<p><a href=\"https:\/\/mondevanille.com\/es\/producto\/promo-vanilla-madagascar-bourbon\/?attribute_quantite-pochette=20+pochettes+%2B+5\"><span style=\"color: #ff0000;\"><strong>20 bolsas compradas = 99 euros de descuento + 5 bolsas gratis (a\u00f1adidas autom\u00e1ticamente).<\/strong><\/span><\/a><\/p>\n<p>Disponible en bolsa resellable para una mejor conservaci\u00f3n del producto.<\/p>\n<h6>Vainilla <strong>Bourbon de Madagascar,<\/strong> conocida en todo el mundo por su calidad superior y su fragancia embriagadora y delicada, con sutiles toques de cacao.<\/h6>\n<p>Cultivadas principalmente en el c\u00e1lido y h\u00famedo noroeste de la isla, desde la fertilizaci\u00f3n hasta el envasado, las vainas son cuidadosamente controladas y supervisadas por los agricultores locales, que tienen una larga tradici\u00f3n de producci\u00f3n de calidad.<\/p>\n<p>Nuestra empresa se compromete a ofrecerle las mejores gousses de vanille de <strong>Madagascar<\/strong>. Cuidadosamente seleccionadas, cosechadas a mano y curadas al sol. Luego, almacenadas en ba\u00fales para permitir el desarrollo \u00f3ptimo de la vainillina, la principal mol\u00e9cula arom\u00e1tica. Trabajamos en estrecha colaboraci\u00f3n con agricultores locales y exportadores de <strong>Madagascar<\/strong> para garantizar que nuestros productos se cultiven de manera ecol\u00f3gica, justa y \u00e9tica.   <\/p>\n<p>Utiliza nuestro producto para aromatizar tus postres favoritos, pasteles, helados, cr\u00e8mes br\u00fbl\u00e9es, macarrones y mermeladas, o para a\u00f1adir un toque ex\u00f3tico a tus bebidas calientes.<\/p>\n<p>Nuestra gama tambi\u00e9n incluye vainilla en polvo 100% natural, extractos de vainilla sin aditivos y az\u00facar avainillado. Todos estos productos se pueden encontrar en nuestro sitio web en el formato que necesites. <\/p>\n<p>Haga ahora su pedido en l\u00ednea y descubra las caracter\u00edsticas de nuestra vainilla de <strong>Madagascar<\/strong>. Descubre nuestras <a href=\"https:\/\/mondevanille.com\/es\/category\/receta-de-cocina\/\">recetas de cocina<\/a>.<\/p>\n<p><em><strong>Puedes encontrar las Fichas T\u00e9cnicas, el Certificado Ecol\u00f3gico y los Boletines de An\u00e1lisis en la secci\u00f3n \u00abCOMPROMISO DE CALIDAD\u00bb de nuestro sitio web.<\/strong><\/em><\/p>\n<p><img decoding=\"async\" class=\"size-full wp-image-59785 aligncenter\" src=\"https:\/\/mondevanille.com\/wp-content\/uploads\/2021\/02\/LMDV-LOGO.webp\" alt=\"vainilla\" width=\"150\" height=\"108\" srcset=\"https:\/\/mondevanille.com\/wp-content\/uploads\/2021\/02\/LMDV-LOGO.webp 150w, https:\/\/mondevanille.com\/wp-content\/uploads\/2021\/02\/LMDV-LOGO-64x46.webp 64w\" sizes=\"(max-width: 150px) 100vw, 150px\" \/><\/p>\n","protected":false},"excerpt":{"rendered":"<p>-40% de descuento en el segundo producto. Oferta acumulada. Entrega gratuita s\u00f3lo en Francia continental.<\/p>\n<p><span style=\"color: #800000;\"><a style=\"color: #800000;\" href=\"https:\/\/mondevanille.com\/es\/producto\/promo-vanilla-madagascar-bourbon\/?attribute_quantite-pochette=5+pochettes+%2B+1+offerte\"><strong>5 bolsas compradas = 19,80 euros de descuento + una 6\u00aa bolsa gratis (a\u00f1adida autom\u00e1ticamente).<\/strong><\/a><\/span><\/p>\n<p>Envasado al vac\u00edo en bolsitas de 10 vainas de 18 cm de Bourbon de Madagascar.<br \/>\nDisponible en bolsita resellable para una mejor conservaci\u00f3n del producto.<br \/>\nNegro calidad gourmet, sin partir. Afnor 5565-1 compatible<\/p>\n","protected":false},"featured_media":60581,"template":"","meta":[],"product_brand":[],"product_cat":[548,346,377,551,324,207],"product_tag":[],"class_list":{"0":"post-14961","1":"product","2":"type-product","3":"status-publish","4":"has-post-thumbnail","6":"product_cat-a-la-venta-es","7":"product_cat-acondicionamiento","8":"product_cat-bolso","9":"product_cat-entrega-gratuita","10":"product_cat-madagascar-es","11":"product_cat-origenes","13":"first","14":"instock","15":"sale","16":"taxable","17":"shipping-taxable","18":"purchasable","19":"product-type-variable","20":"wvs-archive-product-wrapper"},"aioseo_notices":[],"_links":{"self":[{"href":"https:\/\/mondevanille.com\/es\/wp-json\/wp\/v2\/product\/14961","targetHints":{"allow":["GET"]}}],"collection":[{"href":"https:\/\/mondevanille.com\/es\/wp-json\/wp\/v2\/product"}],"about":[{"href":"https:\/\/mondevanille.com\/es\/wp-json\/wp\/v2\/types\/product"}],"wp:featuredmedia":[{"embeddable":true,"href":"https:\/\/mondevanille.com\/es\/wp-json\/wp\/v2\/media\/60581"}],"wp:attachment":[{"href":"https:\/\/mondevanille.com\/es\/wp-json\/wp\/v2\/media?parent=14961"}],"wp:term":[{"taxonomy":"product_brand","embeddable":true,"href":"https:\/\/mondevanille.com\/es\/wp-json\/wp\/v2\/product_brand?post=14961"},{"taxonomy":"product_cat","embeddable":true,"href":"https:\/\/mondevanille.com\/es\/wp-json\/wp\/v2\/product_cat?post=14961"},{"taxonomy":"product_tag","embeddable":true,"href":"https:\/\/mondevanille.com\/es\/wp-json\/wp\/v2\/product_tag?post=14961"}],"curies":[{"name":"wp","href":"https:\/\/api.w.org\/{rel}","templated":true}]}}