{"id":15096,"date":"2022-08-24T15:12:09","date_gmt":"2022-08-24T13:12:09","guid":{"rendered":"https:\/\/mondevanille.com\/product\/bolsa-de-10-clavos-de-12-13-cm-especial-ron-arreglar\/"},"modified":"2026-01-05T16:16:28","modified_gmt":"2026-01-05T15:16:28","slug":"vainilla-rum-pod","status":"publish","type":"product","link":"https:\/\/mondevanille.com\/es\/producto\/vainilla-rum-pod\/","title":{"rendered":"<br> <br>Vanille BOURBON de Madagascar 10 Gousses Sp\u00e9cial Rhum Arrang\u00e9"},"content":{"rendered":"<p>BOLSA DE 10 CLAVOS 15 - 16 CM RON ESPECIAL ARREGLAR<\/p>\n<p>Vainilla Bourbon de Madagascar, vainas refinadas y arom\u00e1ticas de grado B con ligero moteado rojo. Se utiliza idealmente en maceraciones para ron, sangr\u00eda y ponche (utiliza de 1 a 2 clavos por litro de preparaci\u00f3n)<br \/>\nLas variedades de GRADO B son m\u00e1s secas que las gourmet. Para sus preparaciones de pasteler\u00eda, elija nuestra gama gourmet.<\/p>\n<p><span class=\"titre-a-propos\">A proposito:<\/span><\/p>\n<ul>\n<li>Bolsa de vac\u00edo de 10 vainas<\/li>\n<li>Cosecha madura Vainas negras, sin partir<\/li>\n<li>Disponible en cultivo convencional de 15 - 16 cm o ecol\u00f3gico de 12 - 13 cm<\/li>\n<li>Grado B: vainas m\u00e1s finas y menos carnosas que el grado gourmet A<\/li>\n<\/ul>\n<p>&nbsp;<\/p>\n<p><a title=\"Oferta de ron arreglado\" href=\"https:\/\/mondevanille.com\/es\/producto\/vainilla-rum-pod\/?attribute_type=OFFRE+2%3D3\"><img decoding=\"async\" src=\"https:\/\/mondevanille.com\/wp-content\/uploads\/2022\/12\/Offre-Speciale-e1696493874358.webp\" alt=\"\" width=\"65\" height=\"27\"> <strong>Compra 2 y ll\u00e9vate el 3\u00ba gratis<span style=\"color: #ff0000;\"> &gt;aqu\u00ed&lt;<\/span><\/strong><\/a><\/p>\n","protected":false},"excerpt":{"rendered":"<p>Vainilla Bourbon de Madagascar, vainas refinadas y arom\u00e1ticas de grado B con un ligero moteado rojo.<br \/>\nSe utiliza idealmente en maceraciones para ron, sangr\u00eda, ponche<br \/>\n(prever de 1 a 2 vainas por litro de preparaci\u00f3n)<br \/>\nLas calidades de GRADO B son m\u00e1s secas que las calidades gourmet.<br \/>\nPara tus preparaciones de reposter\u00eda, elige nuestra gama gourmet.<\/p>\n<p>Hay una receta disponible <a title=\"Ron A\u00f1ejo con Vainilla\" href=\"https:\/\/mondevanille.com\/es\/rhum-arrange-a-la-vanille\/\" target=\"_blank\" rel=\"noopener\"><strong>&gt;aqu\u00ed&lt;<\/strong><\/a><\/p>\n<p><a title=\"Oferta de ron arreglado\" href=\"https:\/\/mondevanille.com\/es\/producto\/vainilla-rum-pod\/?attribute_type=OFFRE+2%3D3\"><img decoding=\"async\" src=\"https:\/\/mondevanille.com\/wp-content\/uploads\/2022\/12\/Offre-Speciale-e1696493874358.webp\" alt=\"\" width=\"65\" height=\"27\"> <strong>Compra 2 y ll\u00e9vate el 3\u00ba gratis<span style=\"color: #ff0000;\"> &gt;aqu\u00ed&lt;<\/span><\/strong><\/a><\/p>\n","protected":false},"featured_media":60739,"template":"","meta":[],"product_brand":[],"product_cat":[548,377,783],"product_tag":[],"class_list":{"0":"post-15096","1":"product","2":"type-product","3":"status-publish","4":"has-post-thumbnail","6":"product_cat-a-la-venta-es","7":"product_cat-bolso","8":"product_cat-ofrecer","9":"product_shipping_class-entrega-gratuita","11":"first","12":"instock","13":"sale","14":"taxable","15":"shipping-taxable","16":"purchasable","17":"product-type-variable","18":"wvs-archive-product-wrapper"},"aioseo_notices":[],"_links":{"self":[{"href":"https:\/\/mondevanille.com\/es\/wp-json\/wp\/v2\/product\/15096","targetHints":{"allow":["GET"]}}],"collection":[{"href":"https:\/\/mondevanille.com\/es\/wp-json\/wp\/v2\/product"}],"about":[{"href":"https:\/\/mondevanille.com\/es\/wp-json\/wp\/v2\/types\/product"}],"wp:featuredmedia":[{"embeddable":true,"href":"https:\/\/mondevanille.com\/es\/wp-json\/wp\/v2\/media\/60739"}],"wp:attachment":[{"href":"https:\/\/mondevanille.com\/es\/wp-json\/wp\/v2\/media?parent=15096"}],"wp:term":[{"taxonomy":"product_brand","embeddable":true,"href":"https:\/\/mondevanille.com\/es\/wp-json\/wp\/v2\/product_brand?post=15096"},{"taxonomy":"product_cat","embeddable":true,"href":"https:\/\/mondevanille.com\/es\/wp-json\/wp\/v2\/product_cat?post=15096"},{"taxonomy":"product_tag","embeddable":true,"href":"https:\/\/mondevanille.com\/es\/wp-json\/wp\/v2\/product_tag?post=15096"}],"curies":[{"name":"wp","href":"https:\/\/api.w.org\/{rel}","templated":true}]}}