{"id":17179,"date":"2022-10-25T16:01:22","date_gmt":"2022-10-25T14:01:22","guid":{"rendered":"https:\/\/mondevanille.com\/produit\/discovery-package-4-origins-of-vanilla\/"},"modified":"2026-04-21T16:58:09","modified_gmt":"2026-04-21T14:58:09","slug":"pack-decouverte-4-origines-de-vanille","status":"publish","type":"product","link":"https:\/\/mondevanille.com\/es\/producto\/pack-decouverte-4-origines-de-vanille\/","title":{"rendered":"Pack descubrimiento <br>4 or\u00edgenes vainilla <br> Env\u00edo gratuito"},"content":{"rendered":"<p><strong><em>Tu paquete para descubrir la vaina de vainilla a un precio asequible<\/em>.<\/strong><\/p>\n<p>21 vainas de vainilla para 4 or\u00edgenes<\/p>\n<ul>\n<li style=\"list-style-type: none;\">\n<ul>1 bolsa de 10 vainas de vainilla de Pap\u00faa Nueva Guinea de 15\/16 cm<\/ul>\n<\/li>\n<li style=\"list-style-type: none;\">\n<ul>1 bolsa de 5 vainas de vainilla Bourbon de 15\/16 cm de Madagascar<\/ul>\n<\/li>\n<li style=\"list-style-type: none;\">\n<ul>1 bolsa de 5 vainas de vainilla Bourbon Comores de 16\/18 cm<\/ul>\n<ul>1 bolsa de vainas de vainilla de Tahit\u00ed (13\/14 cm)<\/ul>\n<\/li>\n<li style=\"list-style-type: none;\">\n<\/li>\n<\/ul>\n<p>Otras promociones disponibles <a title=\"promo\" href=\"\/?product_cat=en-promo\" target=\"_blank\" rel=\"noopener\"><span style=\"color: #ff0000;\"><strong>AQU\u00cd<\/strong><\/span><\/a><\/p>\n<p><em><strong>Encuentre las Fichas T\u00e9cnicas, el Certificado Org\u00e1nico y los Boletines de An\u00e1lisis en la pesta\u00f1a \u00abCOMPROMISO DE CALIDAD\u00bb de nuestra web.<\/strong><\/em><\/p>\n","protected":false},"excerpt":{"rendered":"<p><strong><em>Tu pack de descubrimiento de bajo coste<\/em>.  <\/strong><br \/>\n<strong>Entrega gratuita<\/strong><br \/>\n21 vainas para 4 or\u00edgenes:<\/p>\n<ul>\n<li>10 15\/16 cm Vainas de vainilla de Pap\u00faa Nueva Guinea<\/li>\n<li>  5 15\/16 cm vainas de vainilla Bourbon de Madagascar<\/li>\n<li>  5 vainas de vainilla Bourbon de Comoras (16\/18 cm)<\/li>\n<li>  1 vaina de vainilla de Tahit\u00ed (13\/14 cm)<\/li>\n<\/ul>\n<p>Otras ofertas disponibles <a title=\"Vainilla de Madagascar BOURBON 10 vainas 18cm Env\u00edo gratuito\" href=\"https:\/\/mondevanille.com\/es\/producto\/promo-vanilla-madagascar-bourbon\/\" target=\"_blank\" rel=\"noopener\"><span style=\"color: #ff0000;\"><strong>AQU\u00cd<\/strong><\/span><\/a><\/p>\n","protected":false},"featured_media":60628,"template":"","meta":[],"product_brand":[],"product_cat":[548,377,551,783],"product_tag":[],"class_list":{"0":"post-17179","1":"product","2":"type-product","3":"status-publish","4":"has-post-thumbnail","6":"product_cat-a-la-venta-es","7":"product_cat-bolso","8":"product_cat-entrega-gratuita","9":"product_cat-ofrecer","11":"first","12":"instock","13":"taxable","14":"shipping-taxable","15":"purchasable","16":"product-type-simple"},"aioseo_notices":[],"_links":{"self":[{"href":"https:\/\/mondevanille.com\/es\/wp-json\/wp\/v2\/product\/17179","targetHints":{"allow":["GET"]}}],"collection":[{"href":"https:\/\/mondevanille.com\/es\/wp-json\/wp\/v2\/product"}],"about":[{"href":"https:\/\/mondevanille.com\/es\/wp-json\/wp\/v2\/types\/product"}],"wp:featuredmedia":[{"embeddable":true,"href":"https:\/\/mondevanille.com\/es\/wp-json\/wp\/v2\/media\/60628"}],"wp:attachment":[{"href":"https:\/\/mondevanille.com\/es\/wp-json\/wp\/v2\/media?parent=17179"}],"wp:term":[{"taxonomy":"product_brand","embeddable":true,"href":"https:\/\/mondevanille.com\/es\/wp-json\/wp\/v2\/product_brand?post=17179"},{"taxonomy":"product_cat","embeddable":true,"href":"https:\/\/mondevanille.com\/es\/wp-json\/wp\/v2\/product_cat?post=17179"},{"taxonomy":"product_tag","embeddable":true,"href":"https:\/\/mondevanille.com\/es\/wp-json\/wp\/v2\/product_tag?post=17179"}],"curies":[{"name":"wp","href":"https:\/\/api.w.org\/{rel}","templated":true}]}}