{"id":42669,"date":"2022-11-04T13:22:05","date_gmt":"2022-11-04T12:22:05","guid":{"rendered":"https:\/\/mondevanille.com\/produit\/vainilla-en-polvo\/"},"modified":"2026-03-20T18:21:46","modified_gmt":"2026-03-20T17:21:46","slug":"vainilla-en-polvo","status":"publish","type":"product","link":"https:\/\/mondevanille.com\/es\/producto\/vainilla-en-polvo\/","title":{"rendered":"Vainilla <br> Polvo"},"content":{"rendered":"<p>Vainilla en polvo de Madagascar o Nueva Guinea, molida\/desbacterizada. Nuestro polvo es 100% <a href=\"https:\/\/fr.wikipedia.org\/wiki\/Vanille\" target=\"_blank\" rel=\"noopener\">vaina de vainilla<\/a>.<\/p>\n<p style=\"margin: 0cm; text-align: justify; background: white;\"><span style=\"font-size: 10.5pt; font-family: 'Segoe UI',sans-serif; color: black;\">La vainilla <strong>Bourbon de Madagascar<\/strong> es famosa en todo el mundo por su calidad superior, su fragancia embriagadora y delicada y sus sutiles notas de cacao.  <\/span><\/p>\n<p style=\"margin: 0cm; text-align: justify; background: white;\"><span style=\"font-size: 10.5pt; font-family: 'Segoe UI',sans-serif; color: black;\">Cultivadas principalmente en las regiones c\u00e1lidas y h\u00famedas del noroeste de la isla, desde la fertilizaci\u00f3n hasta el envasado, las vainas son cuidadosamente controladas y supervisadas por agricultores locales, que cuentan con una larga tradici\u00f3n en la producci\u00f3n de vainilla de calidad.<\/span><\/p>\n<p style=\"margin: 0cm; text-align: justify; background: white;\"><span style=\"font-size: 10.5pt; font-family: 'Segoe UI',sans-serif; color: black;\">Nuestra empresa se compromete a ofrecerte las mejores vainas de vainilla de <strong>Madagascar<\/strong>, cuidadosamente seleccionadas, recogidas a mano, maduradas al sol y almacenadas despu\u00e9s en troncos para permitir el desarrollo \u00f3ptimo de la vainillina, la principal mol\u00e9cula del sabor. <\/span><span style=\"color: black; font-family: 'Segoe UI', sans-serif; font-size: 10.5pt;\">Trabajamos en estrecha colaboraci\u00f3n con agricultores locales y exportadores reputados de <strong>Madagascar<\/strong> para garantizar que nuestros productos se cultivan de forma ecol\u00f3gica, justa y \u00e9tica.<\/span><\/p>\n<p style=\"margin: 0cm; text-align: justify; background: white;\"><span style=\"font-size: 10.5pt; font-family: 'Segoe UI',sans-serif; color: black;\">Utiliza nuestra vainilla <strong>de Madagascar<\/strong> en polvo para aromatizar tus postres favoritos, pasteles, helados, cr\u00e8mes br\u00fbl\u00e9es, macarrones y mermelada, o para dar un toque ex\u00f3tico a tus bebidas calientes.  <\/span><\/p>\n<p style=\"margin: 0cm; text-align: justify; background: white;\"><span style=\"font-size: 10.5pt; font-family: 'Segoe UI',sans-serif; color: black;\">Adem\u00e1s de vainas de vainilla, nuestra gama incluye vainilla en polvo 100% natural, extractos de vainilla (tambi\u00e9n sin aditivos) y az\u00facar avainillado. Todos estos productos est\u00e1n disponibles en nuestro sitio web en el formato que mejor se adapte a sus necesidades.<\/span><\/p>\n<p style=\"margin: 0cm; text-align: justify; background: white;\"><span style=\"font-size: 10.5pt; font-family: 'Segoe UI',sans-serif; color: black;\">Haga ahora su pedido en l\u00ednea y descubra las caracter\u00edsticas de nuestra vainilla de <strong>Madagascar<\/strong>.<\/span><\/p>\n<p>Tambi\u00e9n disponible en  <a title=\"Ecol\u00f3gico - Vainilla en polvoCertificado FR-BIO-10\" href=\"https:\/\/mondevanille.com\/es\/producto\/bio-vainilla-en-polvo\/\"><strong>BIO  <\/strong><img decoding=\"async\" src=\"https:\/\/mondevanille.com\/wp-content\/uploads\/2021\/02\/LogoABAurolong-100.webp\" alt=\"logo vainilla org\u00e1nica en polvo\" width=\"100\" height=\"43\"><\/a><\/p>\n<p><em><strong>Encuentre las Fichas T\u00e9cnicas, el Certificado Org\u00e1nico y los Boletines de An\u00e1lisis en la pesta\u00f1a \u00abCOMPROMISO DE CALIDAD\u00bb de nuestra web. <\/strong><\/em><\/p>\n","protected":false},"excerpt":{"rendered":"<p>Vainilla en polvo 100% molida \/ desbacterizada de vainas de <a href=\"https:\/\/fr.wikipedia.org\/wiki\/Vanille\" target=\"_blank\" rel=\"noopener\">vainilla<\/a>.<\/p>\n<p><strong>Envase<\/strong>: Envase al vac\u00edo \/ Tarro \/ Tubo.<br \/>\n<strong>Dosificaci\u00f3n:<\/strong> Seg\u00fan receta \/ 1 cucharada sopera = 1 vaina.<\/p>\n<p>Tambi\u00e9n disponible en <a title=\"Ecol\u00f3gico - Vainilla en polvoCertificado FR-BIO-10\" href=\"https:\/\/mondevanille.com\/es\/producto\/bio-vainilla-en-polvo\/\"><strong>BIO<\/strong><\/a><\/p>\n","protected":false},"featured_media":60839,"template":"","meta":[],"product_brand":[],"product_cat":[509,434,670],"product_tag":[],"class_list":{"0":"post-42669","1":"product","2":"type-product","3":"status-publish","4":"has-post-thumbnail","6":"product_cat-polvo","7":"product_cat-productos-transformados","8":"product_cat-profesionales","10":"first","11":"instock","12":"sale","13":"taxable","14":"shipping-taxable","15":"purchasable","16":"product-type-variable","17":"wvs-archive-product-wrapper"},"aioseo_notices":[],"_links":{"self":[{"href":"https:\/\/mondevanille.com\/es\/wp-json\/wp\/v2\/product\/42669","targetHints":{"allow":["GET"]}}],"collection":[{"href":"https:\/\/mondevanille.com\/es\/wp-json\/wp\/v2\/product"}],"about":[{"href":"https:\/\/mondevanille.com\/es\/wp-json\/wp\/v2\/types\/product"}],"wp:featuredmedia":[{"embeddable":true,"href":"https:\/\/mondevanille.com\/es\/wp-json\/wp\/v2\/media\/60839"}],"wp:attachment":[{"href":"https:\/\/mondevanille.com\/es\/wp-json\/wp\/v2\/media?parent=42669"}],"wp:term":[{"taxonomy":"product_brand","embeddable":true,"href":"https:\/\/mondevanille.com\/es\/wp-json\/wp\/v2\/product_brand?post=42669"},{"taxonomy":"product_cat","embeddable":true,"href":"https:\/\/mondevanille.com\/es\/wp-json\/wp\/v2\/product_cat?post=42669"},{"taxonomy":"product_tag","embeddable":true,"href":"https:\/\/mondevanille.com\/es\/wp-json\/wp\/v2\/product_tag?post=42669"}],"curies":[{"name":"wp","href":"https:\/\/api.w.org\/{rel}","templated":true}]}}