{"id":46360,"date":"2022-12-23T10:51:07","date_gmt":"2022-12-23T09:51:07","guid":{"rendered":"https:\/\/mondevanille.com\/?post_type=product&#038;p=46360"},"modified":"2025-08-01T13:54:13","modified_gmt":"2025-08-01T11:54:13","slug":"gousse-de-nouvelle-guinee-professionnel","status":"publish","type":"product","link":"https:\/\/mondevanille.com\/es\/producto\/gousse-de-nouvelle-guinee-professionnel\/","title":{"rendered":"<br><br>Vaina de vainilla Pap\u00faa Nueva Guinea PROFESIONAL"},"content":{"rendered":"<p>En Pap\u00faa Nueva Guinea se cultivan las variedades Tahitensis y Planifolia. Muy diferente de su hom\u00f3loga tahitiana, la Vainilla Tahitensis producida en Nueva Guinea es m\u00e1s picante y especiada, y algunos lotes tienen una nariz anisada y un sabor a frutos secos tostados al cocinarlos. La expresi\u00f3n de la vainillina natural sigue siendo com\u00fan en las vainas y aparece en forma de manchas blancas. Es una vainilla muy vers\u00e1til, que combina perfectamente con platos calientes, carnes blancas, pescados y salsas.<\/p>\n<p><em><strong>Encuentre las Fichas T\u00e9cnicas, el Certificado Org\u00e1nico y los Boletines de An\u00e1lisis en la pesta\u00f1a \u00abCOMPROMISO DE CALIDAD\u00bb de nuestra web.<\/strong><\/em><\/p>\n","protected":false},"excerpt":{"rendered":"<p>Es una vainilla vers\u00e1til, ideal para acompa\u00f1ar platos calientes, carnes blancas, pescados y salsas, as\u00ed como para aromatizar todo tipo de postres.<br \/>\nEnvasado econ\u00f3mico en bolsas de vac\u00edo de 0,250 kg a 25 kg.<br \/>\nOrigen garantizado. Cumple la norma afnor 5565-1.<br \/>\nNuestros precios incluyen el IVA - entrega gratuita en Francia para pedidos superiores a 50 euros.<br \/>\nTambi\u00e9n disponible en<span style=\"color: #993300;\"> <a style=\"color: #993300;\" title=\"Org\u00e1nica - Vainilla por kilo\" href=\"https:\/\/mondevanille.com\/es\/producto\/vainilla-en-un-kilo-bio\/\">&gt;&gt;BIO&lt;&lt;<\/a><\/span> <\/p>\n","protected":false},"featured_media":47855,"template":"","meta":[],"product_brand":[],"product_cat":[670],"product_tag":[],"class_list":{"0":"post-46360","1":"product","2":"type-product","3":"status-publish","4":"has-post-thumbnail","6":"product_cat-profesionales","8":"first","9":"instock","10":"sale","11":"taxable","12":"shipping-taxable","13":"purchasable","14":"product-type-variable","15":"wvs-archive-product-wrapper"},"aioseo_notices":[],"_links":{"self":[{"href":"https:\/\/mondevanille.com\/es\/wp-json\/wp\/v2\/product\/46360","targetHints":{"allow":["GET"]}}],"collection":[{"href":"https:\/\/mondevanille.com\/es\/wp-json\/wp\/v2\/product"}],"about":[{"href":"https:\/\/mondevanille.com\/es\/wp-json\/wp\/v2\/types\/product"}],"wp:featuredmedia":[{"embeddable":true,"href":"https:\/\/mondevanille.com\/es\/wp-json\/wp\/v2\/media\/47855"}],"wp:attachment":[{"href":"https:\/\/mondevanille.com\/es\/wp-json\/wp\/v2\/media?parent=46360"}],"wp:term":[{"taxonomy":"product_brand","embeddable":true,"href":"https:\/\/mondevanille.com\/es\/wp-json\/wp\/v2\/product_brand?post=46360"},{"taxonomy":"product_cat","embeddable":true,"href":"https:\/\/mondevanille.com\/es\/wp-json\/wp\/v2\/product_cat?post=46360"},{"taxonomy":"product_tag","embeddable":true,"href":"https:\/\/mondevanille.com\/es\/wp-json\/wp\/v2\/product_tag?post=46360"}],"curies":[{"name":"wp","href":"https:\/\/api.w.org\/{rel}","templated":true}]}}